{"id":5445,"date":"2025-05-30T21:40:16","date_gmt":"2025-05-31T00:40:16","guid":{"rendered":"https:\/\/vohnabrindes.com.br\/?post_type=product&#038;p=5445"},"modified":"2025-05-30T21:40:19","modified_gmt":"2025-05-31T00:40:19","slug":"kit-ecologico-caneta-e-lapiseira-cortica-personalizada","status":"publish","type":"product","link":"https:\/\/vohnabrindes.com.br\/index.php\/product\/kit-ecologico-caneta-e-lapiseira-cortica-personalizada\/","title":{"rendered":"Kit Ecol\u00f3gico Caneta e Lapiseira Corti\u00e7a personalizada."},"content":{"rendered":"<pre id=\"item_referencia\">06083<\/pre>\n<p class=\"produto-nome\">Kit Ecol\u00f3gico Caneta e Lapiseira Corti\u00e7a personalizada.<\/p>\n<div class=\"caracs\">\n<div class=\"desc\">\n<p class=\"desc-tit\"><span class=\"desc-sub my-desc-sub\">Kit ecol\u00f3gico, caneta e lapiseira de corti\u00e7a com estojo de papel\u00e3o. Carga esferogr\u00e1fica azul. Acionamento por clique.<\/span><\/p>\n<\/div>\n<div class=\"desc\">\n<p class=\"desc-tit\">Largura<span class=\"desc-sub\">\u00a0:\u00a0 5,2 cm<\/span><\/p>\n<\/div>\n<div class=\"desc\">\n<p class=\"desc-tit\">Profundidade<span class=\"desc-sub\">\u00a0:\u00a0 2,3 cm<\/span><\/p>\n<\/div>\n<div class=\"desc\">\n<p class=\"desc-tit\">Comprimento<span class=\"desc-sub\">\u00a0:\u00a0 17,2 cm<\/span><\/p>\n<\/div>\n<div class=\"desc\">\n<p class=\"desc-tit\">Medidas aproximadas para grava\u00e7\u00e3o<span class=\"desc-sub\">\u00a0(CxL):\u00a0 3 cm x 0,5 cm<\/span><\/p>\n<\/div>\n<div class=\"desc\">\n<p class=\"desc-tit\">Tamanho total aproximado\u00a0<span class=\"desc-sub\">\u00a0(CxL):\u00a0 caneta: 13,9 cm x 1,1 cm \/ lapiseira: 13,8 cm x 1,3 cm<\/span><\/p>\n<\/div>\n<div class=\"desc\">\n<p class=\"desc-tit\">Peso aproximado<span class=\"desc-sub\">\u00a0(g):\u00a0 35<\/span><\/p>\n<\/div>\n<\/div>\n","protected":false},"excerpt":{"rendered":"<p>06083 Kit Ecol\u00f3gico Caneta e Lapiseira Corti\u00e7a personalizada. Kit ecol\u00f3gico, caneta e lapiseira de corti\u00e7a com estojo de papel\u00e3o. Carga esferogr\u00e1fica azul. Acionamento por clique. Largura\u00a0:\u00a0<span class=\"excerpt-hellip\"> [\u2026]<\/span><\/p>\n","protected":false},"featured_media":2926,"comment_status":"open","ping_status":"closed","template":"","meta":[],"product_cat":[928,126],"product_tag":[981,982,983],"class_list":["post-5445","product","type-product","status-publish","has-post-thumbnail","hentry","product_cat-conjunto-caneta-com-lapiseira","product_cat-linha-ecologica","product_tag-conjunto-caneta-e-lapiseira-pesonalizada","product_tag-kit-ecologico-caneta-e-lapiseira","product_tag-kit-ecologico-caneta-e-lapiseira-cortica-personalizada"],"_links":{"self":[{"href":"https:\/\/vohnabrindes.com.br\/index.php\/wp-json\/wp\/v2\/product\/5445","targetHints":{"allow":["GET"]}}],"collection":[{"href":"https:\/\/vohnabrindes.com.br\/index.php\/wp-json\/wp\/v2\/product"}],"about":[{"href":"https:\/\/vohnabrindes.com.br\/index.php\/wp-json\/wp\/v2\/types\/product"}],"replies":[{"embeddable":true,"href":"https:\/\/vohnabrindes.com.br\/index.php\/wp-json\/wp\/v2\/comments?post=5445"}],"version-history":[{"count":1,"href":"https:\/\/vohnabrindes.com.br\/index.php\/wp-json\/wp\/v2\/product\/5445\/revisions"}],"predecessor-version":[{"id":5475,"href":"https:\/\/vohnabrindes.com.br\/index.php\/wp-json\/wp\/v2\/product\/5445\/revisions\/5475"}],"wp:featuredmedia":[{"embeddable":true,"href":"https:\/\/vohnabrindes.com.br\/index.php\/wp-json\/wp\/v2\/media\/2926"}],"wp:attachment":[{"href":"https:\/\/vohnabrindes.com.br\/index.php\/wp-json\/wp\/v2\/media?parent=5445"}],"wp:term":[{"taxonomy":"product_cat","embeddable":true,"href":"https:\/\/vohnabrindes.com.br\/index.php\/wp-json\/wp\/v2\/product_cat?post=5445"},{"taxonomy":"product_tag","embeddable":true,"href":"https:\/\/vohnabrindes.com.br\/index.php\/wp-json\/wp\/v2\/product_tag?post=5445"}],"curies":[{"name":"wp","href":"https:\/\/api.w.org\/{rel}","templated":true}]}}