{"id":5446,"date":"2025-05-30T21:40:17","date_gmt":"2025-05-31T00:40:17","guid":{"rendered":"https:\/\/vohnabrindes.com.br\/?post_type=product&#038;p=5446"},"modified":"2025-05-30T21:40:19","modified_gmt":"2025-05-31T00:40:19","slug":"cooler-termico-62-litros-personalizado","status":"publish","type":"product","link":"https:\/\/vohnabrindes.com.br\/index.php\/product\/cooler-termico-62-litros-personalizado\/","title":{"rendered":"Cooler T\u00e9rmico 62 Litros personalizado."},"content":{"rendered":"<pre id=\"item_referencia\">07020<\/pre>\n<p class=\"produto-nome\">Cooler T\u00e9rmico 62 Litros personalizado.<\/p>\n<div class=\"caracs\">\n<div class=\"desc\">\n<p class=\"desc-tit\"><span class=\"desc-sub my-desc-sub\">O cooler perfeito para eventos ao ar livre! Com uma impressionante capacidade de 62 litros, este cooler \u00e9 produzido em poli\u00e9ster com revestimento t\u00e9rmico em PEVA at\u00f3xico e soldado, garantindo que n\u00e3o haja vazamentos. Ideal para festas, ele cumpre perfeitamente o papel de manter as bebidas geladas, podendo at\u00e9 mesmo adicionar gelo em seu interior. Para preservar ainda mais a temperatura durante o uso, h\u00e1 uma pequena tampa de f\u00e1cil acesso, evitando a necessidade de abrir o cooler completamente. Com um pedestal met\u00e1lico de manuseio pr\u00e1tico e sustenta\u00e7\u00e3o firme, o cooler acompanha um estojo de poli\u00e9ster para manter tudo organizado e pronto para o pr\u00f3ximo evento.<\/span><\/p>\n<\/div>\n<div class=\"desc\">\n<p class=\"desc-tit\">Altura<span class=\"desc-sub\">\u00a0:\u00a0 80 cm<\/span><\/p>\n<\/div>\n<div class=\"desc\">\n<p class=\"desc-tit\">Largura<span class=\"desc-sub\">\u00a0:\u00a0 46 cm<\/span><\/p>\n<\/div>\n<div class=\"desc\">\n<p class=\"desc-tit\">Profundidade<span class=\"desc-sub\">\u00a0:\u00a0 45 cm<\/span><\/p>\n<\/div>\n<div class=\"desc\">\n<p class=\"desc-tit\">Medidas aproximadas para grava\u00e7\u00e3o<span class=\"desc-sub\">\u00a0(CxL):\u00a0 16 cm x 16 cm<\/span><\/p>\n<\/div>\n<div class=\"desc\">\n<p class=\"desc-tit\">Peso aproximado<span class=\"desc-sub\">\u00a0(g):\u00a0 2195<\/span><\/p>\n<\/div>\n<\/div>\n","protected":false},"excerpt":{"rendered":"<p>07020 Cooler T\u00e9rmico 62 Litros personalizado. O cooler perfeito para eventos ao ar livre! Com uma impressionante capacidade de 62 litros, este cooler \u00e9 produzido em<span class=\"excerpt-hellip\"> [\u2026]<\/span><\/p>\n","protected":false},"featured_media":2928,"comment_status":"open","ping_status":"closed","template":"","meta":[],"product_cat":[145,152],"product_tag":[358,984,985],"class_list":["post-5446","product","type-product","status-publish","has-post-thumbnail","hentry","product_cat-bolsas-termicas-e-coolers","product_cat-lancamentos","product_tag-bolsa-termica-personalizada","product_tag-cooler-termico","product_tag-cooler-termico-62-litros-personalizado"],"_links":{"self":[{"href":"https:\/\/vohnabrindes.com.br\/index.php\/wp-json\/wp\/v2\/product\/5446","targetHints":{"allow":["GET"]}}],"collection":[{"href":"https:\/\/vohnabrindes.com.br\/index.php\/wp-json\/wp\/v2\/product"}],"about":[{"href":"https:\/\/vohnabrindes.com.br\/index.php\/wp-json\/wp\/v2\/types\/product"}],"replies":[{"embeddable":true,"href":"https:\/\/vohnabrindes.com.br\/index.php\/wp-json\/wp\/v2\/comments?post=5446"}],"version-history":[{"count":1,"href":"https:\/\/vohnabrindes.com.br\/index.php\/wp-json\/wp\/v2\/product\/5446\/revisions"}],"predecessor-version":[{"id":5476,"href":"https:\/\/vohnabrindes.com.br\/index.php\/wp-json\/wp\/v2\/product\/5446\/revisions\/5476"}],"wp:featuredmedia":[{"embeddable":true,"href":"https:\/\/vohnabrindes.com.br\/index.php\/wp-json\/wp\/v2\/media\/2928"}],"wp:attachment":[{"href":"https:\/\/vohnabrindes.com.br\/index.php\/wp-json\/wp\/v2\/media?parent=5446"}],"wp:term":[{"taxonomy":"product_cat","embeddable":true,"href":"https:\/\/vohnabrindes.com.br\/index.php\/wp-json\/wp\/v2\/product_cat?post=5446"},{"taxonomy":"product_tag","embeddable":true,"href":"https:\/\/vohnabrindes.com.br\/index.php\/wp-json\/wp\/v2\/product_tag?post=5446"}],"curies":[{"name":"wp","href":"https:\/\/api.w.org\/{rel}","templated":true}]}}