{"id":5449,"date":"2025-05-30T21:40:17","date_gmt":"2025-05-31T00:40:17","guid":{"rendered":"https:\/\/vohnabrindes.com.br\/?post_type=product&#038;p=5449"},"modified":"2025-05-30T21:40:19","modified_gmt":"2025-05-31T00:40:19","slug":"kit-executivo-ecologico-3-pecas-personalizado","status":"publish","type":"product","link":"https:\/\/vohnabrindes.com.br\/index.php\/product\/kit-executivo-ecologico-3-pecas-personalizado\/","title":{"rendered":"Kit Executivo Ecol\u00f3gico 3 Pe\u00e7as personalizado."},"content":{"rendered":"<p>&nbsp;<\/p>\n<pre id=\"item_referencia\">07048<\/pre>\n<p class=\"produto-nome\">Kit Executivo Ecol\u00f3gico 3 Pe\u00e7as personalizado.<\/p>\n<div class=\"caracs\">\n<div class=\"desc\">\n<p class=\"desc-tit\"><span class=\"desc-sub my-desc-sub\">Kit executivo ecol\u00f3gico 3 pe\u00e7as em estojo de papel\u00e3o. Cont\u00e9m: chaveiro de bambu com detalhe em metal, caderneta em bambu, capa dura, com aproximadamente 65 folhas brancas pautadas, caneta de bambu com clipe met\u00e1lico, el\u00e1stico para lacre e suporte para caneta em nylon.<\/span><\/p>\n<\/div>\n<div class=\"desc\">\n<p class=\"desc-tit\">Largura<span class=\"desc-sub\">\u00a0:\u00a0 19,3 cm<\/span><\/p>\n<\/div>\n<div class=\"desc\">\n<p class=\"desc-tit\">Profundidade<span class=\"desc-sub\">\u00a0:\u00a0 2,9 cm<\/span><\/p>\n<\/div>\n<div class=\"desc\">\n<p class=\"desc-tit\">Comprimento<span class=\"desc-sub\">\u00a0:\u00a0 25,3 cm<\/span><\/p>\n<\/div>\n<div class=\"desc\">\n<p class=\"desc-tit\">Medidas aproximadas para grava\u00e7\u00e3o<span class=\"desc-sub\">\u00a0(CxL):\u00a0 18 cm x 24 cm<\/span><\/p>\n<\/div>\n<div class=\"desc\">\n<p class=\"desc-tit\">Peso aproximado<span class=\"desc-sub\">\u00a0(g):\u00a0 409<\/span><\/p>\n<\/div>\n<\/div>\n","protected":false},"excerpt":{"rendered":"<p>&nbsp; 07048 Kit Executivo Ecol\u00f3gico 3 Pe\u00e7as personalizado. Kit executivo ecol\u00f3gico 3 pe\u00e7as em estojo de papel\u00e3o. Cont\u00e9m: chaveiro de bambu com detalhe em metal, caderneta<span class=\"excerpt-hellip\"> [\u2026]<\/span><\/p>\n","protected":false},"featured_media":2938,"comment_status":"open","ping_status":"closed","template":"","meta":[],"product_cat":[165],"product_tag":[697,989],"class_list":["post-5449","product","type-product","status-publish","has-post-thumbnail","hentry","product_cat-escritorio-e-conjuntos-executivos","product_tag-kit-escritorio-personalizado","product_tag-kit-executivo-ecologico-3-pecas-personalizado"],"_links":{"self":[{"href":"https:\/\/vohnabrindes.com.br\/index.php\/wp-json\/wp\/v2\/product\/5449","targetHints":{"allow":["GET"]}}],"collection":[{"href":"https:\/\/vohnabrindes.com.br\/index.php\/wp-json\/wp\/v2\/product"}],"about":[{"href":"https:\/\/vohnabrindes.com.br\/index.php\/wp-json\/wp\/v2\/types\/product"}],"replies":[{"embeddable":true,"href":"https:\/\/vohnabrindes.com.br\/index.php\/wp-json\/wp\/v2\/comments?post=5449"}],"version-history":[{"count":1,"href":"https:\/\/vohnabrindes.com.br\/index.php\/wp-json\/wp\/v2\/product\/5449\/revisions"}],"predecessor-version":[{"id":5479,"href":"https:\/\/vohnabrindes.com.br\/index.php\/wp-json\/wp\/v2\/product\/5449\/revisions\/5479"}],"wp:featuredmedia":[{"embeddable":true,"href":"https:\/\/vohnabrindes.com.br\/index.php\/wp-json\/wp\/v2\/media\/2938"}],"wp:attachment":[{"href":"https:\/\/vohnabrindes.com.br\/index.php\/wp-json\/wp\/v2\/media?parent=5449"}],"wp:term":[{"taxonomy":"product_cat","embeddable":true,"href":"https:\/\/vohnabrindes.com.br\/index.php\/wp-json\/wp\/v2\/product_cat?post=5449"},{"taxonomy":"product_tag","embeddable":true,"href":"https:\/\/vohnabrindes.com.br\/index.php\/wp-json\/wp\/v2\/product_tag?post=5449"}],"curies":[{"name":"wp","href":"https:\/\/api.w.org\/{rel}","templated":true}]}}