{"id":5455,"date":"2025-05-30T21:40:17","date_gmt":"2025-05-31T00:40:17","guid":{"rendered":"https:\/\/vohnabrindes.com.br\/?post_type=product&#038;p=5455"},"modified":"2025-05-30T21:40:20","modified_gmt":"2025-05-31T00:40:20","slug":"necessaire-nylon-personalizada","status":"publish","type":"product","link":"https:\/\/vohnabrindes.com.br\/index.php\/product\/necessaire-nylon-personalizada\/","title":{"rendered":"N\u00e9cessaire Nylon personalizada."},"content":{"rendered":"<pre id=\"item_referencia\">15121<\/pre>\n<p class=\"produto-nome\">N\u00e9cessaire Nylon personalizada.<\/p>\n<div class=\"caracs\">\n<div class=\"desc\">\n<p class=\"desc-tit\"><span class=\"desc-sub my-desc-sub\">N\u00e9cessaire de nylon com al\u00e7a pequena para acesso de chaveiro ou gancho.<\/span><\/p>\n<\/div>\n<div class=\"desc\">\n<p class=\"desc-tit\">Altura<span class=\"desc-sub\">\u00a0:\u00a0 11 cm<\/span><\/p>\n<\/div>\n<div class=\"desc\">\n<p class=\"desc-tit\">Largura<span class=\"desc-sub\">\u00a0:\u00a0 18,8 cm<\/span><\/p>\n<\/div>\n<div class=\"desc\">\n<p class=\"desc-tit\">Medidas aproximadas para grava\u00e7\u00e3o<span class=\"desc-sub\">\u00a0(CxL):\u00a0 7 cm x 12 cm<\/span><\/p>\n<\/div>\n<div class=\"desc\">\n<p class=\"desc-tit\">Peso aproximado<span class=\"desc-sub\">\u00a0(g):\u00a0 32<\/span><\/p>\n<\/div>\n<\/div>\n","protected":false},"excerpt":{"rendered":"<p>15121 N\u00e9cessaire Nylon personalizada. N\u00e9cessaire de nylon com al\u00e7a pequena para acesso de chaveiro ou gancho. Altura\u00a0:\u00a0 11 cm Largura\u00a0:\u00a0 18,8 cm Medidas aproximadas para grava\u00e7\u00e3o\u00a0(CxL):\u00a0<span class=\"excerpt-hellip\"> [\u2026]<\/span><\/p>\n","protected":false},"featured_media":0,"comment_status":"open","ping_status":"closed","template":"","meta":[],"product_cat":[783],"product_tag":[991,786],"class_list":["post-5455","product","type-product","status-publish","hentry","product_cat-necessaires","product_tag-necessaire-nylon-personalizada","product_tag-necessaire-personalizada"],"_links":{"self":[{"href":"https:\/\/vohnabrindes.com.br\/index.php\/wp-json\/wp\/v2\/product\/5455","targetHints":{"allow":["GET"]}}],"collection":[{"href":"https:\/\/vohnabrindes.com.br\/index.php\/wp-json\/wp\/v2\/product"}],"about":[{"href":"https:\/\/vohnabrindes.com.br\/index.php\/wp-json\/wp\/v2\/types\/product"}],"replies":[{"embeddable":true,"href":"https:\/\/vohnabrindes.com.br\/index.php\/wp-json\/wp\/v2\/comments?post=5455"}],"version-history":[{"count":1,"href":"https:\/\/vohnabrindes.com.br\/index.php\/wp-json\/wp\/v2\/product\/5455\/revisions"}],"predecessor-version":[{"id":5485,"href":"https:\/\/vohnabrindes.com.br\/index.php\/wp-json\/wp\/v2\/product\/5455\/revisions\/5485"}],"wp:attachment":[{"href":"https:\/\/vohnabrindes.com.br\/index.php\/wp-json\/wp\/v2\/media?parent=5455"}],"wp:term":[{"taxonomy":"product_cat","embeddable":true,"href":"https:\/\/vohnabrindes.com.br\/index.php\/wp-json\/wp\/v2\/product_cat?post=5455"},{"taxonomy":"product_tag","embeddable":true,"href":"https:\/\/vohnabrindes.com.br\/index.php\/wp-json\/wp\/v2\/product_tag?post=5455"}],"curies":[{"name":"wp","href":"https:\/\/api.w.org\/{rel}","templated":true}]}}