{"id":5461,"date":"2025-05-30T21:40:17","date_gmt":"2025-05-31T00:40:17","guid":{"rendered":"https:\/\/vohnabrindes.com.br\/?post_type=product&#038;p=5461"},"modified":"2025-05-30T21:40:20","modified_gmt":"2025-05-31T00:40:20","slug":"power-bank-4-000mah-com-lanterna","status":"publish","type":"product","link":"https:\/\/vohnabrindes.com.br\/index.php\/product\/power-bank-4-000mah-com-lanterna\/","title":{"rendered":"Power Bank 4.000mAh com Lanterna."},"content":{"rendered":"<pre id=\"item_referencia\">07057<\/pre>\n<p class=\"produto-nome\">Power Bank 4.000mAh com Lanterna.<\/p>\n<div class=\"caracs\">\n<div class=\"desc\">\n<p class=\"desc-tit\"><span class=\"desc-sub my-desc-sub\">Dispositivos sempre carregados em qualquer lugar com o nosso power bank! Equipado bateria de 4.000mAh, este carregador port\u00e1til tem um design compacto, produzido em metal com detalhes pl\u00e1sticos. Al\u00e9m do cabo USB Tipo-C incluso, nosso power bank tem um b\u00f4nus: uma lanterna integrada de alto alcance para emerg\u00eancias.<\/span><\/p>\n<\/div>\n<div class=\"desc\">\n<p class=\"desc-tit\">Largura<span class=\"desc-sub\">\u00a0:\u00a0 3,5 cm<\/span><\/p>\n<\/div>\n<div class=\"desc\">\n<p class=\"desc-tit\">Circunfer\u00eancia<span class=\"desc-sub\">\u00a0:\u00a0 11,1 cm<\/span><\/p>\n<\/div>\n<div class=\"desc\">\n<p class=\"desc-tit\">Comprimento<span class=\"desc-sub\">\u00a0:\u00a0 11,8 cm<\/span><\/p>\n<\/div>\n<div class=\"desc\">\n<p class=\"desc-tit\">Medidas aproximadas para grava\u00e7\u00e3o<span class=\"desc-sub\">\u00a0(CxL):\u00a0 1,7 cm x 8,2 cm<\/span><\/p>\n<\/div>\n<div class=\"desc\">\n<p class=\"desc-tit\">Peso aproximado<span class=\"desc-sub\">\u00a0(g):\u00a0 136<\/span><\/p>\n<\/div>\n<\/div>\n","protected":false},"excerpt":{"rendered":"<p>07057 Power Bank 4.000mAh com Lanterna. Dispositivos sempre carregados em qualquer lugar com o nosso power bank! Equipado bateria de 4.000mAh, este carregador port\u00e1til tem um<span class=\"excerpt-hellip\"> [\u2026]<\/span><\/p>\n","protected":false},"featured_media":2967,"comment_status":"open","ping_status":"closed","template":"","meta":[],"product_cat":[125,377],"product_tag":[995,996],"class_list":["post-5461","product","type-product","status-publish","has-post-thumbnail","hentry","product_cat-carregadores-powerbank","product_cat-informatica-som-e-tecnologia","product_tag-carregador-portatil-personalizado","product_tag-power-bank-4-000mah-com-lanterna"],"_links":{"self":[{"href":"https:\/\/vohnabrindes.com.br\/index.php\/wp-json\/wp\/v2\/product\/5461","targetHints":{"allow":["GET"]}}],"collection":[{"href":"https:\/\/vohnabrindes.com.br\/index.php\/wp-json\/wp\/v2\/product"}],"about":[{"href":"https:\/\/vohnabrindes.com.br\/index.php\/wp-json\/wp\/v2\/types\/product"}],"replies":[{"embeddable":true,"href":"https:\/\/vohnabrindes.com.br\/index.php\/wp-json\/wp\/v2\/comments?post=5461"}],"version-history":[{"count":1,"href":"https:\/\/vohnabrindes.com.br\/index.php\/wp-json\/wp\/v2\/product\/5461\/revisions"}],"predecessor-version":[{"id":5491,"href":"https:\/\/vohnabrindes.com.br\/index.php\/wp-json\/wp\/v2\/product\/5461\/revisions\/5491"}],"wp:featuredmedia":[{"embeddable":true,"href":"https:\/\/vohnabrindes.com.br\/index.php\/wp-json\/wp\/v2\/media\/2967"}],"wp:attachment":[{"href":"https:\/\/vohnabrindes.com.br\/index.php\/wp-json\/wp\/v2\/media?parent=5461"}],"wp:term":[{"taxonomy":"product_cat","embeddable":true,"href":"https:\/\/vohnabrindes.com.br\/index.php\/wp-json\/wp\/v2\/product_cat?post=5461"},{"taxonomy":"product_tag","embeddable":true,"href":"https:\/\/vohnabrindes.com.br\/index.php\/wp-json\/wp\/v2\/product_tag?post=5461"}],"curies":[{"name":"wp","href":"https:\/\/api.w.org\/{rel}","templated":true}]}}