{"id":5463,"date":"2025-05-30T21:40:17","date_gmt":"2025-05-31T00:40:17","guid":{"rendered":"https:\/\/vohnabrindes.com.br\/?post_type=product&#038;p=5463"},"modified":"2025-05-30T21:40:20","modified_gmt":"2025-05-31T00:40:20","slug":"caixa-de-som-multimidia-tws-com-luminaria-rgb-personalizada","status":"publish","type":"product","link":"https:\/\/vohnabrindes.com.br\/index.php\/product\/caixa-de-som-multimidia-tws-com-luminaria-rgb-personalizada\/","title":{"rendered":"Caixa de Som Multim\u00eddia TWS com Lumin\u00e1ria RGB personalizada."},"content":{"rendered":"<pre id=\"item_referencia\">08005<\/pre>\n<p class=\"produto-nome\">Caixa de Som Multim\u00eddia TWS com Lumin\u00e1ria RGB personalizada.<\/p>\n<div class=\"caracs\">\n<div class=\"desc\">\n<p class=\"desc-tit\"><span class=\"desc-sub my-desc-sub\">Caixa de som multim\u00eddia TWS formato concha com lumin\u00e1ria RGB. Qualidade sonora e conectividade total: compat\u00edvel com bluetooth, r\u00e1dio FM, cart\u00e3o TF (MicroSD) e pen drive. Ilumina\u00e7\u00e3o relaxante e din\u00e2mica, s\u00e3o 7 modos de ilumina\u00e7\u00e3o RGB com uma vasta gama de movimentos e tonalidades. Sua tecnologia TWS permite sincronizar duas caixas de som em uma, criando uma experi\u00eancia imersiva com pot\u00eancia excepcional. Fabricada em pl\u00e1stico ABS e PC, seu design exclusivo possui uma faixa de poli\u00e9ster e p\u00e9s antideslizantes para maior estabilidade em qualquer superf\u00edcie. Acompanha cabo USB Tipo-C.<\/span><\/p>\n<\/div>\n<div class=\"desc\">\n<p class=\"desc-tit\">Altura<span class=\"desc-sub\">\u00a0:\u00a0 21 cm<\/span><\/p>\n<\/div>\n<div class=\"desc\">\n<p class=\"desc-tit\">Largura<span class=\"desc-sub\">\u00a0:\u00a0 17 cm<\/span><\/p>\n<\/div>\n<div class=\"desc\">\n<p class=\"desc-tit\">Profundidade<span class=\"desc-sub\">\u00a0:\u00a0 7,5 cm<\/span><\/p>\n<\/div>\n<div class=\"desc\">\n<p class=\"desc-tit\">Medidas aproximadas para grava\u00e7\u00e3o<span class=\"desc-sub\">\u00a0(CxL):\u00a0 1 cm cm x 4 cm<\/span><\/p>\n<\/div>\n<div class=\"desc\">\n<p class=\"desc-tit\">Peso aproximado<span class=\"desc-sub\">\u00a0(g):\u00a0 410<\/span><\/p>\n<\/div>\n<\/div>\n","protected":false},"excerpt":{"rendered":"<p>08005 Caixa de Som Multim\u00eddia TWS com Lumin\u00e1ria RGB personalizada. Caixa de som multim\u00eddia TWS formato concha com lumin\u00e1ria RGB. Qualidade sonora e conectividade total: compat\u00edvel<span class=\"excerpt-hellip\"> [\u2026]<\/span><\/p>\n","protected":false},"featured_media":2979,"comment_status":"open","ping_status":"closed","template":"","meta":[],"product_cat":[377,152],"product_tag":[998],"class_list":["post-5463","product","type-product","status-publish","has-post-thumbnail","hentry","product_cat-informatica-som-e-tecnologia","product_cat-lancamentos","product_tag-caixa-de-som-multimidia-tws-com-luminaria-rgb-personalizada"],"_links":{"self":[{"href":"https:\/\/vohnabrindes.com.br\/index.php\/wp-json\/wp\/v2\/product\/5463","targetHints":{"allow":["GET"]}}],"collection":[{"href":"https:\/\/vohnabrindes.com.br\/index.php\/wp-json\/wp\/v2\/product"}],"about":[{"href":"https:\/\/vohnabrindes.com.br\/index.php\/wp-json\/wp\/v2\/types\/product"}],"replies":[{"embeddable":true,"href":"https:\/\/vohnabrindes.com.br\/index.php\/wp-json\/wp\/v2\/comments?post=5463"}],"version-history":[{"count":1,"href":"https:\/\/vohnabrindes.com.br\/index.php\/wp-json\/wp\/v2\/product\/5463\/revisions"}],"predecessor-version":[{"id":5493,"href":"https:\/\/vohnabrindes.com.br\/index.php\/wp-json\/wp\/v2\/product\/5463\/revisions\/5493"}],"wp:featuredmedia":[{"embeddable":true,"href":"https:\/\/vohnabrindes.com.br\/index.php\/wp-json\/wp\/v2\/media\/2979"}],"wp:attachment":[{"href":"https:\/\/vohnabrindes.com.br\/index.php\/wp-json\/wp\/v2\/media?parent=5463"}],"wp:term":[{"taxonomy":"product_cat","embeddable":true,"href":"https:\/\/vohnabrindes.com.br\/index.php\/wp-json\/wp\/v2\/product_cat?post=5463"},{"taxonomy":"product_tag","embeddable":true,"href":"https:\/\/vohnabrindes.com.br\/index.php\/wp-json\/wp\/v2\/product_tag?post=5463"}],"curies":[{"name":"wp","href":"https:\/\/api.w.org\/{rel}","templated":true}]}}