{"id":5498,"date":"2025-05-30T21:40:21","date_gmt":"2025-05-31T00:40:21","guid":{"rendered":"https:\/\/vohnabrindes.com.br\/?post_type=product&#038;p=5498"},"modified":"2025-05-30T21:40:23","modified_gmt":"2025-05-31T00:40:23","slug":"caixa-de-som-multimidia-tws-personalizada","status":"publish","type":"product","link":"https:\/\/vohnabrindes.com.br\/index.php\/product\/caixa-de-som-multimidia-tws-personalizada\/","title":{"rendered":"Caixa de Som Multim\u00eddia TWS personalizada."},"content":{"rendered":"<pre id=\"item_referencia\">08021<\/pre>\n<p class=\"produto-nome\">Caixa de Som Multim\u00eddia TWS personalizada.<\/p>\n<div class=\"caracs\">\n<div class=\"desc\">\n<p class=\"desc-tit\">\u00a0<span class=\"desc-sub my-desc-sub\">Design retr\u00f4 e pot\u00eancia sonora! Caixa de som multim\u00eddia com tecnologia TWS. Feita em pl\u00e1stico resistente com classifica\u00e7\u00e3o IPX4, esta caixa de som oferece conectividade bluetooth, r\u00e1dio FM, suporte para cart\u00e3o TF (MicroSD) e pen drive. Equipada com a tecnologia TWS para sincroniza\u00e7\u00e3o de duas caixas em uma, prepare-se para uma experi\u00eancia sonora imersiva e potente. Com al\u00e7a para transporte e p\u00e9s antideslizantes, seu design vers\u00e1til facilita o transporte e a transforma tamb\u00e9m em uma charmosa pe\u00e7a decorativa.<\/span><\/p>\n<\/div>\n<div class=\"desc\">\n<p class=\"desc-tit\">Altura<span class=\"desc-sub\">\u00a0:\u00a0 9,4 cm<\/span><\/p>\n<\/div>\n<div class=\"desc\">\n<p class=\"desc-tit\">Largura<span class=\"desc-sub\">\u00a0:\u00a0 17 cm<\/span><\/p>\n<\/div>\n<div class=\"desc\">\n<p class=\"desc-tit\">Profundidade<span class=\"desc-sub\">\u00a0:\u00a0 9,4 cm<\/span><\/p>\n<\/div>\n<div class=\"desc\">\n<p class=\"desc-tit\">Medidas aproximadas para grava\u00e7\u00e3o<span class=\"desc-sub\">\u00a0(CxL):\u00a0 2 cm x 12 cm<\/span><\/p>\n<\/div>\n<div class=\"desc\">\n<p class=\"desc-tit\">Peso aproximado<span class=\"desc-sub\">\u00a0(g):\u00a0 590<\/span><\/p>\n<\/div>\n<\/div>\n","protected":false},"excerpt":{"rendered":"<p>08021 Caixa de Som Multim\u00eddia TWS personalizada. \u00a0Design retr\u00f4 e pot\u00eancia sonora! Caixa de som multim\u00eddia com tecnologia TWS. Feita em pl\u00e1stico resistente com classifica\u00e7\u00e3o IPX4,<span class=\"excerpt-hellip\"> [\u2026]<\/span><\/p>\n","protected":false},"featured_media":2993,"comment_status":"open","ping_status":"closed","template":"","meta":[],"product_cat":[377,152],"product_tag":[1004,378],"class_list":["post-5498","product","type-product","status-publish","has-post-thumbnail","hentry","product_cat-informatica-som-e-tecnologia","product_cat-lancamentos","product_tag-caixa-de-som-multimidia-tws-personalizada","product_tag-caixa-de-som-personalizada"],"_links":{"self":[{"href":"https:\/\/vohnabrindes.com.br\/index.php\/wp-json\/wp\/v2\/product\/5498","targetHints":{"allow":["GET"]}}],"collection":[{"href":"https:\/\/vohnabrindes.com.br\/index.php\/wp-json\/wp\/v2\/product"}],"about":[{"href":"https:\/\/vohnabrindes.com.br\/index.php\/wp-json\/wp\/v2\/types\/product"}],"replies":[{"embeddable":true,"href":"https:\/\/vohnabrindes.com.br\/index.php\/wp-json\/wp\/v2\/comments?post=5498"}],"version-history":[{"count":1,"href":"https:\/\/vohnabrindes.com.br\/index.php\/wp-json\/wp\/v2\/product\/5498\/revisions"}],"predecessor-version":[{"id":5528,"href":"https:\/\/vohnabrindes.com.br\/index.php\/wp-json\/wp\/v2\/product\/5498\/revisions\/5528"}],"wp:featuredmedia":[{"embeddable":true,"href":"https:\/\/vohnabrindes.com.br\/index.php\/wp-json\/wp\/v2\/media\/2993"}],"wp:attachment":[{"href":"https:\/\/vohnabrindes.com.br\/index.php\/wp-json\/wp\/v2\/media?parent=5498"}],"wp:term":[{"taxonomy":"product_cat","embeddable":true,"href":"https:\/\/vohnabrindes.com.br\/index.php\/wp-json\/wp\/v2\/product_cat?post=5498"},{"taxonomy":"product_tag","embeddable":true,"href":"https:\/\/vohnabrindes.com.br\/index.php\/wp-json\/wp\/v2\/product_tag?post=5498"}],"curies":[{"name":"wp","href":"https:\/\/api.w.org\/{rel}","templated":true}]}}