{"id":5499,"date":"2025-05-30T21:40:21","date_gmt":"2025-05-31T00:40:21","guid":{"rendered":"https:\/\/vohnabrindes.com.br\/?post_type=product&#038;p=5499"},"modified":"2025-05-30T21:40:23","modified_gmt":"2025-05-31T00:40:23","slug":"caixa-de-som-multimidia-tws-personalizada-2","status":"publish","type":"product","link":"https:\/\/vohnabrindes.com.br\/index.php\/product\/caixa-de-som-multimidia-tws-personalizada-2\/","title":{"rendered":"Caixa de Som Multim\u00eddia TWS personalizada."},"content":{"rendered":"<pre id=\"item_referencia\">08023<\/pre>\n<p class=\"produto-nome\">Caixa de Som Multim\u00eddia TWS personalizada.<\/p>\n<div class=\"caracs\">\n<div class=\"desc\">\n<p class=\"desc-tit\"><span class=\"desc-sub my-desc-sub\">Caixa de som Bluetooth com conectividade TWS, que permite sincronizar duas caixas de som em uma, aumentando a pot\u00eancia sonora. Possui ilumina\u00e7\u00e3o RGB que se ajusta conforme a batida da m\u00fasica, entrada para cart\u00e3o TF (MicroSD), pendrive, DC 5V e entrada auxiliar P2. A base \u00e9 de silicone antiderrapante. Acompanha cord\u00e3o de nylon e cabo USB-V8.<\/span><\/p>\n<\/div>\n<div class=\"desc\">\n<p class=\"desc-tit\">Altura<span class=\"desc-sub\">\u00a0:\u00a0 8,1 cm<\/span><\/p>\n<\/div>\n<div class=\"desc\">\n<p class=\"desc-tit\">Largura<span class=\"desc-sub\">\u00a0:\u00a0 12 cm<\/span><\/p>\n<\/div>\n<div class=\"desc\">\n<p class=\"desc-tit\">Profundidade<span class=\"desc-sub\">\u00a0:\u00a0 8,1 cm<\/span><\/p>\n<\/div>\n<div class=\"desc\">\n<p class=\"desc-tit\">Medidas aproximadas para grava\u00e7\u00e3o<span class=\"desc-sub\">\u00a0(CxL):\u00a0 2 cm x 5 cm<\/span><\/p>\n<\/div>\n<div class=\"desc\">\n<p class=\"desc-tit\">Peso aproximado<span class=\"desc-sub\">\u00a0(g):\u00a0 297<\/span><\/p>\n<\/div>\n<\/div>\n","protected":false},"excerpt":{"rendered":"<p>08023 Caixa de Som Multim\u00eddia TWS personalizada. Caixa de som Bluetooth com conectividade TWS, que permite sincronizar duas caixas de som em uma, aumentando a pot\u00eancia<span class=\"excerpt-hellip\"> [\u2026]<\/span><\/p>\n","protected":false},"featured_media":2995,"comment_status":"open","ping_status":"closed","template":"","meta":[],"product_cat":[377],"product_tag":[637,1004,378],"class_list":["post-5499","product","type-product","status-publish","has-post-thumbnail","hentry","product_cat-informatica-som-e-tecnologia","product_tag-caixa-de-som","product_tag-caixa-de-som-multimidia-tws-personalizada","product_tag-caixa-de-som-personalizada"],"_links":{"self":[{"href":"https:\/\/vohnabrindes.com.br\/index.php\/wp-json\/wp\/v2\/product\/5499","targetHints":{"allow":["GET"]}}],"collection":[{"href":"https:\/\/vohnabrindes.com.br\/index.php\/wp-json\/wp\/v2\/product"}],"about":[{"href":"https:\/\/vohnabrindes.com.br\/index.php\/wp-json\/wp\/v2\/types\/product"}],"replies":[{"embeddable":true,"href":"https:\/\/vohnabrindes.com.br\/index.php\/wp-json\/wp\/v2\/comments?post=5499"}],"version-history":[{"count":1,"href":"https:\/\/vohnabrindes.com.br\/index.php\/wp-json\/wp\/v2\/product\/5499\/revisions"}],"predecessor-version":[{"id":5529,"href":"https:\/\/vohnabrindes.com.br\/index.php\/wp-json\/wp\/v2\/product\/5499\/revisions\/5529"}],"wp:featuredmedia":[{"embeddable":true,"href":"https:\/\/vohnabrindes.com.br\/index.php\/wp-json\/wp\/v2\/media\/2995"}],"wp:attachment":[{"href":"https:\/\/vohnabrindes.com.br\/index.php\/wp-json\/wp\/v2\/media?parent=5499"}],"wp:term":[{"taxonomy":"product_cat","embeddable":true,"href":"https:\/\/vohnabrindes.com.br\/index.php\/wp-json\/wp\/v2\/product_cat?post=5499"},{"taxonomy":"product_tag","embeddable":true,"href":"https:\/\/vohnabrindes.com.br\/index.php\/wp-json\/wp\/v2\/product_tag?post=5499"}],"curies":[{"name":"wp","href":"https:\/\/api.w.org\/{rel}","templated":true}]}}