{"id":5502,"date":"2025-05-30T21:40:21","date_gmt":"2025-05-31T00:40:21","guid":{"rendered":"https:\/\/vohnabrindes.com.br\/?post_type=product&#038;p=5502"},"modified":"2025-05-30T21:40:23","modified_gmt":"2025-05-31T00:40:23","slug":"caderneta-de-couro-sintetico-personalizada","status":"publish","type":"product","link":"https:\/\/vohnabrindes.com.br\/index.php\/product\/caderneta-de-couro-sintetico-personalizada\/","title":{"rendered":"Caderneta de Couro Sint\u00e9tico personalizada."},"content":{"rendered":"<pre id=\"item_referencia\">15093<\/pre>\n<p class=\"produto-nome\">Caderneta de Couro Sint\u00e9tico personalizada.<\/p>\n<div class=\"caracs\">\n<div class=\"desc\">\n<p class=\"desc-tit\"><span class=\"desc-sub my-desc-sub\">Feita para registrar ideias, pensamentos, tarefas e compromissos, nossa Caderneta Flex\u00edvel em couro combina eleg\u00e2ncia e funcionalidade. Com aproximadamente 95 folhas brancas pautadas, ela \u00e9 ideal para anota\u00e7\u00f5es, esbo\u00e7os e reflex\u00f5es. Al\u00e9m disso, a caderneta possui bolsos internos para cart\u00f5es e documentos e um el\u00e1stico para lacre, garantindo que tudo fique seguro e organizado.<\/span><\/p>\n<\/div>\n<div class=\"desc\">\n<p class=\"desc-tit\">Largura<span class=\"desc-sub\">\u00a0:\u00a0 12,4 cm<\/span><\/p>\n<\/div>\n<div class=\"desc\">\n<p class=\"desc-tit\">Espessura<span class=\"desc-sub\">\u00a0:\u00a0 1,9 cm<\/span><\/p>\n<\/div>\n<div class=\"desc\">\n<p class=\"desc-tit\">Comprimento<span class=\"desc-sub\">\u00a0:\u00a0 15,5 cm<\/span><\/p>\n<\/div>\n<div class=\"desc\">\n<p class=\"desc-tit\">Medidas aproximadas para grava\u00e7\u00e3o<span class=\"desc-sub\">\u00a0(CxL):\u00a0 13 cm x 5,5 cm<\/span><\/p>\n<\/div>\n<div class=\"desc\">\n<p class=\"desc-tit\">Peso aproximado<span class=\"desc-sub\">\u00a0(g):\u00a0 176<\/span><\/p>\n<\/div>\n<\/div>\n","protected":false},"excerpt":{"rendered":"<p>15093 Caderneta de Couro Sint\u00e9tico personalizada. Feita para registrar ideias, pensamentos, tarefas e compromissos, nossa Caderneta Flex\u00edvel em couro combina eleg\u00e2ncia e funcionalidade. Com aproximadamente 95<span class=\"excerpt-hellip\"> [\u2026]<\/span><\/p>\n","protected":false},"featured_media":3001,"comment_status":"open","ping_status":"closed","template":"","meta":[],"product_cat":[146],"product_tag":[148,216,1008],"class_list":["post-5502","product","type-product","status-publish","has-post-thumbnail","hentry","product_cat-blocos-e-cadernetas","product_tag-bloco-de-anotacoes","product_tag-bloco-de-anotacoes-com-logo","product_tag-caderneta-de-couro-sintetico-personalizada"],"_links":{"self":[{"href":"https:\/\/vohnabrindes.com.br\/index.php\/wp-json\/wp\/v2\/product\/5502","targetHints":{"allow":["GET"]}}],"collection":[{"href":"https:\/\/vohnabrindes.com.br\/index.php\/wp-json\/wp\/v2\/product"}],"about":[{"href":"https:\/\/vohnabrindes.com.br\/index.php\/wp-json\/wp\/v2\/types\/product"}],"replies":[{"embeddable":true,"href":"https:\/\/vohnabrindes.com.br\/index.php\/wp-json\/wp\/v2\/comments?post=5502"}],"version-history":[{"count":1,"href":"https:\/\/vohnabrindes.com.br\/index.php\/wp-json\/wp\/v2\/product\/5502\/revisions"}],"predecessor-version":[{"id":5532,"href":"https:\/\/vohnabrindes.com.br\/index.php\/wp-json\/wp\/v2\/product\/5502\/revisions\/5532"}],"wp:featuredmedia":[{"embeddable":true,"href":"https:\/\/vohnabrindes.com.br\/index.php\/wp-json\/wp\/v2\/media\/3001"}],"wp:attachment":[{"href":"https:\/\/vohnabrindes.com.br\/index.php\/wp-json\/wp\/v2\/media?parent=5502"}],"wp:term":[{"taxonomy":"product_cat","embeddable":true,"href":"https:\/\/vohnabrindes.com.br\/index.php\/wp-json\/wp\/v2\/product_cat?post=5502"},{"taxonomy":"product_tag","embeddable":true,"href":"https:\/\/vohnabrindes.com.br\/index.php\/wp-json\/wp\/v2\/product_tag?post=5502"}],"curies":[{"name":"wp","href":"https:\/\/api.w.org\/{rel}","templated":true}]}}