{"id":5506,"date":"2025-05-30T21:40:21","date_gmt":"2025-05-31T00:40:21","guid":{"rendered":"https:\/\/vohnabrindes.com.br\/?post_type=product&#038;p=5506"},"modified":"2025-05-30T21:40:24","modified_gmt":"2025-05-31T00:40:24","slug":"agenda-diaria-2025-personalizada-3","status":"publish","type":"product","link":"https:\/\/vohnabrindes.com.br\/index.php\/product\/agenda-diaria-2025-personalizada-3\/","title":{"rendered":"Agenda Di\u00e1ria 2025 personalizada."},"content":{"rendered":"<pre id=\"item_referencia\">15118<\/pre>\n<p class=\"produto-nome\">Agenda Di\u00e1ria 2025 personalizada.<\/p>\n<div class=\"caracs\">\n<div class=\"desc\">\n<p class=\"desc-tit\"><span class=\"desc-sub my-desc-sub\">Agenda di\u00e1ria 2025 de couro sint\u00e9tico. Cont\u00e9m fita de cetim marca p\u00e1gina, dados pessoais, calend\u00e1rio de 2024 \u00e0 2026, mapa do Brasil, mapas, \u00edndice telef\u00f4nico e planejamento.<\/span><\/p>\n<\/div>\n<div class=\"desc\">\n<p class=\"desc-tit\">Altura<span class=\"desc-sub\">\u00a0:\u00a0 20,4 cm<\/span><\/p>\n<\/div>\n<div class=\"desc\">\n<p class=\"desc-tit\">Largura<span class=\"desc-sub\">\u00a0:\u00a0 14,1 cm<\/span><\/p>\n<\/div>\n<div class=\"desc\">\n<p class=\"desc-tit\">Espessura<span class=\"desc-sub\">\u00a0:\u00a0 2,1 cm<\/span><\/p>\n<\/div>\n<div class=\"desc\">\n<p class=\"desc-tit\">Medidas aproximadas para grava\u00e7\u00e3o<span class=\"desc-sub\">\u00a0(CxL):\u00a0 3 cm x 5 cm<\/span><\/p>\n<\/div>\n<div class=\"desc\">\n<p class=\"desc-tit\">Peso aproximado<span class=\"desc-sub\">\u00a0(g):\u00a0 418<\/span><\/p>\n<\/div>\n<\/div>\n","protected":false},"excerpt":{"rendered":"<p>15118 Agenda Di\u00e1ria 2025 personalizada. Agenda di\u00e1ria 2025 de couro sint\u00e9tico. Cont\u00e9m fita de cetim marca p\u00e1gina, dados pessoais, calend\u00e1rio de 2024 \u00e0 2026, mapa do<span class=\"excerpt-hellip\"> [\u2026]<\/span><\/p>\n","protected":false},"featured_media":3009,"comment_status":"open","ping_status":"closed","template":"","meta":[],"product_cat":[151],"product_tag":[958,1011,671],"class_list":["post-5506","product","type-product","status-publish","has-post-thumbnail","hentry","product_cat-agendas-e-planners","product_tag-agenda-2025","product_tag-agenda-diaria-2025-personalizada","product_tag-agenda-personalizada"],"_links":{"self":[{"href":"https:\/\/vohnabrindes.com.br\/index.php\/wp-json\/wp\/v2\/product\/5506","targetHints":{"allow":["GET"]}}],"collection":[{"href":"https:\/\/vohnabrindes.com.br\/index.php\/wp-json\/wp\/v2\/product"}],"about":[{"href":"https:\/\/vohnabrindes.com.br\/index.php\/wp-json\/wp\/v2\/types\/product"}],"replies":[{"embeddable":true,"href":"https:\/\/vohnabrindes.com.br\/index.php\/wp-json\/wp\/v2\/comments?post=5506"}],"version-history":[{"count":1,"href":"https:\/\/vohnabrindes.com.br\/index.php\/wp-json\/wp\/v2\/product\/5506\/revisions"}],"predecessor-version":[{"id":5536,"href":"https:\/\/vohnabrindes.com.br\/index.php\/wp-json\/wp\/v2\/product\/5506\/revisions\/5536"}],"wp:featuredmedia":[{"embeddable":true,"href":"https:\/\/vohnabrindes.com.br\/index.php\/wp-json\/wp\/v2\/media\/3009"}],"wp:attachment":[{"href":"https:\/\/vohnabrindes.com.br\/index.php\/wp-json\/wp\/v2\/media?parent=5506"}],"wp:term":[{"taxonomy":"product_cat","embeddable":true,"href":"https:\/\/vohnabrindes.com.br\/index.php\/wp-json\/wp\/v2\/product_cat?post=5506"},{"taxonomy":"product_tag","embeddable":true,"href":"https:\/\/vohnabrindes.com.br\/index.php\/wp-json\/wp\/v2\/product_tag?post=5506"}],"curies":[{"name":"wp","href":"https:\/\/api.w.org\/{rel}","templated":true}]}}