{"id":5507,"date":"2025-05-30T21:40:21","date_gmt":"2025-05-31T00:40:21","guid":{"rendered":"https:\/\/vohnabrindes.com.br\/?post_type=product&#038;p=5507"},"modified":"2025-05-30T21:40:24","modified_gmt":"2025-05-31T00:40:24","slug":"agenda-ecologica-2025-personalizada","status":"publish","type":"product","link":"https:\/\/vohnabrindes.com.br\/index.php\/product\/agenda-ecologica-2025-personalizada\/","title":{"rendered":"Agenda ecol\u00f3gica 2025 personalizada."},"content":{"rendered":"<div class=\"ref\">66215-SIMMEL A5.<\/div>\n<div class=\"ref\">Agenda A5 com argolas em material reciclada personalizada.<\/div>\n<div class=\"texto\">(75%). Est\u00e1 organizada num plano di\u00e1rio.<\/div>\n<div class=\"texto\">Inclui el\u00e1stico para fecho da agenda.<\/div>\n<div class=\"texto\">dimens\u00f5es: 148 x 210 mm<\/div>\n","protected":false},"excerpt":{"rendered":"<p>66215-SIMMEL A5. Agenda A5 com argolas em material reciclada personalizada. (75%). Est\u00e1 organizada num plano di\u00e1rio. Inclui el\u00e1stico para fecho da agenda. dimens\u00f5es: 148 x 210<span class=\"excerpt-hellip\"> [\u2026]<\/span><\/p>\n","protected":false},"featured_media":3011,"comment_status":"open","ping_status":"closed","template":"","meta":[],"product_cat":[151,152],"product_tag":[958,1012,671],"class_list":["post-5507","product","type-product","status-publish","has-post-thumbnail","hentry","product_cat-agendas-e-planners","product_cat-lancamentos","product_tag-agenda-2025","product_tag-agenda-ecologica-2025-personalizada","product_tag-agenda-personalizada"],"_links":{"self":[{"href":"https:\/\/vohnabrindes.com.br\/index.php\/wp-json\/wp\/v2\/product\/5507","targetHints":{"allow":["GET"]}}],"collection":[{"href":"https:\/\/vohnabrindes.com.br\/index.php\/wp-json\/wp\/v2\/product"}],"about":[{"href":"https:\/\/vohnabrindes.com.br\/index.php\/wp-json\/wp\/v2\/types\/product"}],"replies":[{"embeddable":true,"href":"https:\/\/vohnabrindes.com.br\/index.php\/wp-json\/wp\/v2\/comments?post=5507"}],"version-history":[{"count":1,"href":"https:\/\/vohnabrindes.com.br\/index.php\/wp-json\/wp\/v2\/product\/5507\/revisions"}],"predecessor-version":[{"id":5537,"href":"https:\/\/vohnabrindes.com.br\/index.php\/wp-json\/wp\/v2\/product\/5507\/revisions\/5537"}],"wp:featuredmedia":[{"embeddable":true,"href":"https:\/\/vohnabrindes.com.br\/index.php\/wp-json\/wp\/v2\/media\/3011"}],"wp:attachment":[{"href":"https:\/\/vohnabrindes.com.br\/index.php\/wp-json\/wp\/v2\/media?parent=5507"}],"wp:term":[{"taxonomy":"product_cat","embeddable":true,"href":"https:\/\/vohnabrindes.com.br\/index.php\/wp-json\/wp\/v2\/product_cat?post=5507"},{"taxonomy":"product_tag","embeddable":true,"href":"https:\/\/vohnabrindes.com.br\/index.php\/wp-json\/wp\/v2\/product_tag?post=5507"}],"curies":[{"name":"wp","href":"https:\/\/api.w.org\/{rel}","templated":true}]}}