{"id":5509,"date":"2025-05-30T21:40:22","date_gmt":"2025-05-31T00:40:22","guid":{"rendered":"https:\/\/vohnabrindes.com.br\/?post_type=product&#038;p=5509"},"modified":"2025-05-30T21:40:24","modified_gmt":"2025-05-31T00:40:24","slug":"agenda-a5-personalizada-ecologicamente-correta","status":"publish","type":"product","link":"https:\/\/vohnabrindes.com.br\/index.php\/product\/agenda-a5-personalizada-ecologicamente-correta\/","title":{"rendered":"Agenda A5 personalizada ecologicamente correta."},"content":{"rendered":"<div class=\"ref\">66214-AUSTEN.<\/div>\n<div class=\"ref\">Agenda A5 personalizada ecologicamente correta.<\/div>\n<div class=\"texto\">Agenda A5 em PU reciclado (58%) e 300D PET (100% rPET) com fecho magn\u00e9tico. Est\u00e1 organizada num plano di\u00e1rio. Inclui suporte para esferogr\u00e1fica (n\u00e3o inclu\u00edda) e marcador em fita. Uma escolha com classe e requinte para o seu cotidiano. 148 x 210 mm<\/div>\n","protected":false},"excerpt":{"rendered":"<p>66214-AUSTEN. Agenda A5 personalizada ecologicamente correta. Agenda A5 em PU reciclado (58%) e 300D PET (100% rPET) com fecho magn\u00e9tico. Est\u00e1 organizada num plano di\u00e1rio. Inclui<span class=\"excerpt-hellip\"> [\u2026]<\/span><\/p>\n","protected":false},"featured_media":3015,"comment_status":"open","ping_status":"closed","template":"","meta":[],"product_cat":[151,152],"product_tag":[1014,671],"class_list":["post-5509","product","type-product","status-publish","has-post-thumbnail","hentry","product_cat-agendas-e-planners","product_cat-lancamentos","product_tag-agenda-a5-personalizada-ecologicamente-correta","product_tag-agenda-personalizada"],"_links":{"self":[{"href":"https:\/\/vohnabrindes.com.br\/index.php\/wp-json\/wp\/v2\/product\/5509","targetHints":{"allow":["GET"]}}],"collection":[{"href":"https:\/\/vohnabrindes.com.br\/index.php\/wp-json\/wp\/v2\/product"}],"about":[{"href":"https:\/\/vohnabrindes.com.br\/index.php\/wp-json\/wp\/v2\/types\/product"}],"replies":[{"embeddable":true,"href":"https:\/\/vohnabrindes.com.br\/index.php\/wp-json\/wp\/v2\/comments?post=5509"}],"version-history":[{"count":1,"href":"https:\/\/vohnabrindes.com.br\/index.php\/wp-json\/wp\/v2\/product\/5509\/revisions"}],"predecessor-version":[{"id":5539,"href":"https:\/\/vohnabrindes.com.br\/index.php\/wp-json\/wp\/v2\/product\/5509\/revisions\/5539"}],"wp:featuredmedia":[{"embeddable":true,"href":"https:\/\/vohnabrindes.com.br\/index.php\/wp-json\/wp\/v2\/media\/3015"}],"wp:attachment":[{"href":"https:\/\/vohnabrindes.com.br\/index.php\/wp-json\/wp\/v2\/media?parent=5509"}],"wp:term":[{"taxonomy":"product_cat","embeddable":true,"href":"https:\/\/vohnabrindes.com.br\/index.php\/wp-json\/wp\/v2\/product_cat?post=5509"},{"taxonomy":"product_tag","embeddable":true,"href":"https:\/\/vohnabrindes.com.br\/index.php\/wp-json\/wp\/v2\/product_tag?post=5509"}],"curies":[{"name":"wp","href":"https:\/\/api.w.org\/{rel}","templated":true}]}}