{"id":5513,"date":"2025-05-30T21:40:22","date_gmt":"2025-05-31T00:40:22","guid":{"rendered":"https:\/\/vohnabrindes.com.br\/?post_type=product&#038;p=5513"},"modified":"2025-05-30T21:40:24","modified_gmt":"2025-05-31T00:40:24","slug":"kit-necessaire-personalizada","status":"publish","type":"product","link":"https:\/\/vohnabrindes.com.br\/index.php\/product\/kit-necessaire-personalizada\/","title":{"rendered":"Kit N\u00e9cessaire personalizada."},"content":{"rendered":"<pre id=\"item_referencia\">07077<\/pre>\n<p class=\"produto-nome\">Kit N\u00e9cessaire Duas Pe\u00e7as personalizada.<\/p>\n<p class=\"produto-nome\"><span class=\"desc-sub my-desc-sub\">Kit n\u00e9cessaire duas pe\u00e7as em PU e PVC.<\/span><\/p>\n<div class=\"caracs\">\n<div class=\"desc\">\n<p class=\"desc-tit\">Altura<span class=\"desc-sub\">\u00a0:\u00a0 N.1: 17 cm<\/span><\/p>\n<\/div>\n<div class=\"desc\">\n<p class=\"desc-tit\">Largura<span class=\"desc-sub\">\u00a0:\u00a0 N.1: 23 cm<\/span><\/p>\n<\/div>\n<div class=\"desc\">\n<p class=\"desc-tit\">Profundidade<span class=\"desc-sub\">\u00a0:\u00a0 N.1: 7 cm<\/span><\/p>\n<\/div>\n<div class=\"desc\">\n<p class=\"desc-tit\">\n<\/div>\n<div class=\"desc\">\n<p class=\"desc-tit\">Tamanho total aproximado\u00a0<span class=\"desc-sub\">\u00a0(CxL):\u00a0 N.2: 13 cm x 19 cm x 5 cm<\/span><\/p>\n<\/div>\n<div class=\"desc\">\n<p class=\"desc-tit\">Peso aproximado<span class=\"desc-sub\">\u00a0(g):\u00a0 120<\/span><\/p>\n<\/div>\n<\/div>\n","protected":false},"excerpt":{"rendered":"<p>07077 Kit N\u00e9cessaire Duas Pe\u00e7as personalizada. Kit n\u00e9cessaire duas pe\u00e7as em PU e PVC. Altura\u00a0:\u00a0 N.1: 17 cm Largura\u00a0:\u00a0 N.1: 23 cm Profundidade\u00a0:\u00a0 N.1: 7 cm<span class=\"excerpt-hellip\"> [\u2026]<\/span><\/p>\n","protected":false},"featured_media":3097,"comment_status":"open","ping_status":"closed","template":"","meta":[],"product_cat":[783],"product_tag":[1020,1021],"class_list":["post-5513","product","type-product","status-publish","has-post-thumbnail","hentry","product_cat-necessaires","product_tag-kit-necessaire-duas-pecas-personalizada","product_tag-kit-necessaire-personalizada"],"_links":{"self":[{"href":"https:\/\/vohnabrindes.com.br\/index.php\/wp-json\/wp\/v2\/product\/5513","targetHints":{"allow":["GET"]}}],"collection":[{"href":"https:\/\/vohnabrindes.com.br\/index.php\/wp-json\/wp\/v2\/product"}],"about":[{"href":"https:\/\/vohnabrindes.com.br\/index.php\/wp-json\/wp\/v2\/types\/product"}],"replies":[{"embeddable":true,"href":"https:\/\/vohnabrindes.com.br\/index.php\/wp-json\/wp\/v2\/comments?post=5513"}],"version-history":[{"count":1,"href":"https:\/\/vohnabrindes.com.br\/index.php\/wp-json\/wp\/v2\/product\/5513\/revisions"}],"predecessor-version":[{"id":5543,"href":"https:\/\/vohnabrindes.com.br\/index.php\/wp-json\/wp\/v2\/product\/5513\/revisions\/5543"}],"wp:featuredmedia":[{"embeddable":true,"href":"https:\/\/vohnabrindes.com.br\/index.php\/wp-json\/wp\/v2\/media\/3097"}],"wp:attachment":[{"href":"https:\/\/vohnabrindes.com.br\/index.php\/wp-json\/wp\/v2\/media?parent=5513"}],"wp:term":[{"taxonomy":"product_cat","embeddable":true,"href":"https:\/\/vohnabrindes.com.br\/index.php\/wp-json\/wp\/v2\/product_cat?post=5513"},{"taxonomy":"product_tag","embeddable":true,"href":"https:\/\/vohnabrindes.com.br\/index.php\/wp-json\/wp\/v2\/product_tag?post=5513"}],"curies":[{"name":"wp","href":"https:\/\/api.w.org\/{rel}","templated":true}]}}