{"id":5518,"date":"2025-05-30T21:40:22","date_gmt":"2025-05-31T00:40:22","guid":{"rendered":"https:\/\/vohnabrindes.com.br\/?post_type=product&#038;p=5518"},"modified":"2025-05-30T21:40:24","modified_gmt":"2025-05-31T00:40:24","slug":"fones-de-ouvidos-personalizado-luxo","status":"publish","type":"product","link":"https:\/\/vohnabrindes.com.br\/index.php\/product\/fones-de-ouvidos-personalizado-luxo\/","title":{"rendered":"Fones de ouvidos personalizado luxo."},"content":{"rendered":"<div class=\"ref\">97135-THORNE HEADSET RGB.<\/div>\n<div class=\"ref\">Fones de ouvidos para jogos com microfone de alta qualidade incorporado com luzes RGB<\/div>\n<div class=\"texto\">Fones de ouvidos para jogos com microfone de alta qualidade incorporado com luzes RGB com um modo. Pensados para uso prolongado, s\u00e3o resistentes, confort\u00e1veis e cont\u00eam cabo de 2 m com controlador de volume. Incluso cabo jack de 3.5 mm com entrada USB-A. Os fones de ouvido quando utilizados com este cabo proporcionam uma qualidade superior no \u00e1udio. Fornecido em caixa presente. 20 x 19 x 10 mm |Caixa: 191 x 215 x 115 mm<\/div>\n","protected":false},"excerpt":{"rendered":"<p>97135-THORNE HEADSET RGB. Fones de ouvidos para jogos com microfone de alta qualidade incorporado com luzes RGB Fones de ouvidos para jogos com microfone de alta<span class=\"excerpt-hellip\"> [\u2026]<\/span><\/p>\n","protected":false},"featured_media":3112,"comment_status":"open","ping_status":"closed","template":"","meta":[],"product_cat":[1015],"product_tag":[270,1028],"class_list":["post-5518","product","type-product","status-publish","has-post-thumbnail","hentry","product_cat-fones-de-ouvido","product_tag-fone-de-ouvido-com-logo","product_tag-fones-de-ouvidos-personalizado-luxo"],"_links":{"self":[{"href":"https:\/\/vohnabrindes.com.br\/index.php\/wp-json\/wp\/v2\/product\/5518","targetHints":{"allow":["GET"]}}],"collection":[{"href":"https:\/\/vohnabrindes.com.br\/index.php\/wp-json\/wp\/v2\/product"}],"about":[{"href":"https:\/\/vohnabrindes.com.br\/index.php\/wp-json\/wp\/v2\/types\/product"}],"replies":[{"embeddable":true,"href":"https:\/\/vohnabrindes.com.br\/index.php\/wp-json\/wp\/v2\/comments?post=5518"}],"version-history":[{"count":1,"href":"https:\/\/vohnabrindes.com.br\/index.php\/wp-json\/wp\/v2\/product\/5518\/revisions"}],"predecessor-version":[{"id":5548,"href":"https:\/\/vohnabrindes.com.br\/index.php\/wp-json\/wp\/v2\/product\/5518\/revisions\/5548"}],"wp:featuredmedia":[{"embeddable":true,"href":"https:\/\/vohnabrindes.com.br\/index.php\/wp-json\/wp\/v2\/media\/3112"}],"wp:attachment":[{"href":"https:\/\/vohnabrindes.com.br\/index.php\/wp-json\/wp\/v2\/media?parent=5518"}],"wp:term":[{"taxonomy":"product_cat","embeddable":true,"href":"https:\/\/vohnabrindes.com.br\/index.php\/wp-json\/wp\/v2\/product_cat?post=5518"},{"taxonomy":"product_tag","embeddable":true,"href":"https:\/\/vohnabrindes.com.br\/index.php\/wp-json\/wp\/v2\/product_tag?post=5518"}],"curies":[{"name":"wp","href":"https:\/\/api.w.org\/{rel}","templated":true}]}}