{"id":5520,"date":"2025-05-30T21:40:22","date_gmt":"2025-05-31T00:40:22","guid":{"rendered":"https:\/\/vohnabrindes.com.br\/?post_type=product&#038;p=5520"},"modified":"2025-05-30T21:40:25","modified_gmt":"2025-05-31T00:40:25","slug":"fone-de-ouvido-bluetooth-com-case-carregador-personalizado-2","status":"publish","type":"product","link":"https:\/\/vohnabrindes.com.br\/index.php\/product\/fone-de-ouvido-bluetooth-com-case-carregador-personalizado-2\/","title":{"rendered":"Fone de Ouvido Bluetooth com Case Carregador personalizado."},"content":{"rendered":"<pre id=\"item_referencia\">06084<\/pre>\n<p class=\"produto-nome\">Fone de Ouvido Bluetooth com Case Carregador personalizado.<\/p>\n<div class=\"caracs\">\n<div class=\"desc\">\n<p class=\"desc-tit\"><span class=\"desc-sub my-desc-sub\">Fone de ouvido bluetooth vem com um bot\u00e3o para comandos e um case carregador com display de bateria. Tamb\u00e9m possui um modo sono, onde funciona por 45 minutos antes de desligar automaticamente. Acompanha USB Tipo-C, cord\u00e3o de silicone e 2 pares de eartips em diferentes tamanhos.<\/span><\/p>\n<\/div>\n<div class=\"desc\">\n<p class=\"desc-tit\">Altura<span class=\"desc-sub\">\u00a0:\u00a0 6,3 cm<\/span><\/p>\n<\/div>\n<div class=\"desc\">\n<p class=\"desc-tit\">Largura<span class=\"desc-sub\">\u00a0:\u00a0 6,3 cm<\/span><\/p>\n<\/div>\n<div class=\"desc\">\n<p class=\"desc-tit\">Espessura<span class=\"desc-sub\">\u00a0:\u00a0 2,1 cm<\/span><\/p>\n<\/div>\n<div class=\"desc\">\n<p class=\"desc-tit\">Medidas aproximadas para grava\u00e7\u00e3o<span class=\"desc-sub\">\u00a0(CxL):\u00a0 4 cm x 4 cm<\/span><\/p>\n<\/div>\n<div class=\"desc\">\n<p class=\"desc-tit\">Tamanho total aproximado\u00a0<span class=\"desc-sub\">\u00a0(CxL):\u00a0 Fones: 2,5 cm x 2,2 cm<\/span><\/p>\n<\/div>\n<div class=\"desc\">\n<p class=\"desc-tit\">Peso aproximado<span class=\"desc-sub\">\u00a0(g):\u00a0 43<\/span><\/p>\n<\/div>\n<\/div>\n","protected":false},"excerpt":{"rendered":"<p>06084 Fone de Ouvido Bluetooth com Case Carregador personalizado. Fone de ouvido bluetooth vem com um bot\u00e3o para comandos e um case carregador com display de<span class=\"excerpt-hellip\"> [\u2026]<\/span><\/p>\n","protected":false},"featured_media":3120,"comment_status":"open","ping_status":"closed","template":"","meta":[],"product_cat":[1015],"product_tag":[1030,270,1031],"class_list":["post-5520","product","type-product","status-publish","has-post-thumbnail","hentry","product_cat-fones-de-ouvido","product_tag-fone-de-ouvido-bluetooth-com-case-carregador-personalizado","product_tag-fone-de-ouvido-com-logo","product_tag-fone-de-ouvido-personalizado"],"_links":{"self":[{"href":"https:\/\/vohnabrindes.com.br\/index.php\/wp-json\/wp\/v2\/product\/5520","targetHints":{"allow":["GET"]}}],"collection":[{"href":"https:\/\/vohnabrindes.com.br\/index.php\/wp-json\/wp\/v2\/product"}],"about":[{"href":"https:\/\/vohnabrindes.com.br\/index.php\/wp-json\/wp\/v2\/types\/product"}],"replies":[{"embeddable":true,"href":"https:\/\/vohnabrindes.com.br\/index.php\/wp-json\/wp\/v2\/comments?post=5520"}],"version-history":[{"count":1,"href":"https:\/\/vohnabrindes.com.br\/index.php\/wp-json\/wp\/v2\/product\/5520\/revisions"}],"predecessor-version":[{"id":5550,"href":"https:\/\/vohnabrindes.com.br\/index.php\/wp-json\/wp\/v2\/product\/5520\/revisions\/5550"}],"wp:featuredmedia":[{"embeddable":true,"href":"https:\/\/vohnabrindes.com.br\/index.php\/wp-json\/wp\/v2\/media\/3120"}],"wp:attachment":[{"href":"https:\/\/vohnabrindes.com.br\/index.php\/wp-json\/wp\/v2\/media?parent=5520"}],"wp:term":[{"taxonomy":"product_cat","embeddable":true,"href":"https:\/\/vohnabrindes.com.br\/index.php\/wp-json\/wp\/v2\/product_cat?post=5520"},{"taxonomy":"product_tag","embeddable":true,"href":"https:\/\/vohnabrindes.com.br\/index.php\/wp-json\/wp\/v2\/product_tag?post=5520"}],"curies":[{"name":"wp","href":"https:\/\/api.w.org\/{rel}","templated":true}]}}