{"id":5523,"date":"2025-05-30T21:40:23","date_gmt":"2025-05-31T00:40:23","guid":{"rendered":"https:\/\/vohnabrindes.com.br\/?post_type=product&#038;p=5523"},"modified":"2025-05-30T21:40:25","modified_gmt":"2025-05-31T00:40:25","slug":"fone-de-ouvido-em-pc-personalizado","status":"publish","type":"product","link":"https:\/\/vohnabrindes.com.br\/index.php\/product\/fone-de-ouvido-em-pc-personalizado\/","title":{"rendered":"Fone de ouvido em PC personalizado."},"content":{"rendered":"<div class=\"ref\">57914-MEDLEY.<\/div>\n<div class=\"ref\">Fone de ouvido em PC personalizado.<\/div>\n<div class=\"texto\">Fone de ouvido em PC. Transmiss\u00e3o sem fios BT v5.0 com banda para pesco\u00e7o com autonomia aproximada de 7 horas. Fun\u00e7\u00e3o para atender chamadas, controle de volume e conex\u00e3o \u00e0 playlist do dispositivo m\u00f3vel. Incluso cabo USB \/ micro USB para carregar. Fornecido em bolsa em non-woven. 190 x 200 mm<\/div>\n","protected":false},"excerpt":{"rendered":"<p>57914-MEDLEY. Fone de ouvido em PC personalizado. Fone de ouvido em PC. Transmiss\u00e3o sem fios BT v5.0 com banda para pesco\u00e7o com autonomia aproximada de 7<span class=\"excerpt-hellip\"> [\u2026]<\/span><\/p>\n","protected":false},"featured_media":3130,"comment_status":"open","ping_status":"closed","template":"","meta":[],"product_cat":[1015],"product_tag":[270,1033,1031],"class_list":["post-5523","product","type-product","status-publish","has-post-thumbnail","hentry","product_cat-fones-de-ouvido","product_tag-fone-de-ouvido-com-logo","product_tag-fone-de-ouvido-em-pc-personalizado","product_tag-fone-de-ouvido-personalizado"],"_links":{"self":[{"href":"https:\/\/vohnabrindes.com.br\/index.php\/wp-json\/wp\/v2\/product\/5523","targetHints":{"allow":["GET"]}}],"collection":[{"href":"https:\/\/vohnabrindes.com.br\/index.php\/wp-json\/wp\/v2\/product"}],"about":[{"href":"https:\/\/vohnabrindes.com.br\/index.php\/wp-json\/wp\/v2\/types\/product"}],"replies":[{"embeddable":true,"href":"https:\/\/vohnabrindes.com.br\/index.php\/wp-json\/wp\/v2\/comments?post=5523"}],"version-history":[{"count":1,"href":"https:\/\/vohnabrindes.com.br\/index.php\/wp-json\/wp\/v2\/product\/5523\/revisions"}],"predecessor-version":[{"id":5553,"href":"https:\/\/vohnabrindes.com.br\/index.php\/wp-json\/wp\/v2\/product\/5523\/revisions\/5553"}],"wp:featuredmedia":[{"embeddable":true,"href":"https:\/\/vohnabrindes.com.br\/index.php\/wp-json\/wp\/v2\/media\/3130"}],"wp:attachment":[{"href":"https:\/\/vohnabrindes.com.br\/index.php\/wp-json\/wp\/v2\/media?parent=5523"}],"wp:term":[{"taxonomy":"product_cat","embeddable":true,"href":"https:\/\/vohnabrindes.com.br\/index.php\/wp-json\/wp\/v2\/product_cat?post=5523"},{"taxonomy":"product_tag","embeddable":true,"href":"https:\/\/vohnabrindes.com.br\/index.php\/wp-json\/wp\/v2\/product_tag?post=5523"}],"curies":[{"name":"wp","href":"https:\/\/api.w.org\/{rel}","templated":true}]}}