{"id":5560,"date":"2025-05-30T21:40:25","date_gmt":"2025-05-31T00:40:25","guid":{"rendered":"https:\/\/vohnabrindes.com.br\/?post_type=product&#038;p=5560"},"modified":"2025-05-30T21:40:27","modified_gmt":"2025-05-31T00:40:27","slug":"pasta-a4-em-cortica-personalizada","status":"publish","type":"product","link":"https:\/\/vohnabrindes.com.br\/index.php\/product\/pasta-a4-em-cortica-personalizada\/","title":{"rendered":"Pasta A4 em corti\u00e7a personalizada"},"content":{"rendered":"<div class=\"ref\">52069-SERPE.<\/div>\n<div class=\"ref\">Pasta A4 em corti\u00e7a personalizada.<\/div>\n<div class=\"texto\">Pasta A4 em corti\u00e7a, ecologicamente correta,<\/div>\n<div class=\"texto\">com um bloco de 20 folhas lisas em cor marfim, suporte para esferogr\u00e1fica (n\u00e3o inclusa) e el\u00e1stico.<\/div>\n<div class=\"texto\">Fornecida em embalagem de non-woven. 239 x 307 x 17 mm | Bolsa: 285 x 350 mm<\/div>\n","protected":false},"excerpt":{"rendered":"<p>52069-SERPE. Pasta A4 em corti\u00e7a personalizada. Pasta A4 em corti\u00e7a, ecologicamente correta, com um bloco de 20 folhas lisas em cor marfim, suporte para esferogr\u00e1fica (n\u00e3o<span class=\"excerpt-hellip\"> [\u2026]<\/span><\/p>\n","protected":false},"featured_media":3150,"comment_status":"open","ping_status":"closed","template":"","meta":[],"product_cat":[144,126],"product_tag":[1044,677,1038,1039,680],"class_list":["post-5560","product","type-product","status-publish","has-post-thumbnail","hentry","product_cat-cadernos-e-pastas","product_cat-linha-ecologica","product_tag-pasta-a4-em-cortica-personalizada","product_tag-pasta-a4-personalizada","product_tag-pasta-para-eventos","product_tag-pasta-para-feiras","product_tag-pasta-personalizada"],"_links":{"self":[{"href":"https:\/\/vohnabrindes.com.br\/index.php\/wp-json\/wp\/v2\/product\/5560","targetHints":{"allow":["GET"]}}],"collection":[{"href":"https:\/\/vohnabrindes.com.br\/index.php\/wp-json\/wp\/v2\/product"}],"about":[{"href":"https:\/\/vohnabrindes.com.br\/index.php\/wp-json\/wp\/v2\/types\/product"}],"replies":[{"embeddable":true,"href":"https:\/\/vohnabrindes.com.br\/index.php\/wp-json\/wp\/v2\/comments?post=5560"}],"version-history":[{"count":1,"href":"https:\/\/vohnabrindes.com.br\/index.php\/wp-json\/wp\/v2\/product\/5560\/revisions"}],"predecessor-version":[{"id":5590,"href":"https:\/\/vohnabrindes.com.br\/index.php\/wp-json\/wp\/v2\/product\/5560\/revisions\/5590"}],"wp:featuredmedia":[{"embeddable":true,"href":"https:\/\/vohnabrindes.com.br\/index.php\/wp-json\/wp\/v2\/media\/3150"}],"wp:attachment":[{"href":"https:\/\/vohnabrindes.com.br\/index.php\/wp-json\/wp\/v2\/media?parent=5560"}],"wp:term":[{"taxonomy":"product_cat","embeddable":true,"href":"https:\/\/vohnabrindes.com.br\/index.php\/wp-json\/wp\/v2\/product_cat?post=5560"},{"taxonomy":"product_tag","embeddable":true,"href":"https:\/\/vohnabrindes.com.br\/index.php\/wp-json\/wp\/v2\/product_tag?post=5560"}],"curies":[{"name":"wp","href":"https:\/\/api.w.org\/{rel}","templated":true}]}}