{"id":5561,"date":"2025-05-30T21:40:25","date_gmt":"2025-05-31T00:40:25","guid":{"rendered":"https:\/\/vohnabrindes.com.br\/?post_type=product&#038;p=5561"},"modified":"2025-05-30T21:40:27","modified_gmt":"2025-05-31T00:40:27","slug":"pasta-a5-em-reciclado-100-rpet-com-carregador-wireless-personalizada","status":"publish","type":"product","link":"https:\/\/vohnabrindes.com.br\/index.php\/product\/pasta-a5-em-reciclado-100-rpet-com-carregador-wireless-personalizada\/","title":{"rendered":"Pasta A5 em reciclado (100% rPET) com carregador wireless personalizada."},"content":{"rendered":"<div class=\"ref\">53581-ELEVATE A5 FOLDER.<\/div>\n<div><\/div>\n<div class=\"ref\">Pasta A5 em 300D poli\u00e9ster reciclado (100% rPET) com carregador wireless embutido 5.000 mAh personalizada.<\/div>\n<div><\/div>\n<div class=\"texto\">Pasta A5 em 300D poli\u00e9ster reciclado (100% rPET) com carregador wireless embutido.<\/div>\n<div class=\"texto\">A bateria tem capacidade para 5.000 mAh, pot\u00eancia de 10W, entrada\/sa\u00edda 5V\/2.1A e cabo USB tipo C para carregar a bateria.<\/div>\n<div class=\"texto\">A pasta cont\u00e9m no seu interior um bolso para smartphone at\u00e9 6.5&#8221;, tr\u00eas espa\u00e7os para cart\u00f5es, quatro luzes LED, bot\u00e3o on\/off, suportes para esferogr\u00e1fica (n\u00e3o inclusa), celular e cabo USB, um bloco de notas com capa em cart\u00e3o preto e 64 folhas pautadas de cor marfim, em papel proveniente de gest\u00e3o florestal sustent\u00e1vel.<\/div>\n<div class=\"texto\">Na frente existe ainda uma impress\u00e3o oval em preto para indicar a \u00e1rea de carga do wireless.<\/div>\n<div class=\"texto\">Fornecido em caixa presente.<\/div>\n<div class=\"texto\">dimens\u00f5es: A5 &#8211; 165 x 225 x 25 mm<\/div>\n","protected":false},"excerpt":{"rendered":"<p>53581-ELEVATE A5 FOLDER. Pasta A5 em 300D poli\u00e9ster reciclado (100% rPET) com carregador wireless embutido 5.000 mAh personalizada. Pasta A5 em 300D poli\u00e9ster reciclado (100% rPET)<span class=\"excerpt-hellip\"> [\u2026]<\/span><\/p>\n","protected":false},"featured_media":3152,"comment_status":"open","ping_status":"closed","template":"","meta":[],"product_cat":[144,125,152],"product_tag":[1045,1046,680],"class_list":["post-5561","product","type-product","status-publish","has-post-thumbnail","hentry","product_cat-cadernos-e-pastas","product_cat-carregadores-powerbank","product_cat-lancamentos","product_tag-pasta-a5-em-300d-poliester-reciclado-100-rpet-com-carregador-wireless-embutido-5-000-mah-personalizada","product_tag-pasta-a5-em-reciclado-100-rpet-com-carregador-wireless-personalizada","product_tag-pasta-personalizada"],"_links":{"self":[{"href":"https:\/\/vohnabrindes.com.br\/index.php\/wp-json\/wp\/v2\/product\/5561","targetHints":{"allow":["GET"]}}],"collection":[{"href":"https:\/\/vohnabrindes.com.br\/index.php\/wp-json\/wp\/v2\/product"}],"about":[{"href":"https:\/\/vohnabrindes.com.br\/index.php\/wp-json\/wp\/v2\/types\/product"}],"replies":[{"embeddable":true,"href":"https:\/\/vohnabrindes.com.br\/index.php\/wp-json\/wp\/v2\/comments?post=5561"}],"version-history":[{"count":1,"href":"https:\/\/vohnabrindes.com.br\/index.php\/wp-json\/wp\/v2\/product\/5561\/revisions"}],"predecessor-version":[{"id":5591,"href":"https:\/\/vohnabrindes.com.br\/index.php\/wp-json\/wp\/v2\/product\/5561\/revisions\/5591"}],"wp:featuredmedia":[{"embeddable":true,"href":"https:\/\/vohnabrindes.com.br\/index.php\/wp-json\/wp\/v2\/media\/3152"}],"wp:attachment":[{"href":"https:\/\/vohnabrindes.com.br\/index.php\/wp-json\/wp\/v2\/media?parent=5561"}],"wp:term":[{"taxonomy":"product_cat","embeddable":true,"href":"https:\/\/vohnabrindes.com.br\/index.php\/wp-json\/wp\/v2\/product_cat?post=5561"},{"taxonomy":"product_tag","embeddable":true,"href":"https:\/\/vohnabrindes.com.br\/index.php\/wp-json\/wp\/v2\/product_tag?post=5561"}],"curies":[{"name":"wp","href":"https:\/\/api.w.org\/{rel}","templated":true}]}}