{"id":5562,"date":"2025-05-30T21:40:26","date_gmt":"2025-05-31T00:40:26","guid":{"rendered":"https:\/\/vohnabrindes.com.br\/?post_type=product&#038;p=5562"},"modified":"2025-05-30T21:40:28","modified_gmt":"2025-05-31T00:40:28","slug":"pasta-luxo-com-bateria-portatil-personalizada","status":"publish","type":"product","link":"https:\/\/vohnabrindes.com.br\/index.php\/product\/pasta-luxo-com-bateria-portatil-personalizada\/","title":{"rendered":"Pasta  luxo com bateria port\u00e1til personalizada."},"content":{"rendered":"<div class=\"ref\">\n<p>52075-OSCAR II.<\/p>\n<p>Pasta com bateria port\u00e1til luxo personalizada.<\/p>\n<p>Pasta A5 em couro sint\u00e9tico com bateria port\u00e1til embutida (l\u00edtio). A bateria tem capacidade para 4.000 mAh, tempo de vida \u2265 500 ciclos com entrada\/sa\u00edda 5V\/1A e cabo USB \/ micro USB para carregar a bateria. No interior, cont\u00e9m um caderno remov\u00edvel com 64 folhas pautadas de cor marfim, um suporte para esferogr\u00e1fica (n\u00e3o inclusa), el\u00e1sticos para organiza\u00e7\u00e3o e suporte para smartphone. No exterior, uma placa com acabamento emborrachado, LED interior e bot\u00e3o on\/off. Fornecida em caixa presente. 165 x 225 x 25 mm | Placa: 55 x 35 mm | Caixa: 180 x 240 x 35 mm<\/p>\n<p>dimens\u00f5es: 370 x 290 x 60 mm<\/p><\/div>\n","protected":false},"excerpt":{"rendered":"<p>52075-OSCAR II. Pasta com bateria port\u00e1til luxo personalizada. Pasta A5 em couro sint\u00e9tico com bateria port\u00e1til embutida (l\u00edtio). A bateria tem capacidade para 4.000 mAh, tempo<span class=\"excerpt-hellip\"> [\u2026]<\/span><\/p>\n","protected":false},"featured_media":5592,"comment_status":"open","ping_status":"closed","template":"","meta":[],"product_cat":[144,377],"product_tag":[1149,680],"class_list":["post-5562","product","type-product","status-publish","has-post-thumbnail","hentry","product_cat-cadernos-e-pastas","product_cat-informatica-som-e-tecnologia","product_tag-pasta-com-bateria-portatil-luxo-personalizada","product_tag-pasta-personalizada"],"_links":{"self":[{"href":"https:\/\/vohnabrindes.com.br\/index.php\/wp-json\/wp\/v2\/product\/5562","targetHints":{"allow":["GET"]}}],"collection":[{"href":"https:\/\/vohnabrindes.com.br\/index.php\/wp-json\/wp\/v2\/product"}],"about":[{"href":"https:\/\/vohnabrindes.com.br\/index.php\/wp-json\/wp\/v2\/types\/product"}],"replies":[{"embeddable":true,"href":"https:\/\/vohnabrindes.com.br\/index.php\/wp-json\/wp\/v2\/comments?post=5562"}],"version-history":[{"count":1,"href":"https:\/\/vohnabrindes.com.br\/index.php\/wp-json\/wp\/v2\/product\/5562\/revisions"}],"predecessor-version":[{"id":5593,"href":"https:\/\/vohnabrindes.com.br\/index.php\/wp-json\/wp\/v2\/product\/5562\/revisions\/5593"}],"wp:featuredmedia":[{"embeddable":true,"href":"https:\/\/vohnabrindes.com.br\/index.php\/wp-json\/wp\/v2\/media\/5592"}],"wp:attachment":[{"href":"https:\/\/vohnabrindes.com.br\/index.php\/wp-json\/wp\/v2\/media?parent=5562"}],"wp:term":[{"taxonomy":"product_cat","embeddable":true,"href":"https:\/\/vohnabrindes.com.br\/index.php\/wp-json\/wp\/v2\/product_cat?post=5562"},{"taxonomy":"product_tag","embeddable":true,"href":"https:\/\/vohnabrindes.com.br\/index.php\/wp-json\/wp\/v2\/product_tag?post=5562"}],"curies":[{"name":"wp","href":"https:\/\/api.w.org\/{rel}","templated":true}]}}