{"id":5563,"date":"2025-05-30T21:40:26","date_gmt":"2025-05-31T00:40:26","guid":{"rendered":"https:\/\/vohnabrindes.com.br\/?post_type=product&#038;p=5563"},"modified":"2025-05-30T21:40:28","modified_gmt":"2025-05-31T00:40:28","slug":"pasta-convencao-com-calculadora-personalizada","status":"publish","type":"product","link":"https:\/\/vohnabrindes.com.br\/index.php\/product\/pasta-convencao-com-calculadora-personalizada\/","title":{"rendered":"Pasta Conven\u00e7\u00e3o Com Calculadora personalizada."},"content":{"rendered":"<pre id=\"item_referencia\">10108<\/pre>\n<p class=\"produto-nome\">Pasta Conven\u00e7\u00e3o Com Calculadora personalizada.<\/p>\n<div class=\"caracs\">\n<div class=\"desc\">\n<p class=\"desc-tit\"><span class=\"desc-sub my-desc-sub\">Pasta conven\u00e7\u00e3o de couro sint\u00e9tico, possui calculadora solar pl\u00e1stica de 8 d\u00edgitos, suporte para cart\u00e3o, suporte com visor para cart\u00e3o de identifica\u00e7\u00e3o, suporte para arquivar documentos, suporte para caneta(n\u00e3o acompanha caneta) e bloco com 20 folhas pautadas.<\/span><\/p>\n<\/div>\n<div class=\"desc\">\n<p class=\"desc-tit\">Altura<span class=\"desc-sub\">\u00a0:\u00a0 31,5 cm<\/span><\/p>\n<\/div>\n<div class=\"desc\">\n<p class=\"desc-tit\">Largura<span class=\"desc-sub\">\u00a0:\u00a0 24,1 cm<\/span><\/p>\n<\/div>\n<div class=\"desc\">\n<p class=\"desc-tit\">Medidas aproximadas para grava\u00e7\u00e3o<span class=\"desc-sub\">\u00a0(CxL):\u00a0 30,8 cm x 17,1 cm<\/span><\/p>\n<\/div>\n<div class=\"desc\">\n<p class=\"desc-tit\">Peso aproximado<span class=\"desc-sub\">\u00a0(g):\u00a0 615<\/span><\/p>\n<\/div>\n<\/div>\n","protected":false},"excerpt":{"rendered":"<p>10108 Pasta Conven\u00e7\u00e3o Com Calculadora personalizada. Pasta conven\u00e7\u00e3o de couro sint\u00e9tico, possui calculadora solar pl\u00e1stica de 8 d\u00edgitos, suporte para cart\u00e3o, suporte com visor para cart\u00e3o<span class=\"excerpt-hellip\"> [\u2026]<\/span><\/p>\n","protected":false},"featured_media":3156,"comment_status":"open","ping_status":"closed","template":"","meta":[],"product_cat":[144],"product_tag":[1047,680],"class_list":["post-5563","product","type-product","status-publish","has-post-thumbnail","hentry","product_cat-cadernos-e-pastas","product_tag-pasta-convencao-com-calculadora-personalizada","product_tag-pasta-personalizada"],"_links":{"self":[{"href":"https:\/\/vohnabrindes.com.br\/index.php\/wp-json\/wp\/v2\/product\/5563","targetHints":{"allow":["GET"]}}],"collection":[{"href":"https:\/\/vohnabrindes.com.br\/index.php\/wp-json\/wp\/v2\/product"}],"about":[{"href":"https:\/\/vohnabrindes.com.br\/index.php\/wp-json\/wp\/v2\/types\/product"}],"replies":[{"embeddable":true,"href":"https:\/\/vohnabrindes.com.br\/index.php\/wp-json\/wp\/v2\/comments?post=5563"}],"version-history":[{"count":1,"href":"https:\/\/vohnabrindes.com.br\/index.php\/wp-json\/wp\/v2\/product\/5563\/revisions"}],"predecessor-version":[{"id":5594,"href":"https:\/\/vohnabrindes.com.br\/index.php\/wp-json\/wp\/v2\/product\/5563\/revisions\/5594"}],"wp:featuredmedia":[{"embeddable":true,"href":"https:\/\/vohnabrindes.com.br\/index.php\/wp-json\/wp\/v2\/media\/3156"}],"wp:attachment":[{"href":"https:\/\/vohnabrindes.com.br\/index.php\/wp-json\/wp\/v2\/media?parent=5563"}],"wp:term":[{"taxonomy":"product_cat","embeddable":true,"href":"https:\/\/vohnabrindes.com.br\/index.php\/wp-json\/wp\/v2\/product_cat?post=5563"},{"taxonomy":"product_tag","embeddable":true,"href":"https:\/\/vohnabrindes.com.br\/index.php\/wp-json\/wp\/v2\/product_tag?post=5563"}],"curies":[{"name":"wp","href":"https:\/\/api.w.org\/{rel}","templated":true}]}}