{"id":5575,"date":"2025-05-30T21:40:26","date_gmt":"2025-05-31T00:40:26","guid":{"rendered":"https:\/\/vohnabrindes.com.br\/?post_type=product&#038;p=5575"},"modified":"2025-05-30T21:40:29","modified_gmt":"2025-05-31T00:40:29","slug":"necessaire-em-juta-personalizada","status":"publish","type":"product","link":"https:\/\/vohnabrindes.com.br\/index.php\/product\/necessaire-em-juta-personalizada\/","title":{"rendered":"Necessaire em juta personalizada."},"content":{"rendered":"<div class=\"ref\">92324-SEYCHELLES.<\/div>\n<div class=\"ref\">Necessaire em juta personalizada.<\/div>\n<div class=\"ref\"><\/div>\n<div class=\"texto\">Bolsa de cosm\u00e9ticos em juco (mistura de algod\u00e3o e juta, 260g\/m\u00b2) com interior forrado em tecido 70% algod\u00e3o reciclado e 30% poli\u00e9ster reciclado. Compartimento espa\u00e7oso com z\u00edper.<\/div>\n<div class=\"texto\">dimens\u00f5es: 250 x 130 x 100 mm<\/div>\n","protected":false},"excerpt":{"rendered":"<p>92324-SEYCHELLES. Necessaire em juta personalizada. Bolsa de cosm\u00e9ticos em juco (mistura de algod\u00e3o e juta, 260g\/m\u00b2) com interior forrado em tecido 70% algod\u00e3o reciclado e 30%<span class=\"excerpt-hellip\"> [\u2026]<\/span><\/p>\n","protected":false},"featured_media":3200,"comment_status":"open","ping_status":"closed","template":"","meta":[],"product_cat":[126,783],"product_tag":[1063,797,790,816,1064],"class_list":["post-5575","product","type-product","status-publish","has-post-thumbnail","hentry","product_cat-linha-ecologica","product_cat-necessaires","product_tag-necessaire-personalizada-ecologicamente-correta","product_tag-necessaire-amiga-do-meio-ambiente-personalizada","product_tag-necessaire-com-logo","product_tag-necessaire-ecologica-personalizada","product_tag-necessaire-em-juta-personalizada"],"_links":{"self":[{"href":"https:\/\/vohnabrindes.com.br\/index.php\/wp-json\/wp\/v2\/product\/5575","targetHints":{"allow":["GET"]}}],"collection":[{"href":"https:\/\/vohnabrindes.com.br\/index.php\/wp-json\/wp\/v2\/product"}],"about":[{"href":"https:\/\/vohnabrindes.com.br\/index.php\/wp-json\/wp\/v2\/types\/product"}],"replies":[{"embeddable":true,"href":"https:\/\/vohnabrindes.com.br\/index.php\/wp-json\/wp\/v2\/comments?post=5575"}],"version-history":[{"count":1,"href":"https:\/\/vohnabrindes.com.br\/index.php\/wp-json\/wp\/v2\/product\/5575\/revisions"}],"predecessor-version":[{"id":5606,"href":"https:\/\/vohnabrindes.com.br\/index.php\/wp-json\/wp\/v2\/product\/5575\/revisions\/5606"}],"wp:featuredmedia":[{"embeddable":true,"href":"https:\/\/vohnabrindes.com.br\/index.php\/wp-json\/wp\/v2\/media\/3200"}],"wp:attachment":[{"href":"https:\/\/vohnabrindes.com.br\/index.php\/wp-json\/wp\/v2\/media?parent=5575"}],"wp:term":[{"taxonomy":"product_cat","embeddable":true,"href":"https:\/\/vohnabrindes.com.br\/index.php\/wp-json\/wp\/v2\/product_cat?post=5575"},{"taxonomy":"product_tag","embeddable":true,"href":"https:\/\/vohnabrindes.com.br\/index.php\/wp-json\/wp\/v2\/product_tag?post=5575"}],"curies":[{"name":"wp","href":"https:\/\/api.w.org\/{rel}","templated":true}]}}