{"id":5576,"date":"2025-05-30T21:40:26","date_gmt":"2025-05-31T00:40:26","guid":{"rendered":"https:\/\/vohnabrindes.com.br\/?post_type=product&#038;p=5576"},"modified":"2025-05-30T21:40:29","modified_gmt":"2025-05-31T00:40:29","slug":"embalagem-ecologica-para-garrafa-personalizada","status":"publish","type":"product","link":"https:\/\/vohnabrindes.com.br\/index.php\/product\/embalagem-ecologica-para-garrafa-personalizada\/","title":{"rendered":"Embalagem ecol\u00f3gica para garrafa personalizada."},"content":{"rendered":"<div class=\"ref\">92883-JEROME.<\/div>\n<div class=\"ref\">Embalagem para garrafa em 100% algod\u00e3o(180 g\/m\u00b2) personalizada.<\/div>\n<div class=\"texto\">Sacola para garrafa em 100% algod\u00e3o (180 g\/m\u00b2) com cord\u00e3o para fechar, tamb\u00e9m em algod\u00e3o. 150 x 340 mm<\/div>\n","protected":false},"excerpt":{"rendered":"<p>92883-JEROME. Embalagem para garrafa em 100% algod\u00e3o(180 g\/m\u00b2) personalizada. Sacola para garrafa em 100% algod\u00e3o (180 g\/m\u00b2) com cord\u00e3o para fechar, tamb\u00e9m em algod\u00e3o. 150 x<span class=\"excerpt-hellip\"> [\u2026]<\/span><\/p>\n","protected":false},"featured_media":3202,"comment_status":"open","ping_status":"closed","template":"","meta":[],"product_cat":[169,448],"product_tag":[1065,1066,1067,1068],"class_list":["post-5576","product","type-product","status-publish","has-post-thumbnail","hentry","product_cat-embalagens","product_cat-kit-vinho-bar-e-comemoracao","product_tag-embalagem-com-logo","product_tag-embalagem-ecologica-para-garrafa-personalizada","product_tag-embalagem-para-garrafa","product_tag-embalagem-personalizada"],"_links":{"self":[{"href":"https:\/\/vohnabrindes.com.br\/index.php\/wp-json\/wp\/v2\/product\/5576","targetHints":{"allow":["GET"]}}],"collection":[{"href":"https:\/\/vohnabrindes.com.br\/index.php\/wp-json\/wp\/v2\/product"}],"about":[{"href":"https:\/\/vohnabrindes.com.br\/index.php\/wp-json\/wp\/v2\/types\/product"}],"replies":[{"embeddable":true,"href":"https:\/\/vohnabrindes.com.br\/index.php\/wp-json\/wp\/v2\/comments?post=5576"}],"version-history":[{"count":1,"href":"https:\/\/vohnabrindes.com.br\/index.php\/wp-json\/wp\/v2\/product\/5576\/revisions"}],"predecessor-version":[{"id":5607,"href":"https:\/\/vohnabrindes.com.br\/index.php\/wp-json\/wp\/v2\/product\/5576\/revisions\/5607"}],"wp:featuredmedia":[{"embeddable":true,"href":"https:\/\/vohnabrindes.com.br\/index.php\/wp-json\/wp\/v2\/media\/3202"}],"wp:attachment":[{"href":"https:\/\/vohnabrindes.com.br\/index.php\/wp-json\/wp\/v2\/media?parent=5576"}],"wp:term":[{"taxonomy":"product_cat","embeddable":true,"href":"https:\/\/vohnabrindes.com.br\/index.php\/wp-json\/wp\/v2\/product_cat?post=5576"},{"taxonomy":"product_tag","embeddable":true,"href":"https:\/\/vohnabrindes.com.br\/index.php\/wp-json\/wp\/v2\/product_tag?post=5576"}],"curies":[{"name":"wp","href":"https:\/\/api.w.org\/{rel}","templated":true}]}}