{"id":5578,"date":"2025-05-30T21:40:26","date_gmt":"2025-05-31T00:40:26","guid":{"rendered":"https:\/\/vohnabrindes.com.br\/?post_type=product&#038;p=5578"},"modified":"2025-05-30T21:40:29","modified_gmt":"2025-05-31T00:40:29","slug":"embalagem-luxo-personalizada","status":"publish","type":"product","link":"https:\/\/vohnabrindes.com.br\/index.php\/product\/embalagem-luxo-personalizada\/","title":{"rendered":"Embalagem luxo personalizada."},"content":{"rendered":"<div class=\"ref\">92819-BORBA.<\/div>\n<div class=\"ref\">Embalagem luxo personalizada<\/div>\n<div class=\"ref\">Sacola para 1 garrafa em corti\u00e7a<\/div>\n<div class=\"texto\">Sacola em corti\u00e7a para 1 garrafa. Sacola amiga do ambiente com 2 al\u00e7as e janela na parte frontal, ideal para oferta. A cor e o resultado da impress\u00e3o nos materiais naturais pode variar entre produtos. 100 x 330 x 100 mm<\/div>\n","protected":false},"excerpt":{"rendered":"<p>92819-BORBA. Embalagem luxo personalizada Sacola para 1 garrafa em corti\u00e7a Sacola em corti\u00e7a para 1 garrafa. Sacola amiga do ambiente com 2 al\u00e7as e janela na<span class=\"excerpt-hellip\"> [\u2026]<\/span><\/p>\n","protected":false},"featured_media":3209,"comment_status":"open","ping_status":"closed","template":"","meta":[],"product_cat":[169,448,126],"product_tag":[1065,1066,1070,1068],"class_list":["post-5578","product","type-product","status-publish","has-post-thumbnail","hentry","product_cat-embalagens","product_cat-kit-vinho-bar-e-comemoracao","product_cat-linha-ecologica","product_tag-embalagem-com-logo","product_tag-embalagem-ecologica-para-garrafa-personalizada","product_tag-embalagem-luxo-personalizada","product_tag-embalagem-personalizada"],"_links":{"self":[{"href":"https:\/\/vohnabrindes.com.br\/index.php\/wp-json\/wp\/v2\/product\/5578","targetHints":{"allow":["GET"]}}],"collection":[{"href":"https:\/\/vohnabrindes.com.br\/index.php\/wp-json\/wp\/v2\/product"}],"about":[{"href":"https:\/\/vohnabrindes.com.br\/index.php\/wp-json\/wp\/v2\/types\/product"}],"replies":[{"embeddable":true,"href":"https:\/\/vohnabrindes.com.br\/index.php\/wp-json\/wp\/v2\/comments?post=5578"}],"version-history":[{"count":1,"href":"https:\/\/vohnabrindes.com.br\/index.php\/wp-json\/wp\/v2\/product\/5578\/revisions"}],"predecessor-version":[{"id":5609,"href":"https:\/\/vohnabrindes.com.br\/index.php\/wp-json\/wp\/v2\/product\/5578\/revisions\/5609"}],"wp:featuredmedia":[{"embeddable":true,"href":"https:\/\/vohnabrindes.com.br\/index.php\/wp-json\/wp\/v2\/media\/3209"}],"wp:attachment":[{"href":"https:\/\/vohnabrindes.com.br\/index.php\/wp-json\/wp\/v2\/media?parent=5578"}],"wp:term":[{"taxonomy":"product_cat","embeddable":true,"href":"https:\/\/vohnabrindes.com.br\/index.php\/wp-json\/wp\/v2\/product_cat?post=5578"},{"taxonomy":"product_tag","embeddable":true,"href":"https:\/\/vohnabrindes.com.br\/index.php\/wp-json\/wp\/v2\/product_tag?post=5578"}],"curies":[{"name":"wp","href":"https:\/\/api.w.org\/{rel}","templated":true}]}}