{"id":5579,"date":"2025-05-30T21:40:27","date_gmt":"2025-05-31T00:40:27","guid":{"rendered":"https:\/\/vohnabrindes.com.br\/?post_type=product&#038;p=5579"},"modified":"2025-05-30T21:40:30","modified_gmt":"2025-05-31T00:40:30","slug":"mini-umidificador-com-led-personalizado","status":"publish","type":"product","link":"https:\/\/vohnabrindes.com.br\/index.php\/product\/mini-umidificador-com-led-personalizado\/","title":{"rendered":"Mini Umidificador com LED personalizado."},"content":{"rendered":"<pre id=\"item_referencia\">14738<\/pre>\n<p class=\"produto-nome\">Mini Umidificador com LED personalizado.<\/p>\n<div class=\"caracs\">\n<div class=\"desc\">\n<p class=\"desc-tit\">\u00a0<span class=\"desc-sub my-desc-sub\">Mini umidificador ultrass\u00f4nico com led que muda de cor. Acompanha filtro de algod\u00e3o e um cabo USB. Capacidade para 130ml de \u00e1gua. Produzido em pl\u00e1stico e revestido por adesivo caracterizando madeira. Taxa de tens\u00e3o DC5V e Taxa de consumo de 2W. O produto n\u00e3o ret\u00e9m energia, funciona somente com o cabo USB conectado a um meio de alimenta\u00e7\u00e3o de energia. Obs.: para conserva\u00e7\u00e3o do produto \u00e9 recomend\u00e1vel utilizar \u00e1gua filtrada e n\u00e3o deve ser usado ess\u00eancias!<\/span><\/p>\n<\/div>\n<div class=\"desc\">\n<p class=\"desc-tit\">Altura<span class=\"desc-sub\">\u00a0:\u00a0 10 cm<\/span><\/p>\n<\/div>\n<div class=\"desc\">\n<p class=\"desc-tit\">Largura<span class=\"desc-sub\">\u00a0:\u00a0 10 cm<\/span><\/p>\n<\/div>\n<div class=\"desc\">\n<p class=\"desc-tit\">Circunfer\u00eancia<span class=\"desc-sub\">\u00a0:\u00a0 30,8 cm<\/span><\/p>\n<\/div>\n<\/div>\n","protected":false},"excerpt":{"rendered":"<p>14738 Mini Umidificador com LED personalizado. \u00a0Mini umidificador ultrass\u00f4nico com led que muda de cor. Acompanha filtro de algod\u00e3o e um cabo USB. Capacidade para 130ml<span class=\"excerpt-hellip\"> [\u2026]<\/span><\/p>\n","protected":false},"featured_media":3211,"comment_status":"open","ping_status":"closed","template":"","meta":[],"product_cat":[899,126],"product_tag":[1071,1072],"class_list":["post-5579","product","type-product","status-publish","has-post-thumbnail","hentry","product_cat-diversos","product_cat-linha-ecologica","product_tag-mini-umidificador-com-led-personalizado","product_tag-umidificador-personalizado"],"_links":{"self":[{"href":"https:\/\/vohnabrindes.com.br\/index.php\/wp-json\/wp\/v2\/product\/5579","targetHints":{"allow":["GET"]}}],"collection":[{"href":"https:\/\/vohnabrindes.com.br\/index.php\/wp-json\/wp\/v2\/product"}],"about":[{"href":"https:\/\/vohnabrindes.com.br\/index.php\/wp-json\/wp\/v2\/types\/product"}],"replies":[{"embeddable":true,"href":"https:\/\/vohnabrindes.com.br\/index.php\/wp-json\/wp\/v2\/comments?post=5579"}],"version-history":[{"count":1,"href":"https:\/\/vohnabrindes.com.br\/index.php\/wp-json\/wp\/v2\/product\/5579\/revisions"}],"predecessor-version":[{"id":5610,"href":"https:\/\/vohnabrindes.com.br\/index.php\/wp-json\/wp\/v2\/product\/5579\/revisions\/5610"}],"wp:featuredmedia":[{"embeddable":true,"href":"https:\/\/vohnabrindes.com.br\/index.php\/wp-json\/wp\/v2\/media\/3211"}],"wp:attachment":[{"href":"https:\/\/vohnabrindes.com.br\/index.php\/wp-json\/wp\/v2\/media?parent=5579"}],"wp:term":[{"taxonomy":"product_cat","embeddable":true,"href":"https:\/\/vohnabrindes.com.br\/index.php\/wp-json\/wp\/v2\/product_cat?post=5579"},{"taxonomy":"product_tag","embeddable":true,"href":"https:\/\/vohnabrindes.com.br\/index.php\/wp-json\/wp\/v2\/product_tag?post=5579"}],"curies":[{"name":"wp","href":"https:\/\/api.w.org\/{rel}","templated":true}]}}