{"id":5580,"date":"2025-05-30T21:40:27","date_gmt":"2025-05-31T00:40:27","guid":{"rendered":"https:\/\/vohnabrindes.com.br\/?post_type=product&#038;p=5580"},"modified":"2025-05-30T21:40:30","modified_gmt":"2025-05-31T00:40:30","slug":"umidificador-ultrassonico-com-led-personalizado","status":"publish","type":"product","link":"https:\/\/vohnabrindes.com.br\/index.php\/product\/umidificador-ultrassonico-com-led-personalizado\/","title":{"rendered":"Umidificador Ultrass\u00f4nico com Led personalizado."},"content":{"rendered":"<pre id=\"item_referencia\">14402<\/pre>\n<p class=\"produto-nome\">Umidificador Ultrass\u00f4nico com Led personalizado.<\/p>\n<div class=\"caracs\">\n<div class=\"desc\">\n<p class=\"desc-tit\"><span class=\"desc-sub my-desc-sub\">Umidificador ultrass\u00f4nico com led de 7 cores com exibi\u00e7\u00e3o alternada. Produzido em pl\u00e1stico estilizado em madeira, Umidificador possu\u00ed capacidade de at\u00e9 130ml e funciona apenas a base de \u00e1gua. O produto n\u00e3o armazena carga, a sua utiliza\u00e7\u00e3o s\u00f3 pode ser feita com cabo USB. Taxa de consumo de 2W e taxa de tens\u00e3o de DC5V. Acompanha refil de filtro de algod\u00e3o e um cabo USB. Obs.: A limpeza externa do produto deve ser feita apenas com pano umedecido, caso submergir o produto o equipamento pode ser danificado. Obs.: Aten\u00e7\u00e3o, n\u00e3o devem ser utilizadas ess\u00eancias!<\/span><\/p>\n<\/div>\n<div class=\"desc\">\n<p class=\"desc-tit\">Altura<span class=\"desc-sub\">\u00a0:\u00a0 14,4 cm<\/span><\/p>\n<\/div>\n<div class=\"desc\">\n<p class=\"desc-tit\">Largura<span class=\"desc-sub\">\u00a0:\u00a0 10 cm<\/span><\/p>\n<\/div>\n<div class=\"desc\">\n<p class=\"desc-tit\">Circunfer\u00eancia<span class=\"desc-sub\">\u00a0:\u00a0 31,8 cm<\/span><\/p>\n<\/div>\n<div class=\"desc\">\n<p class=\"desc-tit\">Medidas aproximadas para grava\u00e7\u00e3o<span class=\"desc-sub\">\u00a0(CxL):\u00a0 3 cm x 4,5 cm<\/span><\/p>\n<\/div>\n<div class=\"desc\">\n<p class=\"desc-tit\">Tamanho total aproximado\u00a0<span class=\"desc-sub\">\u00a0(CxL):\u00a0 Cabo 95,5 cm<\/span><\/p>\n<\/div>\n<div class=\"desc\">\n<p class=\"desc-tit\">Peso aproximado<span class=\"desc-sub\">\u00a0(g):\u00a0 162<\/span><\/p>\n<\/div>\n<\/div>\n","protected":false},"excerpt":{"rendered":"<p>14402 Umidificador Ultrass\u00f4nico com Led personalizado. Umidificador ultrass\u00f4nico com led de 7 cores com exibi\u00e7\u00e3o alternada. Produzido em pl\u00e1stico estilizado em madeira, Umidificador possu\u00ed capacidade de<span class=\"excerpt-hellip\"> [\u2026]<\/span><\/p>\n","protected":false},"featured_media":3213,"comment_status":"open","ping_status":"closed","template":"","meta":[],"product_cat":[899,126],"product_tag":[1071,1072],"class_list":["post-5580","product","type-product","status-publish","has-post-thumbnail","hentry","product_cat-diversos","product_cat-linha-ecologica","product_tag-mini-umidificador-com-led-personalizado","product_tag-umidificador-personalizado"],"_links":{"self":[{"href":"https:\/\/vohnabrindes.com.br\/index.php\/wp-json\/wp\/v2\/product\/5580","targetHints":{"allow":["GET"]}}],"collection":[{"href":"https:\/\/vohnabrindes.com.br\/index.php\/wp-json\/wp\/v2\/product"}],"about":[{"href":"https:\/\/vohnabrindes.com.br\/index.php\/wp-json\/wp\/v2\/types\/product"}],"replies":[{"embeddable":true,"href":"https:\/\/vohnabrindes.com.br\/index.php\/wp-json\/wp\/v2\/comments?post=5580"}],"version-history":[{"count":1,"href":"https:\/\/vohnabrindes.com.br\/index.php\/wp-json\/wp\/v2\/product\/5580\/revisions"}],"predecessor-version":[{"id":5611,"href":"https:\/\/vohnabrindes.com.br\/index.php\/wp-json\/wp\/v2\/product\/5580\/revisions\/5611"}],"wp:featuredmedia":[{"embeddable":true,"href":"https:\/\/vohnabrindes.com.br\/index.php\/wp-json\/wp\/v2\/media\/3213"}],"wp:attachment":[{"href":"https:\/\/vohnabrindes.com.br\/index.php\/wp-json\/wp\/v2\/media?parent=5580"}],"wp:term":[{"taxonomy":"product_cat","embeddable":true,"href":"https:\/\/vohnabrindes.com.br\/index.php\/wp-json\/wp\/v2\/product_cat?post=5580"},{"taxonomy":"product_tag","embeddable":true,"href":"https:\/\/vohnabrindes.com.br\/index.php\/wp-json\/wp\/v2\/product_tag?post=5580"}],"curies":[{"name":"wp","href":"https:\/\/api.w.org\/{rel}","templated":true}]}}