{"id":5617,"date":"2025-05-30T21:40:32","date_gmt":"2025-05-31T00:40:32","guid":{"rendered":"https:\/\/vohnabrindes.com.br\/?post_type=product&#038;p=5617"},"modified":"2025-05-30T21:40:33","modified_gmt":"2025-05-31T00:40:33","slug":"kit-bloco-e-caneta-personalizado","status":"publish","type":"product","link":"https:\/\/vohnabrindes.com.br\/index.php\/product\/kit-bloco-e-caneta-personalizado\/","title":{"rendered":"Kit bloco e caneta personalizado."},"content":{"rendered":"<pre id=\"item_referencia\">08095<\/pre>\n<p class=\"produto-nome\">Kit Ecol\u00f3gico 2 Pe\u00e7as personalizado.<\/p>\n<div class=\"caracs\">\n<div class=\"desc\">\n<p class=\"desc-tit\"><span class=\"desc-sub my-desc-sub\">Este kit cont\u00e9m uma Caderneta A5 em linho com detalhe em corti\u00e7a e suporte para caneta, marcador de p\u00e1gina em cetim, aproximadamente 82 folhas com pauta e caneta de corti\u00e7a com detalhes em palha de trigo, carga esferogr\u00e1fica azul 1.0mm e acionamento por clique.<\/span><\/p>\n<\/div>\n<div class=\"desc\">\n<p class=\"desc-tit\">Largura<span class=\"desc-sub\">\u00a0:\u00a0 20 cm<\/span><\/p>\n<\/div>\n<div class=\"desc\">\n<p class=\"desc-tit\">Espessura<span class=\"desc-sub\">\u00a0:\u00a0 2 cm<\/span><\/p>\n<\/div>\n<div class=\"desc\">\n<p class=\"desc-tit\">Comprimento<span class=\"desc-sub\">\u00a0:\u00a0 24 cm<\/span><\/p>\n<\/div>\n<div class=\"desc\">\n<p class=\"desc-tit\">Medidas aproximadas para grava\u00e7\u00e3o<span class=\"desc-sub\">\u00a0(CxL):\u00a0 7 cm x 13,5 cm<\/span><\/p>\n<\/div>\n<div class=\"desc\">\n<p class=\"desc-tit\">Peso aproximado<span class=\"desc-sub\">\u00a0(g):\u00a0 275<\/span><\/p>\n<\/div>\n<\/div>\n","protected":false},"excerpt":{"rendered":"<p>08095 Kit Ecol\u00f3gico 2 Pe\u00e7as personalizado. Este kit cont\u00e9m uma Caderneta A5 em linho com detalhe em corti\u00e7a e suporte para caneta, marcador de p\u00e1gina em<span class=\"excerpt-hellip\"> [\u2026]<\/span><\/p>\n","protected":false},"featured_media":3225,"comment_status":"open","ping_status":"closed","template":"","meta":[],"product_cat":[146,165],"product_tag":[1075,1076],"class_list":["post-5617","product","type-product","status-publish","has-post-thumbnail","hentry","product_cat-blocos-e-cadernetas","product_cat-escritorio-e-conjuntos-executivos","product_tag-kit-bloco-e-caneta-personalizado","product_tag-kit-ecologico-2-pecas-personalizado"],"_links":{"self":[{"href":"https:\/\/vohnabrindes.com.br\/index.php\/wp-json\/wp\/v2\/product\/5617","targetHints":{"allow":["GET"]}}],"collection":[{"href":"https:\/\/vohnabrindes.com.br\/index.php\/wp-json\/wp\/v2\/product"}],"about":[{"href":"https:\/\/vohnabrindes.com.br\/index.php\/wp-json\/wp\/v2\/types\/product"}],"replies":[{"embeddable":true,"href":"https:\/\/vohnabrindes.com.br\/index.php\/wp-json\/wp\/v2\/comments?post=5617"}],"version-history":[{"count":1,"href":"https:\/\/vohnabrindes.com.br\/index.php\/wp-json\/wp\/v2\/product\/5617\/revisions"}],"predecessor-version":[{"id":5647,"href":"https:\/\/vohnabrindes.com.br\/index.php\/wp-json\/wp\/v2\/product\/5617\/revisions\/5647"}],"wp:featuredmedia":[{"embeddable":true,"href":"https:\/\/vohnabrindes.com.br\/index.php\/wp-json\/wp\/v2\/media\/3225"}],"wp:attachment":[{"href":"https:\/\/vohnabrindes.com.br\/index.php\/wp-json\/wp\/v2\/media?parent=5617"}],"wp:term":[{"taxonomy":"product_cat","embeddable":true,"href":"https:\/\/vohnabrindes.com.br\/index.php\/wp-json\/wp\/v2\/product_cat?post=5617"},{"taxonomy":"product_tag","embeddable":true,"href":"https:\/\/vohnabrindes.com.br\/index.php\/wp-json\/wp\/v2\/product_tag?post=5617"}],"curies":[{"name":"wp","href":"https:\/\/api.w.org\/{rel}","templated":true}]}}