{"id":5619,"date":"2025-05-30T21:40:32","date_gmt":"2025-05-31T00:40:32","guid":{"rendered":"https:\/\/vohnabrindes.com.br\/?post_type=product&#038;p=5619"},"modified":"2025-05-30T21:40:34","modified_gmt":"2025-05-31T00:40:34","slug":"kit-de-caderno-e-esferografica-personalizado","status":"publish","type":"product","link":"https:\/\/vohnabrindes.com.br\/index.php\/product\/kit-de-caderno-e-esferografica-personalizado\/","title":{"rendered":"Kit de caderno e esferogr\u00e1fica personalizado."},"content":{"rendered":"<div class=\"ref\">93714-MORAES.<\/div>\n<div class=\"ref\">Kit de caderno e esferogr\u00e1fica personalizado.<\/div>\n<div><\/div>\n<div class=\"texto\">Conjunto esferogr\u00e1fica e caderno A5. A esferogr\u00e1fica \u00e9 em alum\u00ednio com clipe de ferro e \u00e9 de mecanismo twist com escrita a azul. O caderno A5 de capa dura com 80 folhas pautadas de cor marfim, fita separadora, el\u00e1stico e bolso interior. Conjunto fornecido em caixa de embalagem.<\/div>\n<div class=\"texto\">Esferogr\u00e1fica: \u00f810 x 138 mm | Caderno: 137 x 210 mm | Caixa: 190 x 240 x 30 mm<\/div>\n","protected":false},"excerpt":{"rendered":"<p>93714-MORAES. Kit de caderno e esferogr\u00e1fica personalizado. Conjunto esferogr\u00e1fica e caderno A5. A esferogr\u00e1fica \u00e9 em alum\u00ednio com clipe de ferro e \u00e9 de mecanismo twist<span class=\"excerpt-hellip\"> [\u2026]<\/span><\/p>\n","protected":false},"featured_media":3233,"comment_status":"open","ping_status":"closed","template":"","meta":[],"product_cat":[146,165],"product_tag":[1078,1079],"class_list":["post-5619","product","type-product","status-publish","has-post-thumbnail","hentry","product_cat-blocos-e-cadernetas","product_cat-escritorio-e-conjuntos-executivos","product_tag-kit-de-caderno-e-esferografica-personalizado","product_tag-kit-executivo-personalizado"],"_links":{"self":[{"href":"https:\/\/vohnabrindes.com.br\/index.php\/wp-json\/wp\/v2\/product\/5619","targetHints":{"allow":["GET"]}}],"collection":[{"href":"https:\/\/vohnabrindes.com.br\/index.php\/wp-json\/wp\/v2\/product"}],"about":[{"href":"https:\/\/vohnabrindes.com.br\/index.php\/wp-json\/wp\/v2\/types\/product"}],"replies":[{"embeddable":true,"href":"https:\/\/vohnabrindes.com.br\/index.php\/wp-json\/wp\/v2\/comments?post=5619"}],"version-history":[{"count":1,"href":"https:\/\/vohnabrindes.com.br\/index.php\/wp-json\/wp\/v2\/product\/5619\/revisions"}],"predecessor-version":[{"id":5649,"href":"https:\/\/vohnabrindes.com.br\/index.php\/wp-json\/wp\/v2\/product\/5619\/revisions\/5649"}],"wp:featuredmedia":[{"embeddable":true,"href":"https:\/\/vohnabrindes.com.br\/index.php\/wp-json\/wp\/v2\/media\/3233"}],"wp:attachment":[{"href":"https:\/\/vohnabrindes.com.br\/index.php\/wp-json\/wp\/v2\/media?parent=5619"}],"wp:term":[{"taxonomy":"product_cat","embeddable":true,"href":"https:\/\/vohnabrindes.com.br\/index.php\/wp-json\/wp\/v2\/product_cat?post=5619"},{"taxonomy":"product_tag","embeddable":true,"href":"https:\/\/vohnabrindes.com.br\/index.php\/wp-json\/wp\/v2\/product_tag?post=5619"}],"curies":[{"name":"wp","href":"https:\/\/api.w.org\/{rel}","templated":true}]}}