{"id":5623,"date":"2025-05-30T21:40:32","date_gmt":"2025-05-31T00:40:32","guid":{"rendered":"https:\/\/vohnabrindes.com.br\/?post_type=product&#038;p=5623"},"modified":"2025-05-30T21:40:34","modified_gmt":"2025-05-31T00:40:34","slug":"kit-executivo-3-pecas-personalizado","status":"publish","type":"product","link":"https:\/\/vohnabrindes.com.br\/index.php\/product\/kit-executivo-3-pecas-personalizado\/","title":{"rendered":"Kit Executivo 3 Pe\u00e7as personalizado."},"content":{"rendered":"<pre id=\"item_referencia\">10998<\/pre>\n<p class=\"produto-nome\">Kit Executivo 3 Pe\u00e7as personalizado.<\/p>\n<div class=\"caracs\">\n<div class=\"desc\">\n<p class=\"desc-tit\"><span class=\"desc-sub my-desc-sub\">Kit executivo 3 pe\u00e7as em estojo de papel\u00e3o com tampa e parte interna revestida de espuma. Cont\u00e9m: porta cart\u00e3o de couro sint\u00e9tico texturizado com detalhes prata brilhante, caneta metal fosca com detalhe emborrachado preto, caderneta em couro sint\u00e9tico com aproximadamente 80 folhas amarelas pautadas. Acompanha placa met\u00e1lica para grava\u00e7\u00e3o.<\/span><\/p>\n<\/div>\n<div class=\"desc\">\n<p class=\"desc-tit\">Altura<span class=\"desc-sub\">\u00a0:\u00a0 24,9 cm<\/span><\/p>\n<\/div>\n<div class=\"desc\">\n<p class=\"desc-tit\">Largura<span class=\"desc-sub\">\u00a0:\u00a0 17,5 cm<\/span><\/p>\n<\/div>\n<div class=\"desc\">\n<p class=\"desc-tit\">Medidas aproximadas para grava\u00e7\u00e3o<span class=\"desc-sub\">\u00a0(CxL):\u00a0 Placa 5,8 cm x 1,9 cm \u2013 Porta Cart\u00e3o 9,3 cm x 2,4 \u2013 Caneta 4,5 cm x 1 cm \u2013 Caderneta 13,4 cm x 8 cm<\/span><\/p>\n<\/div>\n<div class=\"desc\">\n<p class=\"desc-tit\">Peso aproximado<span class=\"desc-sub\">\u00a0(g):\u00a0 385<\/span><\/p>\n<\/div>\n<\/div>\n","protected":false},"excerpt":{"rendered":"<p>10998 Kit Executivo 3 Pe\u00e7as personalizado. Kit executivo 3 pe\u00e7as em estojo de papel\u00e3o com tampa e parte interna revestida de espuma. Cont\u00e9m: porta cart\u00e3o de<span class=\"excerpt-hellip\"> [\u2026]<\/span><\/p>\n","protected":false},"featured_media":3241,"comment_status":"open","ping_status":"closed","template":"","meta":[],"product_cat":[206,165],"product_tag":[221,209,1085,1079,1086,1087],"class_list":["post-5623","product","type-product","status-publish","has-post-thumbnail","hentry","product_cat-chaveiros","product_cat-escritorio-e-conjuntos-executivos","product_tag-caneta-personalizada","product_tag-chaveiro-personalizado","product_tag-kit-executivo-3-pecas-personalizado","product_tag-kit-executivo-personalizado","product_tag-port-cartao-personalizado","product_tag-porta-cartao-personalizado"],"_links":{"self":[{"href":"https:\/\/vohnabrindes.com.br\/index.php\/wp-json\/wp\/v2\/product\/5623","targetHints":{"allow":["GET"]}}],"collection":[{"href":"https:\/\/vohnabrindes.com.br\/index.php\/wp-json\/wp\/v2\/product"}],"about":[{"href":"https:\/\/vohnabrindes.com.br\/index.php\/wp-json\/wp\/v2\/types\/product"}],"replies":[{"embeddable":true,"href":"https:\/\/vohnabrindes.com.br\/index.php\/wp-json\/wp\/v2\/comments?post=5623"}],"version-history":[{"count":1,"href":"https:\/\/vohnabrindes.com.br\/index.php\/wp-json\/wp\/v2\/product\/5623\/revisions"}],"predecessor-version":[{"id":5653,"href":"https:\/\/vohnabrindes.com.br\/index.php\/wp-json\/wp\/v2\/product\/5623\/revisions\/5653"}],"wp:featuredmedia":[{"embeddable":true,"href":"https:\/\/vohnabrindes.com.br\/index.php\/wp-json\/wp\/v2\/media\/3241"}],"wp:attachment":[{"href":"https:\/\/vohnabrindes.com.br\/index.php\/wp-json\/wp\/v2\/media?parent=5623"}],"wp:term":[{"taxonomy":"product_cat","embeddable":true,"href":"https:\/\/vohnabrindes.com.br\/index.php\/wp-json\/wp\/v2\/product_cat?post=5623"},{"taxonomy":"product_tag","embeddable":true,"href":"https:\/\/vohnabrindes.com.br\/index.php\/wp-json\/wp\/v2\/product_tag?post=5623"}],"curies":[{"name":"wp","href":"https:\/\/api.w.org\/{rel}","templated":true}]}}