{"id":5625,"date":"2025-05-30T21:40:32","date_gmt":"2025-05-31T00:40:32","guid":{"rendered":"https:\/\/vohnabrindes.com.br\/?post_type=product&#038;p=5625"},"modified":"2025-05-30T21:40:34","modified_gmt":"2025-05-31T00:40:34","slug":"necessaire-nylon-personalizada-2","status":"publish","type":"product","link":"https:\/\/vohnabrindes.com.br\/index.php\/product\/necessaire-nylon-personalizada-2\/","title":{"rendered":"N\u00e9cessaire Nylon personalizada."},"content":{"rendered":"<pre id=\"item_referencia\">18807<\/pre>\n<p class=\"produto-nome\">N\u00e9cessaire Nylon personalizada.<\/p>\n<div class=\"caracs\">\n<div class=\"desc\">\n<p class=\"desc-tit\"><span class=\"desc-sub my-desc-sub\">N\u00e9cessaire confeccionada em nylon, com frente em visor transparente, fechamento por z\u00edper e al\u00e7a superior. Inclui tamb\u00e9m uma al\u00e7a de transporte em nylon.\u00a0<\/span><\/p>\n<\/div>\n<div class=\"desc\">\n<p class=\"desc-tit\">Altura<span class=\"desc-sub\">\u00a0:\u00a0 19,5 cm<\/span><\/p>\n<\/div>\n<div class=\"desc\">\n<p class=\"desc-tit\">Largura<span class=\"desc-sub\">\u00a0:\u00a0 28 cm<\/span><\/p>\n<\/div>\n<div class=\"desc\">\n<p class=\"desc-tit\">Profundidade<span class=\"desc-sub\">\u00a0:\u00a0 10,5 cm<\/span><\/p>\n<\/div>\n<div class=\"desc\">\n<p class=\"desc-tit\">Medidas aproximadas para grava\u00e7\u00e3o<span class=\"desc-sub\">\u00a0(CxL):\u00a0 12 cm x 22 cm<\/span><\/p>\n<\/div>\n<div class=\"desc\">\n<p class=\"desc-tit\">Peso aproximado<span class=\"desc-sub\">\u00a0(g):\u00a0 159<\/span><\/p>\n<\/div>\n<\/div>\n","protected":false},"excerpt":{"rendered":"<p>18807 N\u00e9cessaire Nylon personalizada. N\u00e9cessaire confeccionada em nylon, com frente em visor transparente, fechamento por z\u00edper e al\u00e7a superior. Inclui tamb\u00e9m uma al\u00e7a de transporte em<span class=\"excerpt-hellip\"> [\u2026]<\/span><\/p>\n","protected":false},"featured_media":3250,"comment_status":"open","ping_status":"closed","template":"","meta":[],"product_cat":[783],"product_tag":[991,786],"class_list":["post-5625","product","type-product","status-publish","has-post-thumbnail","hentry","product_cat-necessaires","product_tag-necessaire-nylon-personalizada","product_tag-necessaire-personalizada"],"_links":{"self":[{"href":"https:\/\/vohnabrindes.com.br\/index.php\/wp-json\/wp\/v2\/product\/5625","targetHints":{"allow":["GET"]}}],"collection":[{"href":"https:\/\/vohnabrindes.com.br\/index.php\/wp-json\/wp\/v2\/product"}],"about":[{"href":"https:\/\/vohnabrindes.com.br\/index.php\/wp-json\/wp\/v2\/types\/product"}],"replies":[{"embeddable":true,"href":"https:\/\/vohnabrindes.com.br\/index.php\/wp-json\/wp\/v2\/comments?post=5625"}],"version-history":[{"count":1,"href":"https:\/\/vohnabrindes.com.br\/index.php\/wp-json\/wp\/v2\/product\/5625\/revisions"}],"predecessor-version":[{"id":5655,"href":"https:\/\/vohnabrindes.com.br\/index.php\/wp-json\/wp\/v2\/product\/5625\/revisions\/5655"}],"wp:featuredmedia":[{"embeddable":true,"href":"https:\/\/vohnabrindes.com.br\/index.php\/wp-json\/wp\/v2\/media\/3250"}],"wp:attachment":[{"href":"https:\/\/vohnabrindes.com.br\/index.php\/wp-json\/wp\/v2\/media?parent=5625"}],"wp:term":[{"taxonomy":"product_cat","embeddable":true,"href":"https:\/\/vohnabrindes.com.br\/index.php\/wp-json\/wp\/v2\/product_cat?post=5625"},{"taxonomy":"product_tag","embeddable":true,"href":"https:\/\/vohnabrindes.com.br\/index.php\/wp-json\/wp\/v2\/product_tag?post=5625"}],"curies":[{"name":"wp","href":"https:\/\/api.w.org\/{rel}","templated":true}]}}