{"id":5628,"date":"2025-05-30T21:40:32","date_gmt":"2025-05-31T00:40:32","guid":{"rendered":"https:\/\/vohnabrindes.com.br\/?post_type=product&#038;p=5628"},"modified":"2025-05-30T21:40:34","modified_gmt":"2025-05-31T00:40:34","slug":"necessaire-ecologicamente-correta-personalizada","status":"publish","type":"product","link":"https:\/\/vohnabrindes.com.br\/index.php\/product\/necessaire-ecologicamente-correta-personalizada\/","title":{"rendered":"Necessaire ecologicamente correta personalizada."},"content":{"rendered":"<div class=\"ref\">92367-SAMOSIR L.<\/div>\n<div class=\"ref\">Necessaire\u00a0 multifun\u00e7\u00f5es confeccionada em 70% algod\u00e3o reciclado e 30% poli\u00e9ster reciclado (140 g\/m\u00b2)<\/div>\n<div class=\"texto\">\u00a0Interior com forro 100% algod\u00e3o.<\/div>\n<div class=\"texto\">dimens\u00f5es: 250 x 140 x 60 mm<\/div>\n","protected":false},"excerpt":{"rendered":"<p>92367-SAMOSIR L. Necessaire\u00a0 multifun\u00e7\u00f5es confeccionada em 70% algod\u00e3o reciclado e 30% poli\u00e9ster reciclado (140 g\/m\u00b2) \u00a0Interior com forro 100% algod\u00e3o. dimens\u00f5es: 250 x 140 x 60<span class=\"excerpt-hellip\"> [\u2026]<\/span><\/p>\n","protected":false},"featured_media":3260,"comment_status":"open","ping_status":"closed","template":"","meta":[],"product_cat":[783],"product_tag":[1090,786],"class_list":["post-5628","product","type-product","status-publish","has-post-thumbnail","hentry","product_cat-necessaires","product_tag-necessaire-ecologicamente-correta-personalizada","product_tag-necessaire-personalizada"],"_links":{"self":[{"href":"https:\/\/vohnabrindes.com.br\/index.php\/wp-json\/wp\/v2\/product\/5628","targetHints":{"allow":["GET"]}}],"collection":[{"href":"https:\/\/vohnabrindes.com.br\/index.php\/wp-json\/wp\/v2\/product"}],"about":[{"href":"https:\/\/vohnabrindes.com.br\/index.php\/wp-json\/wp\/v2\/types\/product"}],"replies":[{"embeddable":true,"href":"https:\/\/vohnabrindes.com.br\/index.php\/wp-json\/wp\/v2\/comments?post=5628"}],"version-history":[{"count":1,"href":"https:\/\/vohnabrindes.com.br\/index.php\/wp-json\/wp\/v2\/product\/5628\/revisions"}],"predecessor-version":[{"id":5658,"href":"https:\/\/vohnabrindes.com.br\/index.php\/wp-json\/wp\/v2\/product\/5628\/revisions\/5658"}],"wp:featuredmedia":[{"embeddable":true,"href":"https:\/\/vohnabrindes.com.br\/index.php\/wp-json\/wp\/v2\/media\/3260"}],"wp:attachment":[{"href":"https:\/\/vohnabrindes.com.br\/index.php\/wp-json\/wp\/v2\/media?parent=5628"}],"wp:term":[{"taxonomy":"product_cat","embeddable":true,"href":"https:\/\/vohnabrindes.com.br\/index.php\/wp-json\/wp\/v2\/product_cat?post=5628"},{"taxonomy":"product_tag","embeddable":true,"href":"https:\/\/vohnabrindes.com.br\/index.php\/wp-json\/wp\/v2\/product_tag?post=5628"}],"curies":[{"name":"wp","href":"https:\/\/api.w.org\/{rel}","templated":true}]}}