{"id":5630,"date":"2025-05-30T21:40:33","date_gmt":"2025-05-31T00:40:33","guid":{"rendered":"https:\/\/vohnabrindes.com.br\/?post_type=product&#038;p=5630"},"modified":"2025-05-30T21:40:34","modified_gmt":"2025-05-31T00:40:34","slug":"mochila-termica-personalizada-2","status":"publish","type":"product","link":"https:\/\/vohnabrindes.com.br\/index.php\/product\/mochila-termica-personalizada-2\/","title":{"rendered":"Mochila t\u00e9rmica personalizada."},"content":{"rendered":"<div class=\"ref\">92096-BOSTON COOLER.<\/div>\n<div><\/div>\n<div class=\"ref\">Mochila t\u00e9rmica personalizada.<\/div>\n<div class=\"ref\"><\/div>\n<div class=\"texto\">Mochila com isolamento t\u00e9rmico em Nylon 2Tone com interior forrado em PEVA para facilitar a higieniza\u00e7\u00e3o. Cont\u00e9m 1 compartimento principal, 1 bolso frontal com fecho e 1 bolso lateral em tela mesh. Possui um bolso com fecho principal duplo. As al\u00e7as e as costas s\u00e3o almofadadas. A mochila tem capacidade at\u00e9 15 L.<\/div>\n<div class=\"texto\">Certifica\u00e7\u00e3o EU Food Grade. Dimens\u00f5es: 290 x 380 x 160 mm<\/div>\n","protected":false},"excerpt":{"rendered":"<p>92096-BOSTON COOLER. Mochila t\u00e9rmica personalizada. Mochila com isolamento t\u00e9rmico em Nylon 2Tone com interior forrado em PEVA para facilitar a higieniza\u00e7\u00e3o. Cont\u00e9m 1 compartimento principal, 1<span class=\"excerpt-hellip\"> [\u2026]<\/span><\/p>\n","protected":false},"featured_media":3264,"comment_status":"open","ping_status":"closed","template":"","meta":[],"product_cat":[145],"product_tag":[358,365],"class_list":["post-5630","product","type-product","status-publish","has-post-thumbnail","hentry","product_cat-bolsas-termicas-e-coolers","product_tag-bolsa-termica-personalizada","product_tag-mochila-termica-personalizada"],"_links":{"self":[{"href":"https:\/\/vohnabrindes.com.br\/index.php\/wp-json\/wp\/v2\/product\/5630","targetHints":{"allow":["GET"]}}],"collection":[{"href":"https:\/\/vohnabrindes.com.br\/index.php\/wp-json\/wp\/v2\/product"}],"about":[{"href":"https:\/\/vohnabrindes.com.br\/index.php\/wp-json\/wp\/v2\/types\/product"}],"replies":[{"embeddable":true,"href":"https:\/\/vohnabrindes.com.br\/index.php\/wp-json\/wp\/v2\/comments?post=5630"}],"version-history":[{"count":1,"href":"https:\/\/vohnabrindes.com.br\/index.php\/wp-json\/wp\/v2\/product\/5630\/revisions"}],"predecessor-version":[{"id":5660,"href":"https:\/\/vohnabrindes.com.br\/index.php\/wp-json\/wp\/v2\/product\/5630\/revisions\/5660"}],"wp:featuredmedia":[{"embeddable":true,"href":"https:\/\/vohnabrindes.com.br\/index.php\/wp-json\/wp\/v2\/media\/3264"}],"wp:attachment":[{"href":"https:\/\/vohnabrindes.com.br\/index.php\/wp-json\/wp\/v2\/media?parent=5630"}],"wp:term":[{"taxonomy":"product_cat","embeddable":true,"href":"https:\/\/vohnabrindes.com.br\/index.php\/wp-json\/wp\/v2\/product_cat?post=5630"},{"taxonomy":"product_tag","embeddable":true,"href":"https:\/\/vohnabrindes.com.br\/index.php\/wp-json\/wp\/v2\/product_tag?post=5630"}],"curies":[{"name":"wp","href":"https:\/\/api.w.org\/{rel}","templated":true}]}}