{"id":5633,"date":"2025-05-30T21:40:33","date_gmt":"2025-05-31T00:40:33","guid":{"rendered":"https:\/\/vohnabrindes.com.br\/?post_type=product&#038;p=5633"},"modified":"2025-05-30T21:40:35","modified_gmt":"2025-05-31T00:40:35","slug":"garrafa-em-aluminio-reciclado-personalizado","status":"publish","type":"product","link":"https:\/\/vohnabrindes.com.br\/index.php\/product\/garrafa-em-aluminio-reciclado-personalizado\/","title":{"rendered":"Garrafa em Alum\u00ednio reciclado personalizado."},"content":{"rendered":"<pre class=\"mb-3\">GA7650<\/pre>\n<h4 class=\"mb-3\">Garrafa em Alum\u00ednio de 600ml personalizado.<\/h4>\n<p>PRODUTO AMIGO DO MEIO AMBIENTE<\/p>\n<div class=\"d-block\">\n<div>\n<p>Garrafa em alum\u00ednio recicl\u00e1vel com tampa em pl\u00e1stico\u00a0e al\u00e7a emborrachada.<\/p>\n<p>Capacidade 600ml.<\/p>\n<div class=\"d-flex justify-content-between align-items-center\">\n<div class=\"text-end w-50\"><strong>Dimens\u00e3o Produto:<\/strong>23x\u00f86,5cm<\/div>\n<\/div>\n<div class=\"d-flex justify-content-between align-items-center\">\n<div class=\"text-end w-50\"><strong>Peso do Produto:<\/strong>0,104kg<\/div>\n<\/div>\n<div class=\"d-flex justify-content-between align-items-center\">\n<div class=\"text-end w-50\"><strong>Embalagem:<\/strong>Caixa de papel\u00e3o branca<\/div>\n<\/div>\n<\/div>\n<\/div>\n","protected":false},"excerpt":{"rendered":"<p>GA7650 Garrafa em Alum\u00ednio de 600ml personalizado. PRODUTO AMIGO DO MEIO AMBIENTE Garrafa em alum\u00ednio recicl\u00e1vel com tampa em pl\u00e1stico\u00a0e al\u00e7a emborrachada. Capacidade 600ml. Dimens\u00e3o Produto:23x\u00f86,5cm<span class=\"excerpt-hellip\"> [\u2026]<\/span><\/p>\n","protected":false},"featured_media":3274,"comment_status":"open","ping_status":"closed","template":"","meta":[],"product_cat":[129],"product_tag":[1097,1098],"class_list":["post-5633","product","type-product","status-publish","has-post-thumbnail","hentry","product_cat-garrafas-e-squeezes","product_tag-garrafa-em-aluminio-de-600ml-personalizado","product_tag-garrafa-em-aluminio-reciclado-personalizado"],"_links":{"self":[{"href":"https:\/\/vohnabrindes.com.br\/index.php\/wp-json\/wp\/v2\/product\/5633","targetHints":{"allow":["GET"]}}],"collection":[{"href":"https:\/\/vohnabrindes.com.br\/index.php\/wp-json\/wp\/v2\/product"}],"about":[{"href":"https:\/\/vohnabrindes.com.br\/index.php\/wp-json\/wp\/v2\/types\/product"}],"replies":[{"embeddable":true,"href":"https:\/\/vohnabrindes.com.br\/index.php\/wp-json\/wp\/v2\/comments?post=5633"}],"version-history":[{"count":1,"href":"https:\/\/vohnabrindes.com.br\/index.php\/wp-json\/wp\/v2\/product\/5633\/revisions"}],"predecessor-version":[{"id":5663,"href":"https:\/\/vohnabrindes.com.br\/index.php\/wp-json\/wp\/v2\/product\/5633\/revisions\/5663"}],"wp:featuredmedia":[{"embeddable":true,"href":"https:\/\/vohnabrindes.com.br\/index.php\/wp-json\/wp\/v2\/media\/3274"}],"wp:attachment":[{"href":"https:\/\/vohnabrindes.com.br\/index.php\/wp-json\/wp\/v2\/media?parent=5633"}],"wp:term":[{"taxonomy":"product_cat","embeddable":true,"href":"https:\/\/vohnabrindes.com.br\/index.php\/wp-json\/wp\/v2\/product_cat?post=5633"},{"taxonomy":"product_tag","embeddable":true,"href":"https:\/\/vohnabrindes.com.br\/index.php\/wp-json\/wp\/v2\/product_tag?post=5633"}],"curies":[{"name":"wp","href":"https:\/\/api.w.org\/{rel}","templated":true}]}}