{"id":5636,"date":"2025-05-30T21:40:33","date_gmt":"2025-05-31T00:40:33","guid":{"rendered":"https:\/\/vohnabrindes.com.br\/?post_type=product&#038;p=5636"},"modified":"2025-05-30T21:40:35","modified_gmt":"2025-05-31T00:40:35","slug":"caneca-termica-de-380ml-personalizada","status":"publish","type":"product","link":"https:\/\/vohnabrindes.com.br\/index.php\/product\/caneca-termica-de-380ml-personalizada\/","title":{"rendered":"Caneca T\u00e9rmica de 380ml personalizada."},"content":{"rendered":"<pre class=\"mb-3\">CA9400\r\nCaneca T\u00e9rmica de 380ml personalizada.<\/pre>\n<div class=\"d-block\">\n<div>\n<p>Caneca t\u00e9rmica em a\u00e7o inox com parede dupla isolada \u00e0 v\u00e1cuo, tampa de bambu e anel em silicone para veda\u00e7\u00e3o, al\u00e7a lateral com detalhe em bambu. Capacidade 380ml.<\/p>\n<\/div>\n<div class=\"d-flex justify-content-between align-items-center\">\n<div class=\"text-end w-50\"><strong>Dimens\u00e3o do produto:<\/strong>8,6x\u00f812cm<\/div>\n<\/div>\n<div class=\"d-flex justify-content-between align-items-center\">\n<div class=\"text-end w-50\"><strong>Peso do produto:<\/strong>0,205kg<\/div>\n<\/div>\n<div class=\"d-flex justify-content-between align-items-center\">\n<div class=\"text-end w-50\"><strong>Embalagem: <\/strong>Caixa individual de papel\u00e3o na cor Kraft<\/div>\n<\/div>\n<\/div>\n","protected":false},"excerpt":{"rendered":"<p>CA9400 Caneca T\u00e9rmica de 380ml personalizada. Caneca t\u00e9rmica em a\u00e7o inox com parede dupla isolada \u00e0 v\u00e1cuo, tampa de bambu e anel em silicone para veda\u00e7\u00e3o,<span class=\"excerpt-hellip\"> [\u2026]<\/span><\/p>\n","protected":false},"featured_media":3284,"comment_status":"open","ping_status":"closed","template":"","meta":[],"product_cat":[135],"product_tag":[1102,260],"class_list":["post-5636","product","type-product","status-publish","has-post-thumbnail","hentry","product_cat-canecas-e-copos","product_tag-caneca-termica-de-380ml-personalizada","product_tag-caneca-termica-personalizada"],"_links":{"self":[{"href":"https:\/\/vohnabrindes.com.br\/index.php\/wp-json\/wp\/v2\/product\/5636","targetHints":{"allow":["GET"]}}],"collection":[{"href":"https:\/\/vohnabrindes.com.br\/index.php\/wp-json\/wp\/v2\/product"}],"about":[{"href":"https:\/\/vohnabrindes.com.br\/index.php\/wp-json\/wp\/v2\/types\/product"}],"replies":[{"embeddable":true,"href":"https:\/\/vohnabrindes.com.br\/index.php\/wp-json\/wp\/v2\/comments?post=5636"}],"version-history":[{"count":1,"href":"https:\/\/vohnabrindes.com.br\/index.php\/wp-json\/wp\/v2\/product\/5636\/revisions"}],"predecessor-version":[{"id":5666,"href":"https:\/\/vohnabrindes.com.br\/index.php\/wp-json\/wp\/v2\/product\/5636\/revisions\/5666"}],"wp:featuredmedia":[{"embeddable":true,"href":"https:\/\/vohnabrindes.com.br\/index.php\/wp-json\/wp\/v2\/media\/3284"}],"wp:attachment":[{"href":"https:\/\/vohnabrindes.com.br\/index.php\/wp-json\/wp\/v2\/media?parent=5636"}],"wp:term":[{"taxonomy":"product_cat","embeddable":true,"href":"https:\/\/vohnabrindes.com.br\/index.php\/wp-json\/wp\/v2\/product_cat?post=5636"},{"taxonomy":"product_tag","embeddable":true,"href":"https:\/\/vohnabrindes.com.br\/index.php\/wp-json\/wp\/v2\/product_tag?post=5636"}],"curies":[{"name":"wp","href":"https:\/\/api.w.org\/{rel}","templated":true}]}}