{"id":5640,"date":"2025-05-30T21:40:33","date_gmt":"2025-05-31T00:40:33","guid":{"rendered":"https:\/\/vohnabrindes.com.br\/?post_type=product&#038;p=5640"},"modified":"2025-05-30T21:40:35","modified_gmt":"2025-05-31T00:40:35","slug":"kit-churrasco-2-pecas-personalizada","status":"publish","type":"product","link":"https:\/\/vohnabrindes.com.br\/index.php\/product\/kit-churrasco-2-pecas-personalizada\/","title":{"rendered":"Kit churrasco 2 pe\u00e7as personalizada."},"content":{"rendered":"<div class=\"ref\">94365-LOVAGE.<\/div>\n<div class=\"ref\">Kit churrasco 2 pe\u00e7as personalizada.<\/div>\n<div class=\"texto\">Kit churrasco com estojo em 210D. Composto por 2 utens\u00edlios : garfo e faca japonesa em a\u00e7o inox com cabos em madeira. Certifica\u00e7\u00e3o EU Food Grade. A cor e o resultado da impress\u00e3o nos materiais naturais pode variar entre produtos. Garfo: 300 mm | Faca Japonesa: 285 mm | Dimens\u00e3o da mala: 350x130x20mm<\/div>\n","protected":false},"excerpt":{"rendered":"<p>94365-LOVAGE. Kit churrasco 2 pe\u00e7as personalizada. Kit churrasco com estojo em 210D. Composto por 2 utens\u00edlios : garfo e faca japonesa em a\u00e7o inox com cabos<span class=\"excerpt-hellip\"> [\u2026]<\/span><\/p>\n","protected":false},"featured_media":3296,"comment_status":"open","ping_status":"closed","template":"","meta":[],"product_cat":[274],"product_tag":[],"class_list":["post-5640","product","type-product","status-publish","has-post-thumbnail","hentry","product_cat-kit-churrasco"],"_links":{"self":[{"href":"https:\/\/vohnabrindes.com.br\/index.php\/wp-json\/wp\/v2\/product\/5640","targetHints":{"allow":["GET"]}}],"collection":[{"href":"https:\/\/vohnabrindes.com.br\/index.php\/wp-json\/wp\/v2\/product"}],"about":[{"href":"https:\/\/vohnabrindes.com.br\/index.php\/wp-json\/wp\/v2\/types\/product"}],"replies":[{"embeddable":true,"href":"https:\/\/vohnabrindes.com.br\/index.php\/wp-json\/wp\/v2\/comments?post=5640"}],"version-history":[{"count":1,"href":"https:\/\/vohnabrindes.com.br\/index.php\/wp-json\/wp\/v2\/product\/5640\/revisions"}],"predecessor-version":[{"id":5670,"href":"https:\/\/vohnabrindes.com.br\/index.php\/wp-json\/wp\/v2\/product\/5640\/revisions\/5670"}],"wp:featuredmedia":[{"embeddable":true,"href":"https:\/\/vohnabrindes.com.br\/index.php\/wp-json\/wp\/v2\/media\/3296"}],"wp:attachment":[{"href":"https:\/\/vohnabrindes.com.br\/index.php\/wp-json\/wp\/v2\/media?parent=5640"}],"wp:term":[{"taxonomy":"product_cat","embeddable":true,"href":"https:\/\/vohnabrindes.com.br\/index.php\/wp-json\/wp\/v2\/product_cat?post=5640"},{"taxonomy":"product_tag","embeddable":true,"href":"https:\/\/vohnabrindes.com.br\/index.php\/wp-json\/wp\/v2\/product_tag?post=5640"}],"curies":[{"name":"wp","href":"https:\/\/api.w.org\/{rel}","templated":true}]}}