{"id":5641,"date":"2025-05-30T21:40:33","date_gmt":"2025-05-31T00:40:33","guid":{"rendered":"https:\/\/vohnabrindes.com.br\/?post_type=product&#038;p=5641"},"modified":"2025-05-30T21:40:35","modified_gmt":"2025-05-31T00:40:35","slug":"bolsa-termica-34-litros-personalizada","status":"publish","type":"product","link":"https:\/\/vohnabrindes.com.br\/index.php\/product\/bolsa-termica-34-litros-personalizada\/","title":{"rendered":"Bolsa T\u00e9rmica 34 Litros personalizada."},"content":{"rendered":"<pre id=\"item_referencia\">02401<\/pre>\n<p class=\"produto-nome\">Bolsa T\u00e9rmica 34 Litros personalizada.<\/p>\n<div class=\"caracs\">\n<div class=\"desc\">\n<p class=\"desc-tit\"><span class=\"desc-sub my-desc-sub\">Alimentos mais saud\u00e1veis durante o lazer! Com a Bolsa T\u00e9rmica de 34 Litros, feita de nylon resistente, \u00e9 poss\u00edvel levar petiscos, lanches e bebidas de forma segura e pr\u00e1tica, mantendo tudo fresquinho por mais tempo durante os passeios. Equipado com z\u00edper nas laterais, fechamento frontal com velcro e duas al\u00e7as para facilitar o transporte, \u00e9 a escolha perfeita para quem valoriza efici\u00eancia e seguran\u00e7a durante as refei\u00e7\u00f5es.\u00a0<\/span><\/p>\n<\/div>\n<div class=\"desc\">\n<p class=\"desc-tit\">Altura<span class=\"desc-sub\">\u00a0:\u00a0 36 cm<\/span><\/p>\n<\/div>\n<div class=\"desc\">\n<p class=\"desc-tit\">Largura<span class=\"desc-sub\">\u00a0:\u00a0 23 cm<\/span><\/p>\n<\/div>\n<div class=\"desc\">\n<p class=\"desc-tit\">Comprimento<span class=\"desc-sub\">\u00a0:\u00a0 42 cm<\/span><\/p>\n<\/div>\n<div class=\"desc\">\n<p class=\"desc-tit\">Medidas aproximadas para grava\u00e7\u00e3o<span class=\"desc-sub\">\u00a0(CxL):\u00a0 12 cm x 13 cm<\/span><\/p>\n<\/div>\n<div class=\"desc\">\n<p class=\"desc-tit\">Peso aproximado<span class=\"desc-sub\">\u00a0(g):\u00a0 161<\/span><\/p>\n<\/div>\n<\/div>\n","protected":false},"excerpt":{"rendered":"<p>02401 Bolsa T\u00e9rmica 34 Litros personalizada. Alimentos mais saud\u00e1veis durante o lazer! Com a Bolsa T\u00e9rmica de 34 Litros, feita de nylon resistente, \u00e9 poss\u00edvel levar<span class=\"excerpt-hellip\"> [\u2026]<\/span><\/p>\n","protected":false},"featured_media":3298,"comment_status":"open","ping_status":"closed","template":"","meta":[],"product_cat":[145],"product_tag":[1107,358],"class_list":["post-5641","product","type-product","status-publish","has-post-thumbnail","hentry","product_cat-bolsas-termicas-e-coolers","product_tag-bolsa-termica-34-litros-personalizada","product_tag-bolsa-termica-personalizada"],"_links":{"self":[{"href":"https:\/\/vohnabrindes.com.br\/index.php\/wp-json\/wp\/v2\/product\/5641","targetHints":{"allow":["GET"]}}],"collection":[{"href":"https:\/\/vohnabrindes.com.br\/index.php\/wp-json\/wp\/v2\/product"}],"about":[{"href":"https:\/\/vohnabrindes.com.br\/index.php\/wp-json\/wp\/v2\/types\/product"}],"replies":[{"embeddable":true,"href":"https:\/\/vohnabrindes.com.br\/index.php\/wp-json\/wp\/v2\/comments?post=5641"}],"version-history":[{"count":1,"href":"https:\/\/vohnabrindes.com.br\/index.php\/wp-json\/wp\/v2\/product\/5641\/revisions"}],"predecessor-version":[{"id":5671,"href":"https:\/\/vohnabrindes.com.br\/index.php\/wp-json\/wp\/v2\/product\/5641\/revisions\/5671"}],"wp:featuredmedia":[{"embeddable":true,"href":"https:\/\/vohnabrindes.com.br\/index.php\/wp-json\/wp\/v2\/media\/3298"}],"wp:attachment":[{"href":"https:\/\/vohnabrindes.com.br\/index.php\/wp-json\/wp\/v2\/media?parent=5641"}],"wp:term":[{"taxonomy":"product_cat","embeddable":true,"href":"https:\/\/vohnabrindes.com.br\/index.php\/wp-json\/wp\/v2\/product_cat?post=5641"},{"taxonomy":"product_tag","embeddable":true,"href":"https:\/\/vohnabrindes.com.br\/index.php\/wp-json\/wp\/v2\/product_tag?post=5641"}],"curies":[{"name":"wp","href":"https:\/\/api.w.org\/{rel}","templated":true}]}}