{"id":5642,"date":"2025-05-30T21:40:33","date_gmt":"2025-05-31T00:40:33","guid":{"rendered":"https:\/\/vohnabrindes.com.br\/?post_type=product&#038;p=5642"},"modified":"2025-05-30T21:40:35","modified_gmt":"2025-05-31T00:40:35","slug":"agenda-diaria-2025-personalizada-4","status":"publish","type":"product","link":"https:\/\/vohnabrindes.com.br\/index.php\/product\/agenda-diaria-2025-personalizada-4\/","title":{"rendered":"Agenda Di\u00e1ria 2025 personalizada."},"content":{"rendered":"<pre id=\"item_referencia\">02469<\/pre>\n<p class=\"produto-nome\">Agenda Di\u00e1ria 2025 personalizada.<\/p>\n<div class=\"caracs\">\n<div class=\"desc\">\n<p class=\"desc-tit\"><span class=\"desc-sub my-desc-sub\">Agenda Di\u00e1ria 2025 com divis\u00f3rias e suporte para caneta. Possui capa de PU macia, fita de cetim como marcador de p\u00e1gina, el\u00e1stico para lacre, se\u00e7\u00e3o para dados pessoais, calend\u00e1rio de 2024 a 2027, convers\u00f5es de medidas, planejador mensal de 2025 a 2026, \u00edndice telef\u00f4nico, informa\u00e7\u00f5es de liga\u00e7\u00f5es DDD-DDI e discagem direta internacional DDI.<\/span><\/p>\n<\/div>\n<div class=\"desc\">\n<p class=\"desc-tit\">Altura<span class=\"desc-sub\">\u00a0:\u00a0 21 cm<\/span><\/p>\n<\/div>\n<div class=\"desc\">\n<p class=\"desc-tit\">Largura<span class=\"desc-sub\">\u00a0:\u00a0 14,4 cm<\/span><\/p>\n<\/div>\n<div class=\"desc\">\n<p class=\"desc-tit\">Espessura<span class=\"desc-sub\">\u00a0:\u00a0 2,7 cm<\/span><\/p>\n<\/div>\n<div class=\"desc\">\n<p class=\"desc-tit\">Medidas aproximadas para grava\u00e7\u00e3o<span class=\"desc-sub\">\u00a0(CxL):\u00a0 10 cm x 10 cm<\/span><\/p>\n<\/div>\n<div class=\"desc\">\n<p class=\"desc-tit\">Peso aproximado<span class=\"desc-sub\">\u00a0(g):\u00a0 534<\/span><\/p>\n<\/div>\n<\/div>\n","protected":false},"excerpt":{"rendered":"<p>02469 Agenda Di\u00e1ria 2025 personalizada. Agenda Di\u00e1ria 2025 com divis\u00f3rias e suporte para caneta. Possui capa de PU macia, fita de cetim como marcador de p\u00e1gina,<span class=\"excerpt-hellip\"> [\u2026]<\/span><\/p>\n","protected":false},"featured_media":3300,"comment_status":"open","ping_status":"closed","template":"","meta":[],"product_cat":[151],"product_tag":[1011,1088],"class_list":["post-5642","product","type-product","status-publish","has-post-thumbnail","hentry","product_cat-agendas-e-planners","product_tag-agenda-diaria-2025-personalizada","product_tag-agenda-diaria-personalizada"],"_links":{"self":[{"href":"https:\/\/vohnabrindes.com.br\/index.php\/wp-json\/wp\/v2\/product\/5642","targetHints":{"allow":["GET"]}}],"collection":[{"href":"https:\/\/vohnabrindes.com.br\/index.php\/wp-json\/wp\/v2\/product"}],"about":[{"href":"https:\/\/vohnabrindes.com.br\/index.php\/wp-json\/wp\/v2\/types\/product"}],"replies":[{"embeddable":true,"href":"https:\/\/vohnabrindes.com.br\/index.php\/wp-json\/wp\/v2\/comments?post=5642"}],"version-history":[{"count":1,"href":"https:\/\/vohnabrindes.com.br\/index.php\/wp-json\/wp\/v2\/product\/5642\/revisions"}],"predecessor-version":[{"id":5672,"href":"https:\/\/vohnabrindes.com.br\/index.php\/wp-json\/wp\/v2\/product\/5642\/revisions\/5672"}],"wp:featuredmedia":[{"embeddable":true,"href":"https:\/\/vohnabrindes.com.br\/index.php\/wp-json\/wp\/v2\/media\/3300"}],"wp:attachment":[{"href":"https:\/\/vohnabrindes.com.br\/index.php\/wp-json\/wp\/v2\/media?parent=5642"}],"wp:term":[{"taxonomy":"product_cat","embeddable":true,"href":"https:\/\/vohnabrindes.com.br\/index.php\/wp-json\/wp\/v2\/product_cat?post=5642"},{"taxonomy":"product_tag","embeddable":true,"href":"https:\/\/vohnabrindes.com.br\/index.php\/wp-json\/wp\/v2\/product_tag?post=5642"}],"curies":[{"name":"wp","href":"https:\/\/api.w.org\/{rel}","templated":true}]}}