{"id":5645,"date":"2025-05-30T21:40:33","date_gmt":"2025-05-31T00:40:33","guid":{"rendered":"https:\/\/vohnabrindes.com.br\/?post_type=product&#038;p=5645"},"modified":"2025-05-30T21:40:36","modified_gmt":"2025-05-31T00:40:36","slug":"mochila-para-notebook-personalizada-17","status":"publish","type":"product","link":"https:\/\/vohnabrindes.com.br\/index.php\/product\/mochila-para-notebook-personalizada-17\/","title":{"rendered":"Mochila para notebook personalizada."},"content":{"rendered":"<div class=\"ref\">92362-DOUALA.<\/div>\n<div class=\"ref\">Mochila para notebook personalizada.<\/div>\n<div class=\"texto\">Mochila para notebook em 300D 2Tone de alta densidade com nylon, conferindo-lhe um acabamento brilhante. Possui 1 compartimento principal com divis\u00f3ria para notebook at\u00e9 15,6&#8243;, 1 bolso frontal com z\u00edper e 2 bolsos laterais em tela. Parte posterior e al\u00e7as almofadadas. Cont\u00e9m uma al\u00e7a de transporte para trolley. Capacidade at\u00e9 17 L. 280 x 440 x 150 mm<\/div>\n","protected":false},"excerpt":{"rendered":"<p>92362-DOUALA. Mochila para notebook personalizada. Mochila para notebook em 300D 2Tone de alta densidade com nylon, conferindo-lhe um acabamento brilhante. Possui 1 compartimento principal com divis\u00f3ria<span class=\"excerpt-hellip\"> [\u2026]<\/span><\/p>\n","protected":false},"featured_media":3310,"comment_status":"open","ping_status":"closed","template":"","meta":[],"product_cat":[171],"product_tag":[283,181],"class_list":["post-5645","product","type-product","status-publish","has-post-thumbnail","hentry","product_cat-mochilas-e-malas","product_tag-mochila-para-notebook-personalizada","product_tag-mochila-personalizada"],"_links":{"self":[{"href":"https:\/\/vohnabrindes.com.br\/index.php\/wp-json\/wp\/v2\/product\/5645","targetHints":{"allow":["GET"]}}],"collection":[{"href":"https:\/\/vohnabrindes.com.br\/index.php\/wp-json\/wp\/v2\/product"}],"about":[{"href":"https:\/\/vohnabrindes.com.br\/index.php\/wp-json\/wp\/v2\/types\/product"}],"replies":[{"embeddable":true,"href":"https:\/\/vohnabrindes.com.br\/index.php\/wp-json\/wp\/v2\/comments?post=5645"}],"version-history":[{"count":1,"href":"https:\/\/vohnabrindes.com.br\/index.php\/wp-json\/wp\/v2\/product\/5645\/revisions"}],"predecessor-version":[{"id":5675,"href":"https:\/\/vohnabrindes.com.br\/index.php\/wp-json\/wp\/v2\/product\/5645\/revisions\/5675"}],"wp:featuredmedia":[{"embeddable":true,"href":"https:\/\/vohnabrindes.com.br\/index.php\/wp-json\/wp\/v2\/media\/3310"}],"wp:attachment":[{"href":"https:\/\/vohnabrindes.com.br\/index.php\/wp-json\/wp\/v2\/media?parent=5645"}],"wp:term":[{"taxonomy":"product_cat","embeddable":true,"href":"https:\/\/vohnabrindes.com.br\/index.php\/wp-json\/wp\/v2\/product_cat?post=5645"},{"taxonomy":"product_tag","embeddable":true,"href":"https:\/\/vohnabrindes.com.br\/index.php\/wp-json\/wp\/v2\/product_tag?post=5645"}],"curies":[{"name":"wp","href":"https:\/\/api.w.org\/{rel}","templated":true}]}}