{"id":5676,"date":"2025-05-30T21:40:36","date_gmt":"2025-05-31T00:40:36","guid":{"rendered":"https:\/\/vohnabrindes.com.br\/?post_type=product&#038;p=5676"},"modified":"2025-05-30T21:40:38","modified_gmt":"2025-05-31T00:40:38","slug":"mochila-para-notebook-personalizada-18","status":"publish","type":"product","link":"https:\/\/vohnabrindes.com.br\/index.php\/product\/mochila-para-notebook-personalizada-18\/","title":{"rendered":"Mochila para notebook personalizada."},"content":{"rendered":"<div class=\"ref\">92363-KAMPALA.<\/div>\n<div class=\"ref\">Mochila para notebook personalizada.<\/div>\n<div class=\"texto\">Mochila para notebook em 900D, poli\u00e9ster reciclado (100% rPET), de alta densidade, com revestimento resistente \u00e0 \u00e1gua e forro em 210D poli\u00e9ster reciclado (100% rPET). Possui 1 compartimento traseiro com divis\u00f3ria almofadada para notebook at\u00e9 17.3&#8243; e um bolso frontal com z\u00edper. Parte posterior com acolchoamento extra. Cont\u00e9m cintas de compress\u00e3o remov\u00edveis na parte frontal da mochila e detalhes refletores nas pegas e al\u00e7as. Capacidade at\u00e9 21 L 340 x 490 x 140 mm<\/div>\n","protected":false},"excerpt":{"rendered":"<p>92363-KAMPALA. Mochila para notebook personalizada. Mochila para notebook em 900D, poli\u00e9ster reciclado (100% rPET), de alta densidade, com revestimento resistente \u00e0 \u00e1gua e forro em 210D<span class=\"excerpt-hellip\"> [\u2026]<\/span><\/p>\n","protected":false},"featured_media":3312,"comment_status":"open","ping_status":"closed","template":"","meta":[],"product_cat":[171],"product_tag":[],"class_list":["post-5676","product","type-product","status-publish","has-post-thumbnail","hentry","product_cat-mochilas-e-malas"],"_links":{"self":[{"href":"https:\/\/vohnabrindes.com.br\/index.php\/wp-json\/wp\/v2\/product\/5676","targetHints":{"allow":["GET"]}}],"collection":[{"href":"https:\/\/vohnabrindes.com.br\/index.php\/wp-json\/wp\/v2\/product"}],"about":[{"href":"https:\/\/vohnabrindes.com.br\/index.php\/wp-json\/wp\/v2\/types\/product"}],"replies":[{"embeddable":true,"href":"https:\/\/vohnabrindes.com.br\/index.php\/wp-json\/wp\/v2\/comments?post=5676"}],"version-history":[{"count":1,"href":"https:\/\/vohnabrindes.com.br\/index.php\/wp-json\/wp\/v2\/product\/5676\/revisions"}],"predecessor-version":[{"id":5706,"href":"https:\/\/vohnabrindes.com.br\/index.php\/wp-json\/wp\/v2\/product\/5676\/revisions\/5706"}],"wp:featuredmedia":[{"embeddable":true,"href":"https:\/\/vohnabrindes.com.br\/index.php\/wp-json\/wp\/v2\/media\/3312"}],"wp:attachment":[{"href":"https:\/\/vohnabrindes.com.br\/index.php\/wp-json\/wp\/v2\/media?parent=5676"}],"wp:term":[{"taxonomy":"product_cat","embeddable":true,"href":"https:\/\/vohnabrindes.com.br\/index.php\/wp-json\/wp\/v2\/product_cat?post=5676"},{"taxonomy":"product_tag","embeddable":true,"href":"https:\/\/vohnabrindes.com.br\/index.php\/wp-json\/wp\/v2\/product_tag?post=5676"}],"curies":[{"name":"wp","href":"https:\/\/api.w.org\/{rel}","templated":true}]}}