{"id":5677,"date":"2025-05-30T21:40:36","date_gmt":"2025-05-31T00:40:36","guid":{"rendered":"https:\/\/vohnabrindes.com.br\/?post_type=product&#038;p=5677"},"modified":"2025-05-30T21:40:38","modified_gmt":"2025-05-31T00:40:38","slug":"mochila-2-em-1-com-bolsa-termica-personalizada","status":"publish","type":"product","link":"https:\/\/vohnabrindes.com.br\/index.php\/product\/mochila-2-em-1-com-bolsa-termica-personalizada\/","title":{"rendered":"Mochila 2 em 1 com bolsa t\u00e9rmica personalizada."},"content":{"rendered":"<div class=\"ref\">92315-BELFAST.<\/div>\n<div class=\"ref\">Mochila 2 em 1 com bolsa t\u00e9rmica personalizada.<\/div>\n<div><\/div>\n<div class=\"texto\">Mochila 2 em 1 com bolsa t\u00e9rmica que permite a sua utiliza\u00e7\u00e3o em conjunto ou separado. Mochila em 900D poli\u00e9ster reciclado (100% rPET) com bolso e fundo em 600D, poli\u00e9ster reciclado (100% rPET), de alta densidade com revestimento resistente \u00e0 \u00e1gua. A mochila \u00e9 totalmente almofadada e tem interior forrado em 210D poli\u00e9ster reciclado (100% rPET). Possui 2 compartimentos principais: um compartimento traseiro almofadado para notebook at\u00e9 17.3\u201d e um compartimento frontal espa\u00e7oso com divis\u00f3ria amov\u00edvel que permite arrumar a sua bolsa t\u00e9rmica no fundo (inclusa). Bolso frontal com z\u00edper e detalhe refletor. Bolso lateral ideal para transportar a sua squeeze e parte posterior com acolchoamento extra e al\u00e7a para trolley. Capacidade at\u00e9 20 L. A bolsa t\u00e9rmica almofadada em 900D rPET com isolamento em PEVA. Capacidade 4,5 L. Mochila: 300 x 460 x 160 mm | Bolsa t\u00e9rmica: 240 x 150 x 140 mm<\/div>\n","protected":false},"excerpt":{"rendered":"<p>92315-BELFAST. Mochila 2 em 1 com bolsa t\u00e9rmica personalizada. Mochila 2 em 1 com bolsa t\u00e9rmica que permite a sua utiliza\u00e7\u00e3o em conjunto ou separado. Mochila<span class=\"excerpt-hellip\"> [\u2026]<\/span><\/p>\n","protected":false},"featured_media":3314,"comment_status":"open","ping_status":"closed","template":"","meta":[],"product_cat":[145,171],"product_tag":[1109],"class_list":["post-5677","product","type-product","status-publish","has-post-thumbnail","hentry","product_cat-bolsas-termicas-e-coolers","product_cat-mochilas-e-malas","product_tag-mochila-2-em-1-com-bolsa-termica-personalizada"],"_links":{"self":[{"href":"https:\/\/vohnabrindes.com.br\/index.php\/wp-json\/wp\/v2\/product\/5677","targetHints":{"allow":["GET"]}}],"collection":[{"href":"https:\/\/vohnabrindes.com.br\/index.php\/wp-json\/wp\/v2\/product"}],"about":[{"href":"https:\/\/vohnabrindes.com.br\/index.php\/wp-json\/wp\/v2\/types\/product"}],"replies":[{"embeddable":true,"href":"https:\/\/vohnabrindes.com.br\/index.php\/wp-json\/wp\/v2\/comments?post=5677"}],"version-history":[{"count":1,"href":"https:\/\/vohnabrindes.com.br\/index.php\/wp-json\/wp\/v2\/product\/5677\/revisions"}],"predecessor-version":[{"id":5707,"href":"https:\/\/vohnabrindes.com.br\/index.php\/wp-json\/wp\/v2\/product\/5677\/revisions\/5707"}],"wp:featuredmedia":[{"embeddable":true,"href":"https:\/\/vohnabrindes.com.br\/index.php\/wp-json\/wp\/v2\/media\/3314"}],"wp:attachment":[{"href":"https:\/\/vohnabrindes.com.br\/index.php\/wp-json\/wp\/v2\/media?parent=5677"}],"wp:term":[{"taxonomy":"product_cat","embeddable":true,"href":"https:\/\/vohnabrindes.com.br\/index.php\/wp-json\/wp\/v2\/product_cat?post=5677"},{"taxonomy":"product_tag","embeddable":true,"href":"https:\/\/vohnabrindes.com.br\/index.php\/wp-json\/wp\/v2\/product_tag?post=5677"}],"curies":[{"name":"wp","href":"https:\/\/api.w.org\/{rel}","templated":true}]}}