{"id":5679,"date":"2025-05-30T21:40:36","date_gmt":"2025-05-31T00:40:36","guid":{"rendered":"https:\/\/vohnabrindes.com.br\/?post_type=product&#038;p=5679"},"modified":"2025-05-30T21:40:38","modified_gmt":"2025-05-31T00:40:38","slug":"bolsa-termica-4-litros-personalizada-2","status":"publish","type":"product","link":"https:\/\/vohnabrindes.com.br\/index.php\/product\/bolsa-termica-4-litros-personalizada-2\/","title":{"rendered":"Bolsa T\u00e9rmica 4 Litros personalizada."},"content":{"rendered":"<pre id=\"item_referencia\">01331<\/pre>\n<p class=\"produto-nome\">Bolsa T\u00e9rmica 4 Litros personalizada.<\/p>\n<p class=\"produto-nome\"><span class=\"desc-sub my-desc-sub\">bolsa t\u00e9rmica de nylon 4 litros. Possui bolso telado e acompanha plaquinha met\u00e1lica.<\/span><\/p>\n<div class=\"caracs\">\n<div class=\"desc\">\n<p class=\"desc-tit\">Altura<span class=\"desc-sub\">\u00a0:\u00a0 14 cm<\/span><\/p>\n<\/div>\n<div class=\"desc\">\n<p class=\"desc-tit\">Largura<span class=\"desc-sub\">\u00a0:\u00a0 19 cm<\/span><\/p>\n<\/div>\n<div class=\"desc\">\n<p class=\"desc-tit\">Profundidade<span class=\"desc-sub\">\u00a0:\u00a0 17,5 cm<\/span><\/p>\n<\/div>\n<div class=\"desc\">\n<p class=\"desc-tit\">Medidas aproximadas para grava\u00e7\u00e3o<span class=\"desc-sub\">\u00a0(CxL):\u00a0 1,1 cm x 5 cm<\/span><\/p>\n<\/div>\n<div class=\"desc\">\n<p class=\"desc-tit\">Peso aproximado<span class=\"desc-sub\">\u00a0(g):\u00a0 128<\/span><\/p>\n<\/div>\n<\/div>\n","protected":false},"excerpt":{"rendered":"<p>01331 Bolsa T\u00e9rmica 4 Litros personalizada. bolsa t\u00e9rmica de nylon 4 litros. Possui bolso telado e acompanha plaquinha met\u00e1lica. Altura\u00a0:\u00a0 14 cm Largura\u00a0:\u00a0 19 cm Profundidade\u00a0:\u00a0<span class=\"excerpt-hellip\"> [\u2026]<\/span><\/p>\n","protected":false},"featured_media":3322,"comment_status":"open","ping_status":"closed","template":"","meta":[],"product_cat":[145],"product_tag":[1110,358],"class_list":["post-5679","product","type-product","status-publish","has-post-thumbnail","hentry","product_cat-bolsas-termicas-e-coolers","product_tag-bolsa-termica-4-litros-personalizada","product_tag-bolsa-termica-personalizada"],"_links":{"self":[{"href":"https:\/\/vohnabrindes.com.br\/index.php\/wp-json\/wp\/v2\/product\/5679","targetHints":{"allow":["GET"]}}],"collection":[{"href":"https:\/\/vohnabrindes.com.br\/index.php\/wp-json\/wp\/v2\/product"}],"about":[{"href":"https:\/\/vohnabrindes.com.br\/index.php\/wp-json\/wp\/v2\/types\/product"}],"replies":[{"embeddable":true,"href":"https:\/\/vohnabrindes.com.br\/index.php\/wp-json\/wp\/v2\/comments?post=5679"}],"version-history":[{"count":1,"href":"https:\/\/vohnabrindes.com.br\/index.php\/wp-json\/wp\/v2\/product\/5679\/revisions"}],"predecessor-version":[{"id":5709,"href":"https:\/\/vohnabrindes.com.br\/index.php\/wp-json\/wp\/v2\/product\/5679\/revisions\/5709"}],"wp:featuredmedia":[{"embeddable":true,"href":"https:\/\/vohnabrindes.com.br\/index.php\/wp-json\/wp\/v2\/media\/3322"}],"wp:attachment":[{"href":"https:\/\/vohnabrindes.com.br\/index.php\/wp-json\/wp\/v2\/media?parent=5679"}],"wp:term":[{"taxonomy":"product_cat","embeddable":true,"href":"https:\/\/vohnabrindes.com.br\/index.php\/wp-json\/wp\/v2\/product_cat?post=5679"},{"taxonomy":"product_tag","embeddable":true,"href":"https:\/\/vohnabrindes.com.br\/index.php\/wp-json\/wp\/v2\/product_tag?post=5679"}],"curies":[{"name":"wp","href":"https:\/\/api.w.org\/{rel}","templated":true}]}}