{"id":5681,"date":"2025-05-30T21:40:36","date_gmt":"2025-05-31T00:40:36","guid":{"rendered":"https:\/\/vohnabrindes.com.br\/?post_type=product&#038;p=5681"},"modified":"2025-05-30T21:40:38","modified_gmt":"2025-05-31T00:40:38","slug":"squeeze-em-aco-inox-90-reciclado-com-pega-com-padrao-710-ml-personalizado","status":"publish","type":"product","link":"https:\/\/vohnabrindes.com.br\/index.php\/product\/squeeze-em-aco-inox-90-reciclado-com-pega-com-padrao-710-ml-personalizado\/","title":{"rendered":"Squeeze em a\u00e7o inox (90% reciclado) com pega com padr\u00e3o 710 mL personalizado."},"content":{"rendered":"<div class=\"ref\">94271-MORGAN.<\/div>\n<div><\/div>\n<div class=\"ref\">Squeeze em a\u00e7o inox (90% reciclado) com pega com padr\u00e3o 710 mL personalizado.<\/div>\n<div class=\"texto\">Squeeze em a\u00e7o inox (90% reciclado), de parede simples. Tampa em a\u00e7o inox com pega num padr\u00e3o suave, para f\u00e1cil transporte. Capacidade at\u00e9 710 mL. Fornecida em caixa presente kraft. Certifica\u00e7\u00e3o EU Food Grade. \u00f870 x 232 mm<\/div>\n","protected":false},"excerpt":{"rendered":"<p>94271-MORGAN. Squeeze em a\u00e7o inox (90% reciclado) com pega com padr\u00e3o 710 mL personalizado. Squeeze em a\u00e7o inox (90% reciclado), de parede simples. Tampa em a\u00e7o<span class=\"excerpt-hellip\"> [\u2026]<\/span><\/p>\n","protected":false},"featured_media":3326,"comment_status":"open","ping_status":"closed","template":"","meta":[],"product_cat":[129],"product_tag":[1112,437,1113,1114],"class_list":["post-5681","product","type-product","status-publish","has-post-thumbnail","hentry","product_cat-garrafas-e-squeezes","product_tag-squeeze-em-aco-inox-90-reciclado-com-pega-com-padrao-710-ml-personalizado","product_tag-squeeze-personalizada","product_tag-squeeze-promocional","product_tag-squeeze-promocionl"],"_links":{"self":[{"href":"https:\/\/vohnabrindes.com.br\/index.php\/wp-json\/wp\/v2\/product\/5681","targetHints":{"allow":["GET"]}}],"collection":[{"href":"https:\/\/vohnabrindes.com.br\/index.php\/wp-json\/wp\/v2\/product"}],"about":[{"href":"https:\/\/vohnabrindes.com.br\/index.php\/wp-json\/wp\/v2\/types\/product"}],"replies":[{"embeddable":true,"href":"https:\/\/vohnabrindes.com.br\/index.php\/wp-json\/wp\/v2\/comments?post=5681"}],"version-history":[{"count":1,"href":"https:\/\/vohnabrindes.com.br\/index.php\/wp-json\/wp\/v2\/product\/5681\/revisions"}],"predecessor-version":[{"id":5711,"href":"https:\/\/vohnabrindes.com.br\/index.php\/wp-json\/wp\/v2\/product\/5681\/revisions\/5711"}],"wp:featuredmedia":[{"embeddable":true,"href":"https:\/\/vohnabrindes.com.br\/index.php\/wp-json\/wp\/v2\/media\/3326"}],"wp:attachment":[{"href":"https:\/\/vohnabrindes.com.br\/index.php\/wp-json\/wp\/v2\/media?parent=5681"}],"wp:term":[{"taxonomy":"product_cat","embeddable":true,"href":"https:\/\/vohnabrindes.com.br\/index.php\/wp-json\/wp\/v2\/product_cat?post=5681"},{"taxonomy":"product_tag","embeddable":true,"href":"https:\/\/vohnabrindes.com.br\/index.php\/wp-json\/wp\/v2\/product_tag?post=5681"}],"curies":[{"name":"wp","href":"https:\/\/api.w.org\/{rel}","templated":true}]}}