{"id":5690,"date":"2025-05-30T21:40:37","date_gmt":"2025-05-31T00:40:37","guid":{"rendered":"https:\/\/vohnabrindes.com.br\/?post_type=product&#038;p=5690"},"modified":"2025-05-30T21:40:39","modified_gmt":"2025-05-31T00:40:39","slug":"squeeze-metal-personalizado","status":"publish","type":"product","link":"https:\/\/vohnabrindes.com.br\/index.php\/product\/squeeze-metal-personalizado\/","title":{"rendered":"Squeeze metal personalizado."},"content":{"rendered":"<div class=\"ref\">94336-BROMELL 550.<\/div>\n<div class=\"ref\">Garrafa em a\u00e7o inox (90% reciclado) com tampa em bambu 550 mL<\/div>\n<div class=\"texto\">Garrafa em a\u00e7o inox (90% reciclado) de parede dupla t\u00e9rmica, isolada a v\u00e1cuo. Com tampa e base em bambu. Capacidade at\u00e9 550 mL. Fornecido em caixa presente kraft. Certifica\u00e7\u00e3o EU Food Grade. A cor e o resultado da impress\u00e3o nos materiais naturais pode variar entre produtos. \u00f871 x 272 mm<\/div>\n","protected":false},"excerpt":{"rendered":"<p>94336-BROMELL 550. Garrafa em a\u00e7o inox (90% reciclado) com tampa em bambu 550 mL Garrafa em a\u00e7o inox (90% reciclado) de parede dupla t\u00e9rmica, isolada a<span class=\"excerpt-hellip\"> [\u2026]<\/span><\/p>\n","protected":false},"featured_media":3356,"comment_status":"open","ping_status":"closed","template":"","meta":[],"product_cat":[129],"product_tag":[133,458],"class_list":["post-5690","product","type-product","status-publish","has-post-thumbnail","hentry","product_cat-garrafas-e-squeezes","product_tag-garrafa-personalizada","product_tag-squeeze-metal-personalizado"],"_links":{"self":[{"href":"https:\/\/vohnabrindes.com.br\/index.php\/wp-json\/wp\/v2\/product\/5690","targetHints":{"allow":["GET"]}}],"collection":[{"href":"https:\/\/vohnabrindes.com.br\/index.php\/wp-json\/wp\/v2\/product"}],"about":[{"href":"https:\/\/vohnabrindes.com.br\/index.php\/wp-json\/wp\/v2\/types\/product"}],"replies":[{"embeddable":true,"href":"https:\/\/vohnabrindes.com.br\/index.php\/wp-json\/wp\/v2\/comments?post=5690"}],"version-history":[{"count":1,"href":"https:\/\/vohnabrindes.com.br\/index.php\/wp-json\/wp\/v2\/product\/5690\/revisions"}],"predecessor-version":[{"id":5720,"href":"https:\/\/vohnabrindes.com.br\/index.php\/wp-json\/wp\/v2\/product\/5690\/revisions\/5720"}],"wp:featuredmedia":[{"embeddable":true,"href":"https:\/\/vohnabrindes.com.br\/index.php\/wp-json\/wp\/v2\/media\/3356"}],"wp:attachment":[{"href":"https:\/\/vohnabrindes.com.br\/index.php\/wp-json\/wp\/v2\/media?parent=5690"}],"wp:term":[{"taxonomy":"product_cat","embeddable":true,"href":"https:\/\/vohnabrindes.com.br\/index.php\/wp-json\/wp\/v2\/product_cat?post=5690"},{"taxonomy":"product_tag","embeddable":true,"href":"https:\/\/vohnabrindes.com.br\/index.php\/wp-json\/wp\/v2\/product_tag?post=5690"}],"curies":[{"name":"wp","href":"https:\/\/api.w.org\/{rel}","templated":true}]}}