{"id":5692,"date":"2025-05-30T21:40:37","date_gmt":"2025-05-31T00:40:37","guid":{"rendered":"https:\/\/vohnabrindes.com.br\/?post_type=product&#038;p=5692"},"modified":"2025-05-30T21:40:39","modified_gmt":"2025-05-31T00:40:39","slug":"garrafa-em-aco-inox-com-acabamento-mate-metalico-510-ml-personalizada","status":"publish","type":"product","link":"https:\/\/vohnabrindes.com.br\/index.php\/product\/garrafa-em-aco-inox-com-acabamento-mate-metalico-510-ml-personalizada\/","title":{"rendered":"Garrafa em a\u00e7o inox com acabamento mate met\u00e1lico 510 mL personalizada."},"content":{"rendered":"<div class=\"ref\">94335-SHOW METALLIC.<\/div>\n<div class=\"ref\">Garrafa em a\u00e7o inox com acabamento mate met\u00e1lico 510 mL personalizada.<\/div>\n<div class=\"texto\">Garrafa em a\u00e7o inox de parede dupla t\u00e9rmica, isolada a v\u00e1cuo. Garrafa com acabamento metalizado e tampa em a\u00e7o inox. Todas as componentes da garrafa &#8211; tampa, corpo e base &#8211; na mesma cor. Capacidade at\u00e9 510 mL. Fornecido em caixa presente de papel kraft. Certifica\u00e7\u00e3o EU Food Grade. \u00f870 x 255 mm<\/div>\n","protected":false},"excerpt":{"rendered":"<p>94335-SHOW METALLIC. Garrafa em a\u00e7o inox com acabamento mate met\u00e1lico 510 mL personalizada. Garrafa em a\u00e7o inox de parede dupla t\u00e9rmica, isolada a v\u00e1cuo. Garrafa com<span class=\"excerpt-hellip\"> [\u2026]<\/span><\/p>\n","protected":false},"featured_media":3360,"comment_status":"open","ping_status":"closed","template":"","meta":[],"product_cat":[132],"product_tag":[1123,416],"class_list":["post-5692","product","type-product","status-publish","has-post-thumbnail","hentry","product_cat-garrafas-termicas-e-kits","product_tag-garrafa-em-aco-inox-com-acabamento-mate-metalico-510-ml-personalizada","product_tag-garrafa-termica-personalizada"],"_links":{"self":[{"href":"https:\/\/vohnabrindes.com.br\/index.php\/wp-json\/wp\/v2\/product\/5692","targetHints":{"allow":["GET"]}}],"collection":[{"href":"https:\/\/vohnabrindes.com.br\/index.php\/wp-json\/wp\/v2\/product"}],"about":[{"href":"https:\/\/vohnabrindes.com.br\/index.php\/wp-json\/wp\/v2\/types\/product"}],"replies":[{"embeddable":true,"href":"https:\/\/vohnabrindes.com.br\/index.php\/wp-json\/wp\/v2\/comments?post=5692"}],"version-history":[{"count":1,"href":"https:\/\/vohnabrindes.com.br\/index.php\/wp-json\/wp\/v2\/product\/5692\/revisions"}],"predecessor-version":[{"id":5722,"href":"https:\/\/vohnabrindes.com.br\/index.php\/wp-json\/wp\/v2\/product\/5692\/revisions\/5722"}],"wp:featuredmedia":[{"embeddable":true,"href":"https:\/\/vohnabrindes.com.br\/index.php\/wp-json\/wp\/v2\/media\/3360"}],"wp:attachment":[{"href":"https:\/\/vohnabrindes.com.br\/index.php\/wp-json\/wp\/v2\/media?parent=5692"}],"wp:term":[{"taxonomy":"product_cat","embeddable":true,"href":"https:\/\/vohnabrindes.com.br\/index.php\/wp-json\/wp\/v2\/product_cat?post=5692"},{"taxonomy":"product_tag","embeddable":true,"href":"https:\/\/vohnabrindes.com.br\/index.php\/wp-json\/wp\/v2\/product_tag?post=5692"}],"curies":[{"name":"wp","href":"https:\/\/api.w.org\/{rel}","templated":true}]}}