{"id":5694,"date":"2025-05-30T21:40:37","date_gmt":"2025-05-31T00:40:37","guid":{"rendered":"https:\/\/vohnabrindes.com.br\/?post_type=product&#038;p=5694"},"modified":"2025-05-30T21:40:39","modified_gmt":"2025-05-31T00:40:39","slug":"fones-de-ouvido-wireless-dobraveis-em-abs-100-reciclado-com-anc","status":"publish","type":"product","link":"https:\/\/vohnabrindes.com.br\/index.php\/product\/fones-de-ouvido-wireless-dobraveis-em-abs-100-reciclado-com-anc\/","title":{"rendered":"Fones de ouvido wireless dobr\u00e1veis em ABS 100% reciclado com ANC"},"content":{"rendered":"<div class=\"ref\">97138-BETTENCOURT.<\/div>\n<div class=\"ref\">Fones de ouvido wireless dobr\u00e1veis em ABS 100% reciclado com ANC<\/div>\n<div class=\"texto\">Fones de ouvido wireless dobr\u00e1veis em ABS 100% reciclado com ANC &#8211; cancelamento de ru\u00eddo ativo &#8211; permite que se concentre nas principais tarefas do seu dia ou que relaxe a ouvir as suas m\u00fasicas favoritas sem interrup\u00e7\u00f5es. Possui transmiss\u00e3o BT 5.3 e uma bateria de 400 mAh, aproximadamente 15h de autonomia. Quando ligados ao seu dispositivo m\u00f3vel ou computador podem ser controlados atrav\u00e9s de bot\u00f5es nos fones de ouvido. Se necess\u00e1rio tamb\u00e9m podem ser utilizados atrav\u00e9s de um cabo jack com 3.5 mm. Incluso um cabo de carregamento USB-C. Fornecido em caixa de papel kraft com bolsa. Aba: 300 x 200 mm | Caixa: 170 x 135 x 90 mm<\/div>\n","protected":false},"excerpt":{"rendered":"<p>97138-BETTENCOURT. Fones de ouvido wireless dobr\u00e1veis em ABS 100% reciclado com ANC Fones de ouvido wireless dobr\u00e1veis em ABS 100% reciclado com ANC &#8211; cancelamento de<span class=\"excerpt-hellip\"> [\u2026]<\/span><\/p>\n","protected":false},"featured_media":3368,"comment_status":"open","ping_status":"closed","template":"","meta":[],"product_cat":[1015],"product_tag":[1126,1127,271,1128],"class_list":["post-5694","product","type-product","status-publish","has-post-thumbnail","hentry","product_cat-fones-de-ouvido","product_tag-fone-luxo","product_tag-fone-luxo-personalizado","product_tag-fone-personalizado","product_tag-fones-de-ouvido-wireless-dobraveis-em-abs-100-reciclado-com-anc"],"_links":{"self":[{"href":"https:\/\/vohnabrindes.com.br\/index.php\/wp-json\/wp\/v2\/product\/5694","targetHints":{"allow":["GET"]}}],"collection":[{"href":"https:\/\/vohnabrindes.com.br\/index.php\/wp-json\/wp\/v2\/product"}],"about":[{"href":"https:\/\/vohnabrindes.com.br\/index.php\/wp-json\/wp\/v2\/types\/product"}],"replies":[{"embeddable":true,"href":"https:\/\/vohnabrindes.com.br\/index.php\/wp-json\/wp\/v2\/comments?post=5694"}],"version-history":[{"count":1,"href":"https:\/\/vohnabrindes.com.br\/index.php\/wp-json\/wp\/v2\/product\/5694\/revisions"}],"predecessor-version":[{"id":5724,"href":"https:\/\/vohnabrindes.com.br\/index.php\/wp-json\/wp\/v2\/product\/5694\/revisions\/5724"}],"wp:featuredmedia":[{"embeddable":true,"href":"https:\/\/vohnabrindes.com.br\/index.php\/wp-json\/wp\/v2\/media\/3368"}],"wp:attachment":[{"href":"https:\/\/vohnabrindes.com.br\/index.php\/wp-json\/wp\/v2\/media?parent=5694"}],"wp:term":[{"taxonomy":"product_cat","embeddable":true,"href":"https:\/\/vohnabrindes.com.br\/index.php\/wp-json\/wp\/v2\/product_cat?post=5694"},{"taxonomy":"product_tag","embeddable":true,"href":"https:\/\/vohnabrindes.com.br\/index.php\/wp-json\/wp\/v2\/product_tag?post=5694"}],"curies":[{"name":"wp","href":"https:\/\/api.w.org\/{rel}","templated":true}]}}