{"id":5697,"date":"2025-05-30T21:40:37","date_gmt":"2025-05-31T00:40:37","guid":{"rendered":"https:\/\/vohnabrindes.com.br\/?post_type=product&#038;p=5697"},"modified":"2025-05-30T21:40:39","modified_gmt":"2025-05-31T00:40:39","slug":"copo-termico-de-viagem-em-aco-inox-540-ml","status":"publish","type":"product","link":"https:\/\/vohnabrindes.com.br\/index.php\/product\/copo-termico-de-viagem-em-aco-inox-540-ml\/","title":{"rendered":"Copo t\u00e9rmico de viagem em a\u00e7o inox 540 mL"},"content":{"rendered":"<div class=\"ref\">94267-HALPERT.<\/div>\n<div class=\"ref\">Copo t\u00e9rmico de viagem em a\u00e7o inox 540 mL<\/div>\n<div class=\"texto\">Copo de viagem em a\u00e7o inox t\u00e9rmico, com parede dupla isolada a v\u00e1cuo. Capacidade at\u00e9 540 mL. Ideal para preservar as suas bebidas frias ou quentes. Fornecido em caixa presente de papel kraft. Certifica\u00e7\u00e3o EU Food Grade.\u00a0\u00f885 x 154 mm<\/div>\n","protected":false},"excerpt":{"rendered":"<p>94267-HALPERT. Copo t\u00e9rmico de viagem em a\u00e7o inox 540 mL Copo de viagem em a\u00e7o inox t\u00e9rmico, com parede dupla isolada a v\u00e1cuo. Capacidade at\u00e9 540<span class=\"excerpt-hellip\"> [\u2026]<\/span><\/p>\n","protected":false},"featured_media":3374,"comment_status":"open","ping_status":"closed","template":"","meta":[],"product_cat":[135],"product_tag":[137,1133,139],"class_list":["post-5697","product","type-product","status-publish","has-post-thumbnail","hentry","product_cat-canecas-e-copos","product_tag-copo-termico","product_tag-copo-termico-de-viagem-em-aco-inox-540-ml","product_tag-copo-termico-personalizado"],"_links":{"self":[{"href":"https:\/\/vohnabrindes.com.br\/index.php\/wp-json\/wp\/v2\/product\/5697","targetHints":{"allow":["GET"]}}],"collection":[{"href":"https:\/\/vohnabrindes.com.br\/index.php\/wp-json\/wp\/v2\/product"}],"about":[{"href":"https:\/\/vohnabrindes.com.br\/index.php\/wp-json\/wp\/v2\/types\/product"}],"replies":[{"embeddable":true,"href":"https:\/\/vohnabrindes.com.br\/index.php\/wp-json\/wp\/v2\/comments?post=5697"}],"version-history":[{"count":1,"href":"https:\/\/vohnabrindes.com.br\/index.php\/wp-json\/wp\/v2\/product\/5697\/revisions"}],"predecessor-version":[{"id":5727,"href":"https:\/\/vohnabrindes.com.br\/index.php\/wp-json\/wp\/v2\/product\/5697\/revisions\/5727"}],"wp:featuredmedia":[{"embeddable":true,"href":"https:\/\/vohnabrindes.com.br\/index.php\/wp-json\/wp\/v2\/media\/3374"}],"wp:attachment":[{"href":"https:\/\/vohnabrindes.com.br\/index.php\/wp-json\/wp\/v2\/media?parent=5697"}],"wp:term":[{"taxonomy":"product_cat","embeddable":true,"href":"https:\/\/vohnabrindes.com.br\/index.php\/wp-json\/wp\/v2\/product_cat?post=5697"},{"taxonomy":"product_tag","embeddable":true,"href":"https:\/\/vohnabrindes.com.br\/index.php\/wp-json\/wp\/v2\/product_tag?post=5697"}],"curies":[{"name":"wp","href":"https:\/\/api.w.org\/{rel}","templated":true}]}}