{"id":5698,"date":"2025-05-30T21:40:37","date_gmt":"2025-05-31T00:40:37","guid":{"rendered":"https:\/\/vohnabrindes.com.br\/?post_type=product&#038;p=5698"},"modified":"2025-05-30T21:40:39","modified_gmt":"2025-05-31T00:40:39","slug":"caneta-sem-tinta-em-aluminio-100-reciclado-personalizada","status":"publish","type":"product","link":"https:\/\/vohnabrindes.com.br\/index.php\/product\/caneta-sem-tinta-em-aluminio-100-reciclado-personalizada\/","title":{"rendered":"Caneta sem tinta em alum\u00ednio 100% reciclado\u00a0 personalizada."},"content":{"rendered":"<div class=\"ref\">91696-LIMITLESS.<\/div>\n<div><\/div>\n<div class=\"ref\">Caneta sem tinta em alum\u00ednio 100% reciclado\u00a0 personalizada.<\/div>\n<div class=\"texto\">Caneta sem tinta em alum\u00ednio 100% reciclado, com tampa protetora em PE reciclado. Apta para um uso prolongado sem a necessidade de apontar. Na parte superior cont\u00e9m uma borracha que apaga com facilidade o que est\u00e1 escrito. \u00f88 x 150 mm<\/div>\n","protected":false},"excerpt":{"rendered":"<p>91696-LIMITLESS. Caneta sem tinta em alum\u00ednio 100% reciclado\u00a0 personalizada. Caneta sem tinta em alum\u00ednio 100% reciclado, com tampa protetora em PE reciclado. Apta para um uso<span class=\"excerpt-hellip\"> [\u2026]<\/span><\/p>\n","protected":false},"featured_media":3380,"comment_status":"open","ping_status":"closed","template":"","meta":[],"product_cat":[530,383],"product_tag":[1134],"class_list":["post-5698","product","type-product","status-publish","has-post-thumbnail","hentry","product_cat-canetas-de-metal","product_cat-canetas-eco","product_tag-caneta-sem-tinta-em-aluminio-100-reciclado-personalizada"],"_links":{"self":[{"href":"https:\/\/vohnabrindes.com.br\/index.php\/wp-json\/wp\/v2\/product\/5698","targetHints":{"allow":["GET"]}}],"collection":[{"href":"https:\/\/vohnabrindes.com.br\/index.php\/wp-json\/wp\/v2\/product"}],"about":[{"href":"https:\/\/vohnabrindes.com.br\/index.php\/wp-json\/wp\/v2\/types\/product"}],"replies":[{"embeddable":true,"href":"https:\/\/vohnabrindes.com.br\/index.php\/wp-json\/wp\/v2\/comments?post=5698"}],"version-history":[{"count":1,"href":"https:\/\/vohnabrindes.com.br\/index.php\/wp-json\/wp\/v2\/product\/5698\/revisions"}],"predecessor-version":[{"id":5728,"href":"https:\/\/vohnabrindes.com.br\/index.php\/wp-json\/wp\/v2\/product\/5698\/revisions\/5728"}],"wp:featuredmedia":[{"embeddable":true,"href":"https:\/\/vohnabrindes.com.br\/index.php\/wp-json\/wp\/v2\/media\/3380"}],"wp:attachment":[{"href":"https:\/\/vohnabrindes.com.br\/index.php\/wp-json\/wp\/v2\/media?parent=5698"}],"wp:term":[{"taxonomy":"product_cat","embeddable":true,"href":"https:\/\/vohnabrindes.com.br\/index.php\/wp-json\/wp\/v2\/product_cat?post=5698"},{"taxonomy":"product_tag","embeddable":true,"href":"https:\/\/vohnabrindes.com.br\/index.php\/wp-json\/wp\/v2\/product_tag?post=5698"}],"curies":[{"name":"wp","href":"https:\/\/api.w.org\/{rel}","templated":true}]}}