{"id":5699,"date":"2025-05-30T21:40:37","date_gmt":"2025-05-31T00:40:37","guid":{"rendered":"https:\/\/vohnabrindes.com.br\/?post_type=product&#038;p=5699"},"modified":"2025-05-30T21:40:40","modified_gmt":"2025-05-31T00:40:40","slug":"conjunto-de-canetas-roller-e-esferografica-personalizada","status":"publish","type":"product","link":"https:\/\/vohnabrindes.com.br\/index.php\/product\/conjunto-de-canetas-roller-e-esferografica-personalizada\/","title":{"rendered":"Conjunto de Canetas roller e esferogr\u00e1fica personalizada."},"content":{"rendered":"<div class=\"ref\">51781-ELLA.<\/div>\n<div class=\"ref\">Conjunto de canetas\u00a0 roller e esferogr\u00e1fica personalizada.<\/div>\n<div class=\"texto\">Conjunto de roller e esferogr\u00e1fica com corpo em a\u00e7o inox 53% reciclado e clipe. Esferogr\u00e1fica com mecanismo twist e escrita at\u00e9 5 km. O conjunto tem escrita a preto. Fornecido em caixa oferta de papel kraft proveniente de uma gest\u00e3o florestal sustent\u00e1vel. Roller: \u00f811 x 130 mm | Esferogr\u00e1fica: \u00f811 x 131 mm | Caixa: 150 x 45 x 20 mm<\/div>\n","protected":false},"excerpt":{"rendered":"<p>51781-ELLA. Conjunto de canetas\u00a0 roller e esferogr\u00e1fica personalizada. Conjunto de roller e esferogr\u00e1fica com corpo em a\u00e7o inox 53% reciclado e clipe. Esferogr\u00e1fica com mecanismo twist<span class=\"excerpt-hellip\"> [\u2026]<\/span><\/p>\n","protected":false},"featured_media":3382,"comment_status":"open","ping_status":"closed","template":"","meta":[],"product_cat":[530,928],"product_tag":[1135,1136],"class_list":["post-5699","product","type-product","status-publish","has-post-thumbnail","hentry","product_cat-canetas-de-metal","product_cat-conjunto-caneta-com-lapiseira","product_tag-conjunto-de-canetas-roller-e-esferografica-personalizada","product_tag-conjunto-de-roller-e-esferografica-personalizada"],"_links":{"self":[{"href":"https:\/\/vohnabrindes.com.br\/index.php\/wp-json\/wp\/v2\/product\/5699","targetHints":{"allow":["GET"]}}],"collection":[{"href":"https:\/\/vohnabrindes.com.br\/index.php\/wp-json\/wp\/v2\/product"}],"about":[{"href":"https:\/\/vohnabrindes.com.br\/index.php\/wp-json\/wp\/v2\/types\/product"}],"replies":[{"embeddable":true,"href":"https:\/\/vohnabrindes.com.br\/index.php\/wp-json\/wp\/v2\/comments?post=5699"}],"version-history":[{"count":1,"href":"https:\/\/vohnabrindes.com.br\/index.php\/wp-json\/wp\/v2\/product\/5699\/revisions"}],"predecessor-version":[{"id":5729,"href":"https:\/\/vohnabrindes.com.br\/index.php\/wp-json\/wp\/v2\/product\/5699\/revisions\/5729"}],"wp:featuredmedia":[{"embeddable":true,"href":"https:\/\/vohnabrindes.com.br\/index.php\/wp-json\/wp\/v2\/media\/3382"}],"wp:attachment":[{"href":"https:\/\/vohnabrindes.com.br\/index.php\/wp-json\/wp\/v2\/media?parent=5699"}],"wp:term":[{"taxonomy":"product_cat","embeddable":true,"href":"https:\/\/vohnabrindes.com.br\/index.php\/wp-json\/wp\/v2\/product_cat?post=5699"},{"taxonomy":"product_tag","embeddable":true,"href":"https:\/\/vohnabrindes.com.br\/index.php\/wp-json\/wp\/v2\/product_tag?post=5699"}],"curies":[{"name":"wp","href":"https:\/\/api.w.org\/{rel}","templated":true}]}}