{"id":5701,"date":"2025-05-30T21:40:37","date_gmt":"2025-05-31T00:40:37","guid":{"rendered":"https:\/\/vohnabrindes.com.br\/?post_type=product&#038;p=5701"},"modified":"2025-05-30T21:40:40","modified_gmt":"2025-05-31T00:40:40","slug":"caneta-metal-amiga-do-meio-ambiente-personalizada","status":"publish","type":"product","link":"https:\/\/vohnabrindes.com.br\/index.php\/product\/caneta-metal-amiga-do-meio-ambiente-personalizada\/","title":{"rendered":"Caneta metal amiga do meio ambiente personalizada."},"content":{"rendered":"<div class=\"ref\">91779-ALEXA.<\/div>\n<div class=\"ref\">Caneta Esferogr\u00e1fica em 53% de a\u00e7o inox reciclado com clip e mecanismo twist<\/div>\n<div class=\"texto\">Esferogr\u00e1fica com corpo em a\u00e7o inox 53% reciclado e clipe.<\/div>\n<div class=\"texto\">A esferogr\u00e1fica tem escrita em azul e mecanismo twist.<\/div>\n<div class=\"texto\">Fornecida numa embalagem para presente em corti\u00e7a.<\/div>\n<div class=\"texto\">Esferogr\u00e1fica: \u00f811 x 133 mm | Bolsa: 155 x 40 mm<\/div>\n","protected":false},"excerpt":{"rendered":"<p>91779-ALEXA. Caneta Esferogr\u00e1fica em 53% de a\u00e7o inox reciclado com clip e mecanismo twist Esferogr\u00e1fica com corpo em a\u00e7o inox 53% reciclado e clipe. A esferogr\u00e1fica<span class=\"excerpt-hellip\"> [\u2026]<\/span><\/p>\n","protected":false},"featured_media":3386,"comment_status":"open","ping_status":"closed","template":"","meta":[],"product_cat":[530,383],"product_tag":[1139,532],"class_list":["post-5701","product","type-product","status-publish","has-post-thumbnail","hentry","product_cat-canetas-de-metal","product_cat-canetas-eco","product_tag-caneta-metal-amiga-do-meio-ambiente-personalizada","product_tag-caneta-metal-personalizada"],"_links":{"self":[{"href":"https:\/\/vohnabrindes.com.br\/index.php\/wp-json\/wp\/v2\/product\/5701","targetHints":{"allow":["GET"]}}],"collection":[{"href":"https:\/\/vohnabrindes.com.br\/index.php\/wp-json\/wp\/v2\/product"}],"about":[{"href":"https:\/\/vohnabrindes.com.br\/index.php\/wp-json\/wp\/v2\/types\/product"}],"replies":[{"embeddable":true,"href":"https:\/\/vohnabrindes.com.br\/index.php\/wp-json\/wp\/v2\/comments?post=5701"}],"version-history":[{"count":1,"href":"https:\/\/vohnabrindes.com.br\/index.php\/wp-json\/wp\/v2\/product\/5701\/revisions"}],"predecessor-version":[{"id":5731,"href":"https:\/\/vohnabrindes.com.br\/index.php\/wp-json\/wp\/v2\/product\/5701\/revisions\/5731"}],"wp:featuredmedia":[{"embeddable":true,"href":"https:\/\/vohnabrindes.com.br\/index.php\/wp-json\/wp\/v2\/media\/3386"}],"wp:attachment":[{"href":"https:\/\/vohnabrindes.com.br\/index.php\/wp-json\/wp\/v2\/media?parent=5701"}],"wp:term":[{"taxonomy":"product_cat","embeddable":true,"href":"https:\/\/vohnabrindes.com.br\/index.php\/wp-json\/wp\/v2\/product_cat?post=5701"},{"taxonomy":"product_tag","embeddable":true,"href":"https:\/\/vohnabrindes.com.br\/index.php\/wp-json\/wp\/v2\/product_tag?post=5701"}],"curies":[{"name":"wp","href":"https:\/\/api.w.org\/{rel}","templated":true}]}}