{"id":5702,"date":"2025-05-30T21:40:38","date_gmt":"2025-05-31T00:40:38","guid":{"rendered":"https:\/\/vohnabrindes.com.br\/?post_type=product&#038;p=5702"},"modified":"2025-05-30T21:40:40","modified_gmt":"2025-05-31T00:40:40","slug":"caneta-metal-amiga-do-meio-ambiente-personalizada-2","status":"publish","type":"product","link":"https:\/\/vohnabrindes.com.br\/index.php\/product\/caneta-metal-amiga-do-meio-ambiente-personalizada-2\/","title":{"rendered":"Caneta metal amiga do meio ambiente personalizada."},"content":{"rendered":"<div class=\"ref\">91780-ALEXA BK.<\/div>\n<div><\/div>\n<div class=\"ref\">Caneta Esferogr\u00e1fica com corpo em a\u00e7o inox 53% reciclado com clipe e mecanismo twist<\/div>\n<div class=\"texto\">Esferogr\u00e1fica com corpo em a\u00e7o inox 53% reciclado e clipe.<\/div>\n<div class=\"texto\">A esferogr\u00e1fica tem escrita em preto e mecanismo twist.<\/div>\n<div class=\"texto\">Fornecida numa embalagem presente em corti\u00e7a.<\/div>\n<div class=\"texto\">Esferogr\u00e1fica: \u00f811 x 137 mm| Bolsa: 155 x 40 mm<\/div>\n","protected":false},"excerpt":{"rendered":"<p>91780-ALEXA BK. Caneta Esferogr\u00e1fica com corpo em a\u00e7o inox 53% reciclado com clipe e mecanismo twist Esferogr\u00e1fica com corpo em a\u00e7o inox 53% reciclado e clipe.<span class=\"excerpt-hellip\"> [\u2026]<\/span><\/p>\n","protected":false},"featured_media":3392,"comment_status":"open","ping_status":"closed","template":"","meta":[],"product_cat":[530,383],"product_tag":[1139,532],"class_list":["post-5702","product","type-product","status-publish","has-post-thumbnail","hentry","product_cat-canetas-de-metal","product_cat-canetas-eco","product_tag-caneta-metal-amiga-do-meio-ambiente-personalizada","product_tag-caneta-metal-personalizada"],"_links":{"self":[{"href":"https:\/\/vohnabrindes.com.br\/index.php\/wp-json\/wp\/v2\/product\/5702","targetHints":{"allow":["GET"]}}],"collection":[{"href":"https:\/\/vohnabrindes.com.br\/index.php\/wp-json\/wp\/v2\/product"}],"about":[{"href":"https:\/\/vohnabrindes.com.br\/index.php\/wp-json\/wp\/v2\/types\/product"}],"replies":[{"embeddable":true,"href":"https:\/\/vohnabrindes.com.br\/index.php\/wp-json\/wp\/v2\/comments?post=5702"}],"version-history":[{"count":1,"href":"https:\/\/vohnabrindes.com.br\/index.php\/wp-json\/wp\/v2\/product\/5702\/revisions"}],"predecessor-version":[{"id":5732,"href":"https:\/\/vohnabrindes.com.br\/index.php\/wp-json\/wp\/v2\/product\/5702\/revisions\/5732"}],"wp:featuredmedia":[{"embeddable":true,"href":"https:\/\/vohnabrindes.com.br\/index.php\/wp-json\/wp\/v2\/media\/3392"}],"wp:attachment":[{"href":"https:\/\/vohnabrindes.com.br\/index.php\/wp-json\/wp\/v2\/media?parent=5702"}],"wp:term":[{"taxonomy":"product_cat","embeddable":true,"href":"https:\/\/vohnabrindes.com.br\/index.php\/wp-json\/wp\/v2\/product_cat?post=5702"},{"taxonomy":"product_tag","embeddable":true,"href":"https:\/\/vohnabrindes.com.br\/index.php\/wp-json\/wp\/v2\/product_tag?post=5702"}],"curies":[{"name":"wp","href":"https:\/\/api.w.org\/{rel}","templated":true}]}}