{"id":5703,"date":"2025-05-30T21:40:38","date_gmt":"2025-05-31T00:40:38","guid":{"rendered":"https:\/\/vohnabrindes.com.br\/?post_type=product&#038;p=5703"},"modified":"2025-05-30T21:40:40","modified_gmt":"2025-05-31T00:40:40","slug":"caneta-roller-amiga-do-meio-ambiente-personalizada","status":"publish","type":"product","link":"https:\/\/vohnabrindes.com.br\/index.php\/product\/caneta-roller-amiga-do-meio-ambiente-personalizada\/","title":{"rendered":"Caneta roller amiga do meio ambiente personalizada."},"content":{"rendered":"<div class=\"ref\">91783-ANDREW.<\/div>\n<div class=\"ref\">Caneta Roller com corpo em a\u00e7o inox 90% reciclado e corti\u00e7a com clipe<\/div>\n<div class=\"texto\">Roller com corpo em a\u00e7o inox 90% reciclado e corti\u00e7a com clipe.<\/div>\n<div class=\"texto\">Escrita em azul. Fornecida numa embalagem de oferta em corti\u00e7a.<\/div>\n<div class=\"texto\">A cor e o resultado da impress\u00e3o nos materiais naturais pode variar entre produtos.<\/div>\n<div class=\"texto\">Roller: \u00f811 x 137 mm | Caixa: 155 x 40 mm<\/div>\n","protected":false},"excerpt":{"rendered":"<p>91783-ANDREW. Caneta Roller com corpo em a\u00e7o inox 90% reciclado e corti\u00e7a com clipe Roller com corpo em a\u00e7o inox 90% reciclado e corti\u00e7a com clipe.<span class=\"excerpt-hellip\"> [\u2026]<\/span><\/p>\n","protected":false},"featured_media":3394,"comment_status":"open","ping_status":"closed","template":"","meta":[],"product_cat":[636,383],"product_tag":[1140,532,1141,1142],"class_list":["post-5703","product","type-product","status-publish","has-post-thumbnail","hentry","product_cat-caneta-marca-texto","product_cat-canetas-eco","product_tag-caneta-luxo","product_tag-caneta-metal-personalizada","product_tag-caneta-roller-amiga-do-meio-ambiente-personalizada","product_tag-caneta-roller-metal"],"_links":{"self":[{"href":"https:\/\/vohnabrindes.com.br\/index.php\/wp-json\/wp\/v2\/product\/5703","targetHints":{"allow":["GET"]}}],"collection":[{"href":"https:\/\/vohnabrindes.com.br\/index.php\/wp-json\/wp\/v2\/product"}],"about":[{"href":"https:\/\/vohnabrindes.com.br\/index.php\/wp-json\/wp\/v2\/types\/product"}],"replies":[{"embeddable":true,"href":"https:\/\/vohnabrindes.com.br\/index.php\/wp-json\/wp\/v2\/comments?post=5703"}],"version-history":[{"count":1,"href":"https:\/\/vohnabrindes.com.br\/index.php\/wp-json\/wp\/v2\/product\/5703\/revisions"}],"predecessor-version":[{"id":5733,"href":"https:\/\/vohnabrindes.com.br\/index.php\/wp-json\/wp\/v2\/product\/5703\/revisions\/5733"}],"wp:featuredmedia":[{"embeddable":true,"href":"https:\/\/vohnabrindes.com.br\/index.php\/wp-json\/wp\/v2\/media\/3394"}],"wp:attachment":[{"href":"https:\/\/vohnabrindes.com.br\/index.php\/wp-json\/wp\/v2\/media?parent=5703"}],"wp:term":[{"taxonomy":"product_cat","embeddable":true,"href":"https:\/\/vohnabrindes.com.br\/index.php\/wp-json\/wp\/v2\/product_cat?post=5703"},{"taxonomy":"product_tag","embeddable":true,"href":"https:\/\/vohnabrindes.com.br\/index.php\/wp-json\/wp\/v2\/product_tag?post=5703"}],"curies":[{"name":"wp","href":"https:\/\/api.w.org\/{rel}","templated":true}]}}